{"id":7928,"date":"2016-05-26T14:27:17","date_gmt":"2016-05-26T13:27:17","guid":{"rendered":"http:\/\/aaq.ch\/it\/laaq\/strategie\/"},"modified":"2026-02-05T11:59:17","modified_gmt":"2026-02-05T10:59:17","slug":"strategia","status":"publish","type":"page","link":"https:\/\/aaq.ch\/it\/laaq\/strategia\/","title":{"rendered":"Strategia"},"content":{"rendered":"<div class=\"wpb-content-wrapper\">[vc_row][vc_column]<div class=\"hr none\" style=\"margin:10px 0px !important;\"><\/div><div class=\"clearfix\"><\/div>[vc_column_text]\n<h4>Strategia<\/h4>\n[\/vc_column_text][vc_column_text]La strategia definisce la direzione in cui l\u2019Agenzia svizzera di accreditamento e di garanzia della qualit\u00e0 (AAQ) concentrer\u00e0 l\u2019attuazione del proprio mandato legale con le risorse a disposizione in un ambiente in evoluzione e caratterizzato da aspettative ed esigenze mutevoli delle parti interessate. L\u2019attuazione della strategia avviene attraverso un piano d\u2019azione evolutivo, rivisto ogni anno e adattato se necessario.<\/p>\n<p><strong>Visione<\/strong><\/p>\n<p>L\u2019AAQ \u00e8 un\u2019agenzia indipendente, saldamente ancorata nello Spazio Europeo dell\u2019Istruzione Superiore. L\u2019agenzia si impegna a promuovere la libert\u00e0 accademica e l\u2019integrit\u00e0 scientifica, la partecipazione delle parti interessate ai processi decisionali, nonch\u00e9 la produzione e la condivisione di conoscenze avanzate e innovative.<\/p>\n<p>L\u2019AAQ affianca gli istituti di istruzione superiore nell\u2019adempimento delle loro missioni fondamentali e nell'esercizio di una cittadinanza attiva e responsabile. Al tempo stesso, li accompagna nel perseguimento di obiettivi legati allo sviluppo sostenibile, alle pari opportunit\u00e0 e alla digitalizzazione.<\/p>\n<p><strong>Mandato<\/strong><\/p>\n<p>L\u2019AAQ conduce procedure di accreditamento istituzionale e di programma sulla base della Legge federale sulla promozione e sul coordinamento del settore universitario svizzero (LPSU).<\/p>\n<p>Inoltre, l\u2019AAQ esegue procedure di accreditamento di programma ai sensi della Legge federale sulle professioni mediche (formazione e perfezionamento), della Legge federale sulle professioni psicologiche (perfezionamento) e della Legge federale sulle professioni sanitarie (formazione), nonch\u00e9 valutazioni personalizzate, accreditamenti di sistema in Germania e Quality Audit in Austria.<\/p>\n<p>Le procedure di accreditamento dell\u2019AAQ sono conformi alle norme internazionali. A tal fine, l\u2019AAQ si impegna in un costante esame dei metodi sottesi alle sue procedure e ne incoraggia lo sviluppo. Favorisce il confronto con i gruppi di interesse nazionali e collabora con gli organismi di accreditamento e di garanzia della qualit\u00e0 nello spazio europeo dell\u2019istruzione superiore.<\/p>\n<p><strong>Principi<\/strong><\/p>\n<p>L\u2019AAQ si serve di metodi innovativi e mirati per promuovere lo <strong>sviluppo e la garanzia della qualit\u00e0<\/strong>nelle universit\u00e0.<\/p>\n<p>L\u2019AAQ si propone come <strong>partner esterno <\/strong>in materia di sviluppo e garanzia della qualit\u00e0.<\/p>\n<p>L\u2019AAQ <strong>rispetta <\/strong>l\u2019autonomia delle universit\u00e0, la pluralit\u00e0 delle discipline e degli istituti nonch\u00e9 la diversit\u00e0 culturale e linguistica.<\/p>\n<p>L\u2019AAQ \u00e8 un organismo <strong>indipendente <\/strong>che adopera metodi riconosciuti a livello internazionale, si affida a un\u2019ampia rete nel perseguimento dei suoi obiettivi e vanta un\u2019esperienza pluriennale.<\/p>\n<p>L'AAQ opera come organizzazione <strong>sostenibile<\/strong>.<\/p>\n<p><strong>Valori<\/strong><\/p>\n<ul style=\"list-style-type: square;\">\n<li>Trasparenza<\/li>\n<li>Rispetto<\/li>\n<li>Stima<\/li>\n<li>Impegno<\/li>\n<li>Affidabilit\u00e0<\/li>\n<\/ul>\n<p><strong>Obiettivi strategici<\/strong><\/p>\n<p><strong>1 L\u2019AAQ ribadisce la sua posizione di attore agile e indipendente sia in Svizzera che all\u2019estero e adotta un profilo ben definito in tutti gli ambiti di azione.<\/strong><\/p>\n<p><strong>2 L\u2019AAQ ricorre a conoscenze interne ed esterne e riflette sempre sul proprio operato.<\/strong><\/p>\n<p><strong>3 L\u2019AAQ garantisce una comunicazione aperta e trasparente.<\/strong><\/p>\n<p><strong>4 L\u2019AAQ sostiene una cultura del lavoro sinergica e favorisce la crescita dei propri collaboratori.<\/strong><\/p>\n<p>&gt; Rapporto strategico 2025 (disponibile in <a href=\"https:\/\/aaq.ch\/wp\/wp-content\/uploads\/dlm_uploads\/2026\/02\/2025-10-21-Reporting-2021-2025-DE.pdf\">DE<\/a> e <a href=\"https:\/\/aaq.ch\/wp\/wp-content\/uploads\/dlm_uploads\/2026\/02\/2025-10-21-Reporting-2021-2025-EN.pdf\">EN<\/a>)[\/vc_column_text][\/vc_column][\/vc_row]\n<\/div>","protected":false},"excerpt":{"rendered":"<p>[vc_row][vc_column][vc_column_text]<br \/>\nStrategia<br \/>\n[\/vc_column_text][vc_column_text]La strategia definisce la direzione in cui l\u2019Agenzia svizzera di accreditamento e di garanzia della qualit\u00e0 (AAQ) concentrer\u00e0 l\u2019attuazione del proprio mandato legale con le risorse a disposizione in un<\/p>\n","protected":false},"author":10,"featured_media":0,"parent":6152,"menu_order":2,"comment_status":"closed","ping_status":"open","template":"page-side-navigation.php","meta":{"footnotes":""},"_links":{"self":[{"href":"https:\/\/aaq.ch\/it\/wp-json\/wp\/v2\/pages\/7928"}],"collection":[{"href":"https:\/\/aaq.ch\/it\/wp-json\/wp\/v2\/pages"}],"about":[{"href":"https:\/\/aaq.ch\/it\/wp-json\/wp\/v2\/types\/page"}],"author":[{"embeddable":true,"href":"https:\/\/aaq.ch\/it\/wp-json\/wp\/v2\/users\/10"}],"replies":[{"embeddable":true,"href":"https:\/\/aaq.ch\/it\/wp-json\/wp\/v2\/comments?post=7928"}],"version-history":[{"count":11,"href":"https:\/\/aaq.ch\/it\/wp-json\/wp\/v2\/pages\/7928\/revisions"}],"predecessor-version":[{"id":17530,"href":"https:\/\/aaq.ch\/it\/wp-json\/wp\/v2\/pages\/7928\/revisions\/17530"}],"up":[{"embeddable":true,"href":"https:\/\/aaq.ch\/it\/wp-json\/wp\/v2\/pages\/6152"}],"wp:attachment":[{"href":"https:\/\/aaq.ch\/it\/wp-json\/wp\/v2\/media?parent=7928"}],"curies":[{"name":"wp","href":"https:\/\/api.w.org\/{rel}","templated":true}]}}