{"id":7912,"date":"2016-05-27T08:07:49","date_gmt":"2016-05-27T07:07:49","guid":{"rendered":"http:\/\/aaq.ch\/it\/?page_id=7912"},"modified":"2016-05-27T12:26:48","modified_gmt":"2016-05-27T11:26:48","slug":"mandato","status":"publish","type":"page","link":"https:\/\/aaq.ch\/it\/laaq\/mandato\/","title":{"rendered":"Mandato"},"content":{"rendered":"<div class=\"wpb-content-wrapper\">[vc_row][vc_column][vc_column_text]\n<h4>Mandato<\/h4>\n[\/vc_column_text][vc_column_text]L\u2019AAQ \u00e8 l\u2019Agenzia svizzera di accreditamento e di garanzia della qualit\u00e0. L\u2019AAQ \u00e8 subordinata al\u00a0<a href=\"http:\/\/akkreditierungsrat.ch\/it\/\">Consiglio svizzero di accreditamento<\/a>.\u00a0L\u2019AAQ esegue, in conformit\u00e0 a quanto previsto dalla LPSU, accreditamenti istituzionali nell\u2019ambito degli istituti universitari svizzeri.<\/p>\n<p>La Legge sulle professioni mediche e la Legge sulle professioni psicologiche assegnano inoltre all\u2019AAQ il ruolo di organo di accreditamento per cicli di formazione medica di base e perfezionamento come pure per cicli di perfezionamento in psicoterapia.<\/p>\n<p>L\u2019AAQ \u00e8 riconosciuta a livello internazionale ed \u00e8 legalmente autorizzata a effettuare procedure in Germania e Austria. In casi specifici vengono inoltre condotte valutazioni internazionali.<\/p>\n<p>Quale partner esterno l\u2019AAQ sostiene gli istituti universitari nel configurare il loro sistema di garanzia della qualit\u00e0, dando cos\u00ec un contributo allo sviluppo di una cultura della qualit\u00e0.[\/vc_column_text][\/vc_column][\/vc_row]\n<\/div>","protected":false},"excerpt":{"rendered":"<p>[vc_row][vc_column][vc_column_text]<br \/>\nMandato<br \/>\n[\/vc_column_text][vc_column_text]L\u2019AAQ \u00e8 l\u2019Agenzia svizzera di accreditamento e di garanzia della qualit\u00e0. L\u2019AAQ \u00e8 subordinata al\u00a0Consiglio svizzero di accreditamento.\u00a0L\u2019AAQ esegue, in conformit\u00e0 a quanto previsto dalla LPSU, accreditamenti istituzionali nell\u2019ambito degli<\/p>\n","protected":false},"author":10,"featured_media":0,"parent":6152,"menu_order":1,"comment_status":"closed","ping_status":"open","template":"page-side-navigation.php","meta":{"footnotes":""},"_links":{"self":[{"href":"https:\/\/aaq.ch\/it\/wp-json\/wp\/v2\/pages\/7912"}],"collection":[{"href":"https:\/\/aaq.ch\/it\/wp-json\/wp\/v2\/pages"}],"about":[{"href":"https:\/\/aaq.ch\/it\/wp-json\/wp\/v2\/types\/page"}],"author":[{"embeddable":true,"href":"https:\/\/aaq.ch\/it\/wp-json\/wp\/v2\/users\/10"}],"replies":[{"embeddable":true,"href":"https:\/\/aaq.ch\/it\/wp-json\/wp\/v2\/comments?post=7912"}],"version-history":[{"count":3,"href":"https:\/\/aaq.ch\/it\/wp-json\/wp\/v2\/pages\/7912\/revisions"}],"predecessor-version":[{"id":7981,"href":"https:\/\/aaq.ch\/it\/wp-json\/wp\/v2\/pages\/7912\/revisions\/7981"}],"up":[{"embeddable":true,"href":"https:\/\/aaq.ch\/it\/wp-json\/wp\/v2\/pages\/6152"}],"wp:attachment":[{"href":"https:\/\/aaq.ch\/it\/wp-json\/wp\/v2\/media?parent=7912"}],"curies":[{"name":"wp","href":"https:\/\/api.w.org\/{rel}","templated":true}]}}