{"id":6472,"date":"2014-11-14T20:48:07","date_gmt":"2014-11-14T20:48:07","guid":{"rendered":"http:\/\/aaq.ch\/wp\/sitemap-2\/"},"modified":"2014-12-17T16:12:59","modified_gmt":"2014-12-17T15:12:59","slug":"mappa-del-sito","status":"publish","type":"page","link":"https:\/\/aaq.ch\/it\/mappa-del-sito\/","title":{"rendered":"Mappa del sito"},"content":{"rendered":"<p><!--:de--><div class=\"wsp-container\"><h2 class=\"wsp-pages-title\">Pagine<\/h2>\n<ul class=\"wsp-pages-list\">\n<li class=\"page_item page-item-16483\"><a href=\"https:\/\/aaq.ch\/it\/aaq-day-2025\/\">AAQ Day 2025<\/a><\/li>\n<li class=\"page_item page-item-11343\"><a href=\"https:\/\/aaq.ch\/it\/datenschutzerklaerung\/\">Dichiarazione sulla protezione dei dati<\/a><\/li>\n<li class=\"page_item page-item-6182 page_item_has_children\"><a href=\"https:\/\/aaq.ch\/it\/accreditamento\/\">Accreditamento<\/a>\n<ul class='children'>\n\t<li class=\"page_item page-item-6218\"><a href=\"https:\/\/aaq.ch\/it\/accreditamento\/accreditamento-istituzionale\/\">Accreditamento istituzionale<\/a><\/li>\n\t<li class=\"page_item page-item-6227\"><a href=\"https:\/\/aaq.ch\/it\/accreditamento\/accreditamento-di-sistema\/\">Accreditamento di sistema<\/a><\/li>\n\t<li class=\"page_item page-item-8644\"><a href=\"https:\/\/aaq.ch\/it\/accreditamento\/accreditamento-di-programma\/\">Accreditamento di programma<\/a><\/li>\n\t<li class=\"page_item page-item-6249\"><a href=\"https:\/\/aaq.ch\/it\/accreditamento\/quality-audit\/\">Quality Audit<\/a><\/li>\n\t<li class=\"page_item page-item-6274\"><a href=\"https:\/\/aaq.ch\/it\/accreditamento\/valutazione\/\">Valutazione<\/a><\/li>\n\t<li class=\"page_item page-item-6285\"><a href=\"https:\/\/aaq.ch\/it\/accreditamento\/guide-standard-di-qualita\/\">Guide &#038; Standard di qualit\u00e0<\/a><\/li>\n\t<li class=\"page_item page-item-8860\"><a href=\"https:\/\/aaq.ch\/it\/accreditamento\/ricorsi\/\">Reclami e ricorsi<\/a><\/li>\n<\/ul>\n<\/li>\n<li class=\"page_item page-item-9092 page_item_has_children\"><a href=\"https:\/\/aaq.ch\/it\/unesco-regional-consultation-meeting-for-western-europe\/\">UNESCO Regional Consultation Meeting for Western Europe<\/a>\n<ul class='children'>\n\t<li class=\"page_item page-item-9109\"><a href=\"https:\/\/aaq.ch\/it\/unesco-regional-consultation-meeting-for-western-europe\/programme\/\">Programme<\/a><\/li>\n\t<li class=\"page_item page-item-9405\"><a href=\"https:\/\/aaq.ch\/it\/unesco-regional-consultation-meeting-for-western-europe\/documentation\/\">Documentation<\/a><\/li>\n\t<li class=\"page_item page-item-9589\"><a href=\"https:\/\/aaq.ch\/it\/unesco-regional-consultation-meeting-for-western-europe\/gallery\/\">Gallery<\/a><\/li>\n<\/ul>\n<\/li>\n<li class=\"page_item page-item-6195\"><a href=\"https:\/\/aaq.ch\/it\/rapporti-sulle-procedure\/\">Rapporti sulle procedure<\/a><\/li>\n<li class=\"page_item page-item-6320\"><a href=\"https:\/\/aaq.ch\/it\/gutachterinnen-und-gutachter\/\">Gli\/le esperti\/e nelle procedure<\/a><\/li>\n<li class=\"page_item page-item-6210\"><a href=\"https:\/\/aaq.ch\/it\/pubblicazioni\/\">Pubblicazioni<\/a><\/li>\n<li class=\"page_item page-item-6152 page_item_has_children\"><a href=\"https:\/\/aaq.ch\/it\/laaq\/\">L\u2018AAQ<\/a>\n<ul class='children'>\n\t<li class=\"page_item page-item-7912\"><a href=\"https:\/\/aaq.ch\/it\/laaq\/mandato\/\">Mandato<\/a><\/li>\n\t<li class=\"page_item page-item-7928\"><a href=\"https:\/\/aaq.ch\/it\/laaq\/strategia\/\">Strategia<\/a><\/li>\n\t<li class=\"page_item page-item-7900\"><a href=\"https:\/\/aaq.ch\/it\/laaq\/principi-fondamentali-della-qualita\/\">Principi fondamentali della qualit\u00e0<\/a><\/li>\n\t<li class=\"page_item page-item-8850\"><a href=\"https:\/\/aaq.ch\/it\/laaq\/organizzazione-bis\/\">Organizzazione<\/a><\/li>\n\t<li class=\"page_item page-item-8826\"><a href=\"https:\/\/aaq.ch\/it\/laaq\/team\/\">Team<\/a><\/li>\n\t<li class=\"page_item page-item-6490\"><a href=\"https:\/\/aaq.ch\/it\/laaq\/internazionale\/\">Internazionale<\/a><\/li>\n\t<li class=\"page_item page-item-7068\"><a href=\"https:\/\/aaq.ch\/it\/laaq\/reglementi\/\">Regolamenti<\/a><\/li>\n\t<li class=\"page_item page-item-15878\"><a href=\"https:\/\/aaq.ch\/it\/laaq\/principio-di-trasparenza\/\">Principio di trasparenza<\/a><\/li>\n<\/ul>\n<\/li>\n<li class=\"page_item page-item-6416\"><a href=\"https:\/\/aaq.ch\/it\/kontakt\/\">Contatto<\/a><\/li>\n<\/ul>\n<h2 class=\"wsp-posts-title\">Articoli suddivisi per categoria<\/h2>\n<ul class=\"wsp-posts-list\">\n\t<li><strong class=\"wsp-category-title\">Category: <a href=\"https:\/\/aaq.ch\/it\/category\/eventi\/\">Eventi<\/a><\/strong>\n<ul class=\"wsp-posts-list\">\t\t<li class=\"wsp-post\"><a href=\"https:\/\/aaq.ch\/it\/aaq-institutional-accreditation-day-2018\/\">AAQ Institutional Accreditation Day 2018<\/a><\/li>\n\t\t<li class=\"wsp-post\"><a href=\"https:\/\/aaq.ch\/it\/unesco-regional-consultation-meeting-for-western-europe\/\">UNESCO Regional Consultation Meeting for Western Europe<\/a><\/li>\n\t\t<li class=\"wsp-post\"><a href=\"https:\/\/aaq.ch\/it\/aaq-institutional-accreditation-day-2016\/\">AAQ Institutional Accreditation Day 2016<\/a><\/li>\n<\/ul><\/li>\n\t<li><strong class=\"wsp-category-title\">Category: <a href=\"https:\/\/aaq.ch\/it\/category\/news-it\/\">News<\/a><\/strong>\n<ul class=\"wsp-posts-list\">\t\t<li class=\"wsp-post\"><a href=\"https:\/\/aaq.ch\/it\/beatrice-windlin-direttrice\/\">Beatrice Windlin sar\u00e0 la nuova direttrice dell\u2019AAQ<\/a><\/li>\n\t\t<li class=\"wsp-post\"><a href=\"https:\/\/aaq.ch\/it\/targeted-review-il-rapporto-di-autovalutazione-e-online\/\">Targeted Review: Il rapporto di autovalutazione \u00e8 online!<\/a><\/li>\n\t\t<li class=\"wsp-post\"><a href=\"https:\/\/aaq.ch\/it\/rapportoannuale-2024\/\">Rapporto annuale 2024 dell&#8217;AAQ<\/a><\/li>\n\t\t<li class=\"wsp-post\"><a href=\"https:\/\/aaq.ch\/it\/accreditamento-della-formazione-di-base-delle-professioni-mediche-universitarie-ciclo-2018-2023-sintesi-e-analisi-tematica\/\">Accreditamento della formazione di base delle professioni mediche universitarie, ciclo 2018\u20132023: Sintesi e analisi tematica<\/a><\/li>\n\t\t<li class=\"wsp-post\"><a href=\"https:\/\/aaq.ch\/it\/procedura-di-verifica-delladempimento-degli-oneri-2\/\">Rapporto annuale 2023 dell&#8217;AAQ<\/a><\/li>\n\t\t<li class=\"wsp-post\"><a href=\"https:\/\/aaq.ch\/it\/procedura-di-verifica-delladempimento-degli-oneri\/\">Procedura di verifica dell\u2019adempimento degli oneri<\/a><\/li>\n\t\t<li class=\"wsp-post\"><a href=\"https:\/\/aaq.ch\/it\/wfme-ha-riconosciuto-laaq\/\">WFME ha riconosciuto l\u2019AAQ<\/a><\/li>\n\t\t<li class=\"wsp-post\"><a href=\"https:\/\/aaq.ch\/it\/rinnovo-dellaccreditamento-istituzionale\/\">Rinnovo dell&#8217;accreditamento istituzionale<\/a><\/li>\n\t\t<li class=\"wsp-post\"><a href=\"https:\/\/aaq.ch\/it\/accreditamento-istituzionale-ehsm\/\">Accreditamento istituzionale: EHSM<\/a><\/li>\n\t\t<li class=\"wsp-post\"><a href=\"https:\/\/aaq.ch\/it\/accreditamento-istituzionale-kalaidos-fh\/\">Accreditamento istituzionale: Kalaidos FH<\/a><\/li>\n\t\t<li class=\"wsp-post\"><a href=\"https:\/\/aaq.ch\/it\/accreditamento-istituzionale-sth-basel-accreditata\/\">Accreditamento istituzionale: STH Basel accreditata<\/a><\/li>\n\t\t<li class=\"wsp-post\"><a href=\"https:\/\/aaq.ch\/it\/accreditamento-istituzionale-universtitaet-basel-accreditata\/\">Accreditamento istituzionale: Universtit\u00e4t Basel accreditata<\/a><\/li>\n\t\t<li class=\"wsp-post\"><a href=\"https:\/\/aaq.ch\/it\/accreditamento-istituzionale-universitaet-liechtenstein-accreditata\/\">Accreditamento istituzionale: Universit\u00e4t Liechtenstein accreditata<\/a><\/li>\n\t\t<li class=\"wsp-post\"><a href=\"https:\/\/aaq.ch\/it\/accreditamento-istituzionale-swiss-tcm-academy-accreditata\/\">Accreditamento istituzionale: Swiss TCM Academy accreditata<\/a><\/li>\n\t\t<li class=\"wsp-post\"><a href=\"https:\/\/aaq.ch\/it\/accreditamento-istituzionale-usi-accreditata\/\">Accreditamento istituzionale: USI accreditata<\/a><\/li>\n\t\t<li class=\"wsp-post\"><a href=\"https:\/\/aaq.ch\/it\/accreditamento-istituzionale-universite-de-fribourg-accreditata\/\">Accreditamento istituzionale: Universit\u00e9 de Fribourg accreditata<\/a><\/li>\n\t\t<li class=\"wsp-post\"><a href=\"https:\/\/aaq.ch\/it\/accreditamento-istituzionale-university-of-st-gallen-accreditata\/\">Accreditamento istituzionale: University of St. Gallen accreditata<\/a><\/li>\n\t\t<li class=\"wsp-post\"><a href=\"https:\/\/aaq.ch\/it\/accreditamento-istituzionale-phsh-accreditata\/\">Accreditamento istituzionale: PHSH accreditata<\/a><\/li>\n\t\t<li class=\"wsp-post\"><a href=\"https:\/\/aaq.ch\/it\/accreditamento-istituzionale-ivp-nms-accreditata\/\">Accreditamento istituzionale: IVP NMS accreditata<\/a><\/li>\n\t\t<li class=\"wsp-post\"><a href=\"https:\/\/aaq.ch\/it\/accreditamento-istituzionale-universite-de-geneve-accreditata\/\">Accreditamento istituzionale: Universit\u00e9 de Gen\u00e8ve accreditata<\/a><\/li>\n\t\t<li class=\"wsp-post\"><a href=\"https:\/\/aaq.ch\/it\/accreditamento-istituzionale-hep-vs-accreditata\/\">Accreditamento istituzionale: HEP-VS accreditata<\/a><\/li>\n\t\t<li class=\"wsp-post\"><a href=\"https:\/\/aaq.ch\/it\/accreditamento-istituzionale-universitaet-zuerich-accreditata\/\">Accreditamento istituzionale: Universit\u00e4t Z\u00fcrich accreditata<\/a><\/li>\n\t\t<li class=\"wsp-post\"><a href=\"https:\/\/aaq.ch\/it\/accreditamento-istituzionale-swiss-business-school-gmbh-accreditata\/\">Accreditamento istituzionale: Swiss Business School GmbH accreditata<\/a><\/li>\n\t\t<li class=\"wsp-post\"><a href=\"https:\/\/aaq.ch\/it\/accreditamento-istituzionale-eth-zuerich-accreditata\/\">Accreditamento istituzionale: ETH Z\u00fcrich accreditata<\/a><\/li>\n\t\t<li class=\"wsp-post\"><a href=\"https:\/\/aaq.ch\/it\/accreditamento-istituzionale-universitaet-luzern-accreditata\/\">Accreditamento istituzionale: Universit\u00e4t Luzern accreditata<\/a><\/li>\n\t\t<li class=\"wsp-post\"><a href=\"https:\/\/aaq.ch\/it\/accreditamento-istituzionale-hep-bejune-accreditata\/\">Accreditamento istituzionale: HEP BEJUNE accreditata<\/a><\/li>\n\t\t<li class=\"wsp-post\"><a href=\"https:\/\/aaq.ch\/it\/accreditamento-istituzionale-universitaet-bern-accreditata\/\">Accreditamento istituzionale: Universit\u00e4t Bern accreditata<\/a><\/li>\n\t\t<li class=\"wsp-post\"><a href=\"https:\/\/aaq.ch\/it\/the-euniq-quality-assurance-model-a-smart-simplification-of-current-systems\/\">The EUniQ quality assurance model: a smart simplification of current systems!<\/a><\/li>\n\t\t<li class=\"wsp-post\"><a href=\"https:\/\/aaq.ch\/it\/accreditamento-istituzionale-universite-de-neuchatel-accreditata\/\">Accreditamento istituzionale: Universit\u00e9 de Neuch\u00e2tel accreditata<\/a><\/li>\n\t\t<li class=\"wsp-post\"><a href=\"https:\/\/aaq.ch\/it\/accreditamento-istituzionale-paedagogische-hochschule-thurgau-accreditata\/\">Accreditamento istituzionale: P\u00e4dagogische Hochschule Thurgau accreditata<\/a><\/li>\n\t\t<li class=\"wsp-post\"><a href=\"https:\/\/aaq.ch\/it\/accreditamento-istituzionale-paedagogische-hochschule-zug-accreditata\/\">Accreditamento istituzionale: P\u00e4dagogische Hochschule Zug accreditata<\/a><\/li>\n\t\t<li class=\"wsp-post\"><a href=\"https:\/\/aaq.ch\/it\/valutazione-esg-di-aaq-2020-21-rinnovata-laffiliazione-allenqa-e-la-registrazione-alleqar\/\">Valutazione ESG di AAQ 2020-21: rinnovata l\u2019affiliazione all\u2019ENQA e la registrazione all\u2019EQAR<\/a><\/li>\n\t\t<li class=\"wsp-post\"><a href=\"https:\/\/aaq.ch\/it\/accreditamento-in-base-alla-lpsu-e-alla-lpmed-programma-di-studio-in-chiropractica-della-uzh-accreditato\/\">Accreditamento in base alla LPSU e alla LPMed: programma di studio in chiropractica della UZH accreditato<\/a><\/li>\n\t\t<li class=\"wsp-post\"><a href=\"https:\/\/aaq.ch\/it\/accreditamento-istituzionale-universite-de-lausanne-accreditata\/\">Accreditamento istituzionale: Universit\u00e9 de Lausanne accreditata<\/a><\/li>\n\t\t<li class=\"wsp-post\"><a href=\"https:\/\/aaq.ch\/it\/accreditamento-istituzionale-paedagogische-hochschule-zuerich-accreditata\/\">Accreditamento istituzionale: P\u00e4dagogische Hochschule Z\u00fcrich accreditata<\/a><\/li>\n\t\t<li class=\"wsp-post\"><a href=\"https:\/\/aaq.ch\/it\/accreditamento-istituzionale-supsi-accreditata\/\">Accreditamento istituzionale: SUPSI accreditata<\/a><\/li>\n\t\t<li class=\"wsp-post\"><a href=\"https:\/\/aaq.ch\/it\/situazione-covid-19-laaq-non-fa-incontri-in-presenziale\/\">Situazione Covid-19: l&#8217;AAQ non fa incontri in presenziale<\/a><\/li>\n\t\t<li class=\"wsp-post\"><a href=\"https:\/\/aaq.ch\/it\/laaq-definisce-la-strategia-2021-2024\/\">L\u2019AAQ definisce la strategia 2021-2024<\/a><\/li>\n\t\t<li class=\"wsp-post\"><a href=\"https:\/\/aaq.ch\/it\/accreditamento-istituzionale-zuercher-hochschule-fuer-angewandte-wissenschaft-zhaw\/\">Accreditamento istituzionale: Z\u00fcrcher Hochschule f\u00fcr Angewandte Wissenschaft (ZHAW)<\/a><\/li>\n\t\t<li class=\"wsp-post\"><a href=\"https:\/\/aaq.ch\/it\/accreditamento-istituzionale-institut-de-hautes-etudes-internationales-et-du-developpement-iheid\/\">Accreditamento istituzionale: Institut de hautes \u00e9tudes internationales et du d\u00e9veloppement (IHEID)<\/a><\/li>\n\t\t<li class=\"wsp-post\"><a href=\"https:\/\/aaq.ch\/it\/thematic-analysis-internal-quality-assurance-and-development-by-accreditation-agencies-which-methods-are-effective-for-gathering-and-using-feedback\/\">Thematic analysis \u2013 Internal quality assurance and development by accreditation agencies: Which methods are effective for gathering and using feedback?<\/a><\/li>\n\t\t<li class=\"wsp-post\"><a href=\"https:\/\/aaq.ch\/it\/esg-review-of-the-aaq-2020-21-self-assessment-report-published\/\">ESG review of the AAQ 2020-21: Self-assessment report published<\/a><\/li>\n\t\t<li class=\"wsp-post\"><a href=\"https:\/\/aaq.ch\/it\/accreditamento-istituzionale-formation-universitaire-a-distance-unidistance\/\">Accreditamento istituzionale: Formation universitaire \u00e0 distance (UniDistance)<\/a><\/li>\n\t\t<li class=\"wsp-post\"><a href=\"https:\/\/aaq.ch\/it\/aaq-guida-accreditamento-di-cicli-di-studio-secondo-la-lpsu-e-la-lpsan\/\">AAQ guida Accreditamento di cicli di studio secondo la LPSU e la LPSan<\/a><\/li>\n\t\t<li class=\"wsp-post\"><a href=\"https:\/\/aaq.ch\/it\/il-consiglio-delle-scuole-universitarie-della-cssu-si-pronuncia-sulla-tipologia-delle-scuole-universitarie\/\">Il Consiglio delle scuole universitarie della CSSU si pronuncia sulla tipologia delle scuole universitarie<\/a><\/li>\n\t\t<li class=\"wsp-post\"><a href=\"https:\/\/aaq.ch\/it\/accreditamento-istituzionale-fachhochschule-nordwestschweiz\/\">Accreditamento istituzionale: Fachhochschule Nordwestschweiz<\/a><\/li>\n\t\t<li class=\"wsp-post\"><a href=\"https:\/\/aaq.ch\/it\/entrata-in-vigore-della-lpsan\/\">Entrata in vigore della LPSan<\/a><\/li>\n\t\t<li class=\"wsp-post\"><a href=\"https:\/\/aaq.ch\/it\/accreditamento-istituzionale-paedagogische-hochschule-graubuenden\/\">Accreditamento istituzionale: P\u00e4dagogische Hochschule Graub\u00fcnden<\/a><\/li>\n\t\t<li class=\"wsp-post\"><a href=\"https:\/\/aaq.ch\/it\/aaq-informs-change-de-forme\/\">AAQ Informs change de forme<\/a><\/li>\n\t\t<li class=\"wsp-post\"><a href=\"https:\/\/aaq.ch\/it\/les-caracteristiques-des-differents-types-de-hautes-ecoles-et-autres-institutions\/\">Les caract\u00e9ristiques des diff\u00e9rents types de hautes \u00e9coles et autres institutions<\/a><\/li>\n\t\t<li class=\"wsp-post\"><a href=\"https:\/\/aaq.ch\/it\/nachhaltigkeit-an-schweizer-hochschulen-studie-zur-nachhaltigkeitsstrategie-und-ihrer-umsetzung\/\">Nachhaltigkeit an Schweizer Hochschulen \u2013 Studie zur Nachhaltigkeitsstrategie und ihrer Umsetzung<\/a><\/li>\n\t\t<li class=\"wsp-post\"><a href=\"https:\/\/aaq.ch\/it\/publication-forces-de-lassurance-qualite-dans-les-hautes-ecoles-suisses\/\">Publication: Forces de l\u2019assurance qualit\u00e9 dans les hautes \u00e9coles suisses<\/a><\/li>\n\t\t<li class=\"wsp-post\"><a href=\"https:\/\/aaq.ch\/it\/aaq-takes-part-in-euniq-project\/\">AAQ takes part in the EUniQ Project<\/a><\/li>\n\t\t<li class=\"wsp-post\"><a href=\"https:\/\/aaq.ch\/it\/accreditamento-in-base-alla-lpsu-e-alla-lpmed-programma-di-studio-in-farmacia-della-unige-accreditato\/\">Accreditamento in base alla LPSU e alla LPMed: programma di studio in farmacia della UNIGE accreditato<\/a><\/li>\n\t\t<li class=\"wsp-post\"><a href=\"https:\/\/aaq.ch\/it\/accreditamento-istituzionale-phsg-accreditata\/\">Accreditamento istituzionale: PHSG accreditata<\/a><\/li>\n\t\t<li class=\"wsp-post\"><a href=\"https:\/\/aaq.ch\/it\/accreditamento-istituzionale-hslu-accreditata\/\">Accreditamento istituzionale: HSLU accreditata<\/a><\/li>\n\t\t<li class=\"wsp-post\"><a href=\"https:\/\/aaq.ch\/it\/accreditamento-istituzionale-ph-schwyz-accreditata\/\">Accreditamento istituzionale: PH Schwyz accreditata<\/a><\/li>\n\t\t<li class=\"wsp-post\"><a href=\"https:\/\/aaq.ch\/it\/accreditamento-in-base-alla-lpsu-e-alla-lpmed-corsi-di-medicina-umana-medicina-dellodontoiatria-e-farmacia-accreditati\/\">Accreditamento in base alla LPSU e alla LPMed: corsi di medicina umana, medicina dell\u2019odontoiatria e farmacia accreditati<\/a><\/li>\n\t\t<li class=\"wsp-post\"><a href=\"https:\/\/aaq.ch\/it\/accreditamento-in-base-alla-lpsu-e-alla-lpmed-medicina-umana-e-medicina-dellodontoiatria-della-uzh-accreditate\/\">Accreditamento in base alla LPSU e alla LPMed: medicina umana e medicina dell\u2019odontoiatria della UZH accreditate<\/a><\/li>\n\t\t<li class=\"wsp-post\"><a href=\"https:\/\/aaq.ch\/it\/accreditamento-istituzionale-hes-so-e-hep-vaud-accreditate\/\">Accreditamento istituzionale: HES-SO e HEP Vaud accreditate<\/a><\/li>\n\t\t<li class=\"wsp-post\"><a href=\"https:\/\/aaq.ch\/it\/thematische-analyse-evaluationen-2011-2014\/\">Thematische Analyse: Evaluationen 2011-2014<\/a><\/li>\n\t\t<li class=\"wsp-post\"><a href=\"https:\/\/aaq.ch\/it\/aaq-informs-13\/\">AAQ Informs #13<\/a><\/li>\n\t\t<li class=\"wsp-post\"><a href=\"https:\/\/aaq.ch\/it\/aaq-and-aacsb-mapping-standards-and-procedures\/\">AAQ and AACSB: Mapping Standards and Procedures<\/a><\/li>\n\t\t<li class=\"wsp-post\"><a href=\"https:\/\/aaq.ch\/it\/actual-aaq-follow-up-upon-esg-review-recommendations\/\">Actual AAQ follow-up upon ESG review recommendations<\/a><\/li>\n\t\t<li class=\"wsp-post\"><a href=\"https:\/\/aaq.ch\/it\/accreditamento-istituzionale-htw-chur-accreditata\/\">Accreditamento istituzionale: HTW Chur accreditata<\/a><\/li>\n\t\t<li class=\"wsp-post\"><a href=\"https:\/\/aaq.ch\/it\/colloque-fraq-sup-2018\/\">Colloque FrAQ-Sup 2018<\/a><\/li>\n\t\t<li class=\"wsp-post\"><a href=\"https:\/\/aaq.ch\/it\/aktuelle-zertifizierungen-in-oesterreich\/\">Aktuelle Zertifizierungen in \u00d6sterreich<\/a><\/li>\n\t\t<li class=\"wsp-post\"><a href=\"https:\/\/aaq.ch\/it\/accreditamento-istituzionale-ph-luzern-accreditata\/\">Accreditamento istituzionale: PH Luzern accreditata<\/a><\/li>\n\t\t<li class=\"wsp-post\"><a href=\"https:\/\/aaq.ch\/it\/christoph-grolimund-e-il-nuovo-presidente-dellenqa\/\">Christoph Grolimund \u00e8 il nuovo presidente dell\u2019ENQA<\/a><\/li>\n\t\t<li class=\"wsp-post\"><a href=\"https:\/\/aaq.ch\/it\/accreditamento-istituzionale-bfh-e-ph-bern-accreditate\/\">Accreditamento istituzionale: BFH e PH Bern accreditate<\/a><\/li>\n\t\t<li class=\"wsp-post\"><a href=\"https:\/\/aaq.ch\/it\/accreditata-la-interkantonale-hochschule-fuer-heilpaedagogik-hfh\/\">Accreditata la &#8220;Interkantonale Hochschule f\u00fcr Heilp\u00e4dagogik HfH&#8221;<\/a><\/li>\n\t\t<li class=\"wsp-post\"><a href=\"https:\/\/aaq.ch\/it\/accreditata-la-hochschule-fuer-wirtschaft-hwz-di-zurigo-scuola-universitaria-professionale-di-economia\/\">Accreditata la Hochschule f\u00fcr Wirtschaft HWZ di Zurigo (Scuola universitaria professionale di economia)<\/a><\/li>\n\t\t<li class=\"wsp-post\"><a href=\"https:\/\/aaq.ch\/it\/quality-audit-ciclo-2013-2014-pubblicati-i-rapporti\/\">Quality Audit Ciclo 2013-2014: pubblicati i rapporti<\/a><\/li>\n\t\t<li class=\"wsp-post\"><a href=\"https:\/\/aaq.ch\/it\/akkreditierungsrichtlinien-hfkg\/\">Approvate le Direttive di accreditamento<\/a><\/li>\n\t\t<li class=\"wsp-post\"><a href=\"https:\/\/aaq.ch\/it\/aaq_eur-ace-label\/\">L\u2019AAQ assegna il primo marchio EUR-ACE\u00ae<\/a><\/li>\n\t\t<li class=\"wsp-post\"><a href=\"https:\/\/aaq.ch\/it\/ultimata-la-bozza-delle-direttive-di-accreditamento\/\">Ultimata la bozza delle direttive di accreditamento<\/a><\/li>\n\t\t<li class=\"wsp-post\"><a href=\"https:\/\/aaq.ch\/it\/von-oaq-zu-aaq\/\">Dall\u2018OAQ all\u2018AAQ<\/a><\/li>\n\t\t<li class=\"wsp-post\"><a href=\"https:\/\/aaq.ch\/it\/luniversita-di-innsbruck-e-certificata-secondo-la-hs-qsg\/\">L\u2019Universit\u00e0 di Innsbruck \u00e8 certificata secondo la HS-QSG<\/a><\/li>\n\t\t<li class=\"wsp-post\"><a href=\"https:\/\/aaq.ch\/it\/decisioni-della-cus-novembre-2014-accreditati-lsth-e-il-programma-vmi\/\">Decisioni della CUS, novembre 2014: accreditati l\u2019STH e il programma VMI<\/a><\/li>\n<\/ul><\/li>\n\t<li><strong class=\"wsp-category-title\">Category: <a href=\"https:\/\/aaq.ch\/it\/category\/pubblicazioni\/\">Pubblicazioni<\/a><\/strong>\n<ul class=\"wsp-posts-list\">\t\t<li class=\"wsp-post\"><a href=\"https:\/\/aaq.ch\/it\/analisi-progetti\/\">Analisi &#038; Progetti<\/a><\/li>\n\t\t<li class=\"wsp-post\"><a href=\"https:\/\/aaq.ch\/it\/aaq-informs\/\">AAQ Informs<\/a><\/li>\n\t\t<li class=\"wsp-post\"><a href=\"https:\/\/aaq.ch\/it\/rapporto-annuale\/\">Rapporto annuale<\/a><\/li>\n\t\t<li class=\"wsp-post\"><a href=\"https:\/\/aaq.ch\/it\/opuscoli\/\">Opuscoli<\/a><\/li>\n\t\t<li class=\"wsp-post\"><a href=\"https:\/\/aaq.ch\/it\/media\/\">Media<\/a><\/li>\n\t\t<li class=\"wsp-post\"><a href=\"https:\/\/aaq.ch\/it\/presentazioni\/\">Presentazioni<\/a><\/li>\n<\/ul><\/li>\n<\/ul>\n<\/div><!--:--><\/p>\n","protected":false},"excerpt":{"rendered":"<p><!--:de--><!--:--><\/p>\n","protected":false},"author":1,"featured_media":0,"parent":0,"menu_order":8,"comment_status":"closed","ping_status":"closed","template":"","meta":{"footnotes":""},"_links":{"self":[{"href":"https:\/\/aaq.ch\/it\/wp-json\/wp\/v2\/pages\/6472"}],"collection":[{"href":"https:\/\/aaq.ch\/it\/wp-json\/wp\/v2\/pages"}],"about":[{"href":"https:\/\/aaq.ch\/it\/wp-json\/wp\/v2\/types\/page"}],"author":[{"embeddable":true,"href":"https:\/\/aaq.ch\/it\/wp-json\/wp\/v2\/users\/1"}],"replies":[{"embeddable":true,"href":"https:\/\/aaq.ch\/it\/wp-json\/wp\/v2\/comments?post=6472"}],"version-history":[{"count":3,"href":"https:\/\/aaq.ch\/it\/wp-json\/wp\/v2\/pages\/6472\/revisions"}],"predecessor-version":[{"id":6532,"href":"https:\/\/aaq.ch\/it\/wp-json\/wp\/v2\/pages\/6472\/revisions\/6532"}],"wp:attachment":[{"href":"https:\/\/aaq.ch\/it\/wp-json\/wp\/v2\/media?parent=6472"}],"curies":[{"name":"wp","href":"https:\/\/api.w.org\/{rel}","templated":true}]}}