{"id":6249,"date":"2014-11-14T12:22:44","date_gmt":"2014-11-14T12:22:44","guid":{"rendered":"http:\/\/aaq.ch\/wp\/accreditamento\/quality-audits\/"},"modified":"2024-10-29T14:31:42","modified_gmt":"2024-10-29T13:31:42","slug":"quality-audit","status":"publish","type":"page","link":"https:\/\/aaq.ch\/it\/accreditamento\/quality-audit\/","title":{"rendered":"Quality Audit"},"content":{"rendered":"<div class=\"wpb-content-wrapper\">[vc_row parallax=\"no\" css=\".vc_custom_1416162684068{margin-bottom: 35px !important;}\"][vc_column][vc_column_text]\n<h4>Quality Audit<\/h4>\n<p>I Quality Audit sono procedure che si focalizzano sui sistemi interni di garanzia della qualit\u00e0 di una istituzione universitaria. Dal 2004 al 2014, in Svizzera i Quality Audit sono stati condotti ciclicamente ogni quattro anni, fino all\u2019introduzione della LPSU. Con la LPSU, i Quality Audit negli istituti universitari svizzeri sono stati sostituiti dall\u2019accreditamento istituzionale.<\/p>\n<p>L\u2019AAQ effettua Quality Audit anche in Austria. La base \u00e8 la legislazione austriaca (HS-QSG), che prescrive una certificazione del sistema di gestione della qualit\u00e0 negli istituti universitari austriaci.<\/p>\n<p>In caso di esito positivo, l\u2019AAQ assegna un marchio di certificazione.[\/vc_column_text][\/vc_column][\/vc_row][vc_row][vc_column width=\"2\/3\"][vc_tta_accordion style=\"flat\" shape=\"square\" spacing=\"5\" gap=\"3\" c_position=\"right\" active_section=\"1\" no_fill=\"true\"][vc_tta_section i_icon_fontawesome=\"fa fa-download\" add_icon=\"true\" title=\"Downloads\" tab_id=\"172d7903-f10e-cl\"][vc_column_text]<ul class=\"dlm-downloads\"><li><a class=\"download-link\" title=\"Versione rapport accr\u00e9ditation de programme, 2025\" href=\"https:\/\/aaq.ch\/it\/download\/bsc-osteopathie-haute-ecole-specialisee-de-la-suisse-occidentale-hes-so\/?tmstv=1777312450\" rel=\"nofollow\">\n\tMSc Ost\u00e9opathie, Haute \u00e9cole sp\u00e9cialis\u00e9e de la Suisse Occidentale, HES-SO  \n\t(pdf, 2,78 MB)\n\t\n<\/a><\/li><li><a class=\"download-link\" title=\"Versione bericht systemakkreditierung. 2023\" href=\"https:\/\/aaq.ch\/it\/download\/universitaet-zur-koln\/?tmstv=1777312450\" rel=\"nofollow\">\n\tUniversit\u00e4t zur Koln  \n\t(pdf, 1,49 MB)\n\t\n<\/a><\/li><li><a class=\"download-link\" title=\"Versione bericht systemakkreditierung. 2021\" href=\"https:\/\/aaq.ch\/it\/download\/universitaet-bielefeld\/?tmstv=1777312450\" rel=\"nofollow\">\n\tUniversit\u00e4t Bielefeld  \n\t(pdf, 797,60 KB)\n\t\n<\/a><\/li><li><a class=\"download-link\" title=\"Versione bericht systemakkreditierung. 2023\" href=\"https:\/\/aaq.ch\/it\/download\/friedrich-schiller-universitaet-jena\/?tmstv=1777312450\" rel=\"nofollow\">\n\tFriedrich Schiller Universita\u0308t Jena  \n\t(pdf, 864,63 KB)\n\t\n<\/a><\/li><li><a class=\"download-link\" title=\"Versione bericht programmakkreditierung. 2024\" href=\"https:\/\/aaq.ch\/it\/download\/bsc-pflege-zuercher-hochschule-fuer-angewandte-wissenschaften-zhaw\/?tmstv=1777312450\" rel=\"nofollow\">\n\tBSc Pflege, Z\u00fcrcher Hochschule f\u00fcr Angewandte Wissenschaften ZHAW  \n\t(pdf, 438,89 KB)\n\t\n<\/a><\/li><li><a class=\"download-link\" title=\"Versione bericht programmakkreditierung. 2024\" href=\"https:\/\/aaq.ch\/it\/download\/bsc-physiotherapie-zuercher-hochschule-fuer-angewandte-wissenschaften-zhaw\/?tmstv=1777312450\" rel=\"nofollow\">\n\tBSc Physiotherapie, Z\u00fcrcher Hochschule f\u00fcr Angewandte Wissenschaften ZHAW  \n\t(pdf, 653,93 KB)\n\t\n<\/a><\/li><li><a class=\"download-link\" title=\"Versione bericht programmakkreditierung. 2024\" href=\"https:\/\/aaq.ch\/it\/download\/bsc-ergotherapie-zuercher-hochschule-fuer-angewandte-wissenschaften-zhaw\/?tmstv=1777312450\" rel=\"nofollow\">\n\tBSc Ergotherapie, Z\u00fcrcher Hochschule f\u00fcr Angewandte Wissenschaften ZHAW  \n\t(pdf, 1,45 MB)\n\t\n<\/a><\/li><li><a class=\"download-link\" title=\"\" href=\"https:\/\/aaq.ch\/it\/download\/leitfaden-quality-audit-nach-hs-qsg-oesterreich\/?tmstv=1777312450\" rel=\"nofollow\">\n\tLeitfaden Quality Audit nach HS-QSG (\u00d6sterreich)  \n\t(pdf, 420,86 KB)\n\t\n<\/a><\/li><\/ul>\n\t\t\t\t[\/vc_column_text][\/vc_tta_section][vc_tta_section i_icon_fontawesome=\"fa fa-link\" add_icon=\"true\" title=\"Links\" tab_id=\"3c44e829-d58c-cl\"][vc_column_text]\n<ul>\n<li><a href=\"https:\/\/www.ris.bka.gv.at\/GeltendeFassung.wxe?Abfrage=Bundesnormen&amp;Gesetzesnummer=20007384\" target=\"_blank\" rel=\"noopener\">Hochschul-Qualit\u00e4tssicherungsgesetz (HS-QSG)<\/a><\/li>\n<\/ul>\n[\/vc_column_text][\/vc_tta_section][vc_tta_section i_icon_fontawesome=\"fa fa-user\" add_icon=\"true\" title=\"Contatto\" tab_id=\"ec9c05d5-f09a-cl\"][vc_column_text]Monika Risse Kuhn<br \/>\n<a href=\"&#109;&#x61;&#x69;&#108;&#x74;&#x6f;:&#x6d;&#x6f;n&#105;&#x6b;a&#46;&#x72;i&#115;&#x73;e&#64;&#x61;a&#113;&#x2e;&#x63;&#104;\">&#x6d;&#x6f;&#x6e;&#x69;&#x6b;&#x61;&#x2e;&#x72;&#x69;&#x73;&#x73;&#x65;&#x40;&#x61;&#x61;&#x71;&#x2e;&#x63;&#x68;<\/a>[\/vc_column_text][\/vc_tta_section][\/vc_tta_accordion][\/vc_column][vc_column width=\"1\/3\"][\/vc_column][\/vc_row][vc_row][vc_column][vc_column_text]<!--:-->[\/vc_column_text][\/vc_column][\/vc_row]\n<\/div>","protected":false},"excerpt":{"rendered":"<p>[vc_row parallax=&#8221;no&#8221; css=&#8221;.vc_custom_1416162684068{margin-bottom: 35px !important;}&#8221;][vc_column][vc_column_text]<br \/>\nQuality Audit<\/p>\n<p>I Quality Audit sono procedure che si focalizzano sui sistemi interni di garanzia della qualit\u00e0 di una istituzione universitaria. Dal 2004 al 2014, in Svizzera<\/p>\n","protected":false},"author":1,"featured_media":0,"parent":6182,"menu_order":3,"comment_status":"closed","ping_status":"closed","template":"page-side-navigation.php","meta":{"footnotes":""},"_links":{"self":[{"href":"https:\/\/aaq.ch\/it\/wp-json\/wp\/v2\/pages\/6249"}],"collection":[{"href":"https:\/\/aaq.ch\/it\/wp-json\/wp\/v2\/pages"}],"about":[{"href":"https:\/\/aaq.ch\/it\/wp-json\/wp\/v2\/types\/page"}],"author":[{"embeddable":true,"href":"https:\/\/aaq.ch\/it\/wp-json\/wp\/v2\/users\/1"}],"replies":[{"embeddable":true,"href":"https:\/\/aaq.ch\/it\/wp-json\/wp\/v2\/comments?post=6249"}],"version-history":[{"count":10,"href":"https:\/\/aaq.ch\/it\/wp-json\/wp\/v2\/pages\/6249\/revisions"}],"predecessor-version":[{"id":15939,"href":"https:\/\/aaq.ch\/it\/wp-json\/wp\/v2\/pages\/6249\/revisions\/15939"}],"up":[{"embeddable":true,"href":"https:\/\/aaq.ch\/it\/wp-json\/wp\/v2\/pages\/6182"}],"wp:attachment":[{"href":"https:\/\/aaq.ch\/it\/wp-json\/wp\/v2\/media?parent=6249"}],"curies":[{"name":"wp","href":"https:\/\/api.w.org\/{rel}","templated":true}]}}