{"id":6227,"date":"2014-11-14T12:16:32","date_gmt":"2014-11-14T12:16:32","guid":{"rendered":"http:\/\/aaq.ch\/wp\/accreditamento\/systemakkreditierung\/"},"modified":"2020-03-02T16:22:18","modified_gmt":"2020-03-02T15:22:18","slug":"accreditamento-di-sistema","status":"publish","type":"page","link":"https:\/\/aaq.ch\/it\/accreditamento\/accreditamento-di-sistema\/","title":{"rendered":"Accreditamento di sistema"},"content":{"rendered":"<div class=\"wpb-content-wrapper\">[vc_row][vc_column][vc_column_text css=\".vc_custom_1583162534340{margin-bottom: 35px !important;}\"]\n<h4>Accreditamento di sistema<\/h4>\n<p>Gli accreditamenti di sistema valutano il sistema interno di garanzia della qualit\u00e0 di una istituzione universitaria in Germania nel settore dell\u2019insegnamento. In qualit\u00e0 di agenzia autorizzata in Germania, l\u2019AAQ verifica se tutte le strutture e i processi aventi particolare rilevanza per lo studio e l\u2019insegnamento soddisfano i criteri del Consiglio tedesco di accreditamento. Se il sistema di una istituzione universitaria viene accreditato, l\u2019istituzione pu\u00f2 esaminare, sotto la propria responsabilit\u00e0, i suoi cicli di studio \u2013 decade l\u2019obbligo di accreditamento dei programmi.<\/p>\n<p>In caso di decisione positiva di accreditamento, l\u2019AAQ assegna il marchio del Consiglio di accreditamento.[\/vc_column_text][\/vc_column][\/vc_row][vc_row][vc_column width=\"2\/3\"][vc_tta_accordion style=\"flat\" shape=\"square\" spacing=\"5\" gap=\"3\" c_position=\"right\" active_section=\"1\" no_fill=\"true\"][vc_tta_section i_icon_fontawesome=\"fa fa-download\" add_icon=\"true\" title=\"Downloads\" tab_id=\"ee27ff9d-4fbc-cl\"][vc_column_text]<ul class=\"dlm-downloads\"><li><a class=\"download-link\" title=\"Versione leitfaden systemakkreditierung\" href=\"https:\/\/aaq.ch\/it\/download\/leitfaden-systemakkreditierung-3\/?tmstv=1775834880\" rel=\"nofollow\">\n\tLeitfaden Systemakkreditierung  \n\t(pdf, 766,68 KB)\n\t\n<\/a><\/li><li><a class=\"download-link\" title=\"Versione vorlage selbstbericht\" href=\"https:\/\/aaq.ch\/it\/download\/vorlage-selbstbericht\/?tmstv=1775834880\" rel=\"nofollow\">\n\tVorlage Selbstbericht  \n\t(docx, 148,04 KB)\n\t\n<\/a><\/li><li><a class=\"download-link\" title=\"\" href=\"https:\/\/aaq.ch\/it\/download\/staatsvertrag-ueber-die-organisation-eines-gemeinsamen-akkreditierungssystems-zur-qualitaetssicherung-in-studium-und-lehre-an-deutschen-hochschulen-studienakkreditierungsstaatsvertrag\/?tmstv=1775834880\" rel=\"nofollow\">\n\tStaatsvertrag \u00fcber die Organisation eines gemeinsamen Akkreditierungssystems zur Qualit\u00e4tssicherung in Studium und Lehre an deutschen Hochschulen (Studienakkreditierungsstaatsvertrag)  \n\t(pdf, 1,19 MB)\n\t\n<\/a><\/li><li><a class=\"download-link\" title=\"\" href=\"https:\/\/aaq.ch\/it\/download\/musterrechtsverordnung-gemaess-artikel-4-absaetze-1-4-studienakkreditierungsstaatsvertrag-mrvo\/?tmstv=1775834880\" rel=\"nofollow\">\n\tMusterrechtsverordnung gem\u00e4\u00df Artikel 4 Abs\u00e4tze 1 - 4 Studienakkreditierungsstaatsvertrag (MRVO)  \n\t(pdf, 601,30 KB)\n\t\n<\/a><\/li><li><a class=\"download-link\" title=\"\" href=\"https:\/\/aaq.ch\/it\/download\/akkreditierungsbericht-typ-systemakkreditierung\/?tmstv=1775834880\" rel=\"nofollow\">\n\tAkkreditierungsbericht Typ Systemakkreditierung  \n\t(pdf, 295,58 KB)\n\t\n<\/a><\/li><li><a class=\"download-link\" title=\"\" href=\"https:\/\/aaq.ch\/it\/download\/gebuehrenordnung-des-akkreditierungsrates\/?tmstv=1775834880\" rel=\"nofollow\">\n\tGeb\u00fchrenordnung des Akkreditierungsrates  \n\t(pdf, 76,93 KB)\n\t\n<\/a><\/li><\/ul>\n\t\t\t\t[\/vc_column_text][\/vc_tta_section][vc_tta_section i_icon_fontawesome=\"fa fa-user\" add_icon=\"true\" title=\"Contatto\" tab_id=\"32c8bd68-950c-cl\"][vc_column_text]Katrin Meyer<br \/>\n<a href=\"&#x6d;&#97;&#105;&#x6c;&#x74;&#111;&#58;&#x6b;&#x61;&#116;&#114;&#x69;&#x6e;&#46;&#109;&#x65;&#x79;&#101;&#114;&#x40;&#x61;&#97;&#113;&#x2e;&#x63;&#104;\">&#x6b;&#97;&#x74;&#x72;i&#x6e;&#46;m&#x65;&#121;e&#x72;&#64;&#x61;&#x61;q&#x2e;&#99;h<\/a>[\/vc_column_text][\/vc_tta_section][\/vc_tta_accordion][\/vc_column][vc_column width=\"1\/3\"][\/vc_column][\/vc_row][vc_row][vc_column][vc_column_text]<!--:-->[\/vc_column_text][\/vc_column][\/vc_row]\n<\/div>","protected":false},"excerpt":{"rendered":"<p>[vc_row][vc_column][vc_column_text css=&#8221;.vc_custom_1583162534340{margin-bottom: 35px !important;}&#8221;]<br \/>\nAccreditamento di sistema<\/p>\n<p>Gli accreditamenti di sistema valutano il sistema interno di garanzia della qualit\u00e0 di una istituzione universitaria in Germania nel settore dell\u2019insegnamento. In qualit\u00e0 di agenzia<\/p>\n","protected":false},"author":1,"featured_media":0,"parent":6182,"menu_order":1,"comment_status":"closed","ping_status":"closed","template":"page-side-navigation.php","meta":{"footnotes":""},"_links":{"self":[{"href":"https:\/\/aaq.ch\/it\/wp-json\/wp\/v2\/pages\/6227"}],"collection":[{"href":"https:\/\/aaq.ch\/it\/wp-json\/wp\/v2\/pages"}],"about":[{"href":"https:\/\/aaq.ch\/it\/wp-json\/wp\/v2\/types\/page"}],"author":[{"embeddable":true,"href":"https:\/\/aaq.ch\/it\/wp-json\/wp\/v2\/users\/1"}],"replies":[{"embeddable":true,"href":"https:\/\/aaq.ch\/it\/wp-json\/wp\/v2\/comments?post=6227"}],"version-history":[{"count":9,"href":"https:\/\/aaq.ch\/it\/wp-json\/wp\/v2\/pages\/6227\/revisions"}],"predecessor-version":[{"id":12085,"href":"https:\/\/aaq.ch\/it\/wp-json\/wp\/v2\/pages\/6227\/revisions\/12085"}],"up":[{"embeddable":true,"href":"https:\/\/aaq.ch\/it\/wp-json\/wp\/v2\/pages\/6182"}],"wp:attachment":[{"href":"https:\/\/aaq.ch\/it\/wp-json\/wp\/v2\/media?parent=6227"}],"curies":[{"name":"wp","href":"https:\/\/api.w.org\/{rel}","templated":true}]}}