{"id":6218,"date":"2014-11-14T12:15:10","date_gmt":"2014-11-14T12:15:10","guid":{"rendered":"http:\/\/aaq.ch\/wp\/accreditamento\/institutionelle-akkreditierung\/"},"modified":"2025-06-05T15:22:07","modified_gmt":"2025-06-05T14:22:07","slug":"accreditamento-istituzionale","status":"publish","type":"page","link":"https:\/\/aaq.ch\/it\/accreditamento\/accreditamento-istituzionale\/","title":{"rendered":"Accreditamento istituzionale"},"content":{"rendered":"<div class=\"wpb-content-wrapper\">[vc_row][vc_column][vc_column_text css=\".vc_custom_1443429118540{margin-bottom: 35px !important;}\"]\n<h4>Accreditamento istituzionale<\/h4>\n<p>L\u2019accreditamento istituzionale esamina il sistema interno di garanzia della qualit\u00e0 di una istituzione universitaria.<\/p>\n<p>In Svizzera, dall\u2019introduzione della LPSU, l\u2019accreditamento istituzionale \u00e8 il presupposto per il diritto di denominazione \u2013 se un\u2019istituzione intende definirsi \"Universit\u00e0\",\u00a0\"Scuola universitaria professionale\" o \"Alta scuola pedagogica\", l\u2019accreditamento istituzionale \u00e8 obbligatorio. Le condizioni sono definite nell\u2019articolo 30 della LPSU.<\/p>\n<p>L\u2019AAQ effettua accreditamenti istituzionali in Svizzera. L\u2019istanza decisionale \u00e8 il <a href=\"http:\/\/akkreditierungsrat.ch\/it\/\" target=\"_blank\" rel=\"noopener\">Consiglio svizzero di accreditamento<\/a>, che conferisce agli istituti universitari accreditati un marchio di qualit\u00e0.[\/vc_column_text][\/vc_column][\/vc_row][vc_row][vc_column width=\"2\/3\"][vc_tta_accordion style=\"flat\" shape=\"square\" spacing=\"5\" gap=\"3\" c_position=\"right\" active_section=\"1\" no_fill=\"true\"][vc_tta_section i_icon_fontawesome=\"fa fa-download\" add_icon=\"true\" title=\"Downloads\" tab_id=\"311dfa6b-d618-cl\"][vc_column_text]<ul class=\"dlm-downloads\"><li><a class=\"download-link\" title=\"\" href=\"https:\/\/aaq.ch\/it\/download\/accreditamento-istituzionale-guida\/?tmstv=1777312449\" rel=\"nofollow\">\n\tAccreditamento istituzionale - Guida  \n\t(pdf, 418,37 KB)\n\t\n<\/a><\/li><li><a class=\"download-link\" title=\"\" href=\"https:\/\/aaq.ch\/it\/download\/modulo-per-onorario-e-rimborso-responsabilita-fiscale-in-svizzera\/?tmstv=1777312449\" rel=\"nofollow\">\n\tModulo per onorario e rimborso  \n\t(pdf, 619,97 KB)\n\t\n<\/a><\/li><li><a class=\"download-link\" title=\"\" href=\"https:\/\/aaq.ch\/it\/download\/regolamento-per-il-rimborso-delle-spese\/?tmstv=1777312449\" rel=\"nofollow\">\n\tRegolamento per il rimborso delle spese  \n\t(pdf, 59,83 KB)\n\t\n<\/a><\/li><\/ul>\n\t\t\t\t\n<ul>\n<li><a href=\"https:\/\/aaq.ch\/download\/precisazioni-circa-gli-standard-di-qualita\/?tmstv=1695727486\" target=\"_blank\" rel=\"noopener\">Precisazioni circa gli standard di qualit\u00e0<\/a><\/li>\n<li><a href=\"https:\/\/aaq.ch\/wp\/wp-content\/uploads\/dlm_uploads\/2024\/05\/2023-09-04-Codice-di-comportamento-i.pdf\">Codice di comportamento<\/a><\/li>\n<\/ul>\n[\/vc_column_text][\/vc_tta_section][vc_tta_section i_icon_fontawesome=\"fa fa-link\" add_icon=\"true\" title=\"Links\" tab_id=\"1c60272e-af3a-cl\"][vc_column_text]\n<ul>\n<li><a href=\"https:\/\/www.admin.ch\/opc\/it\/classified-compilation\/20070429\/index.html\" target=\"_blank\" rel=\"noopener\">Legge sulla promozione e sul coordinamento del settore universitario svizzero, LPSU<\/a><\/li>\n<li><a href=\"https:\/\/www.admin.ch\/opc\/it\/classified-compilation\/20151363\/index.html\" target=\"_blank\" rel=\"noopener\">Ordinanza per l'accreditamento LPSU<\/a><\/li>\n<\/ul>\n[\/vc_column_text][\/vc_tta_section][vc_tta_section i_icon_fontawesome=\"fa fa-user\" add_icon=\"true\" title=\"Contatto\" tab_id=\"6150e27a-dda1-cl\"][vc_column_text]Petra Lauk Kwasnitza<br \/>\n<a href=\"&#x6d;&#x61;&#x69;&#x6c;&#x74;&#111;&#58;&#112;&#101;tra&#x2e;&#x6c;&#x61;&#x75;&#x6b;&#x40;&#97;&#97;&#113;&#46;ch\">&#112;&#x65;&#116;&#x72;a&#x2e;l&#97;&#x75;&#107;&#x40;&#97;&#x61;q&#x2e;c&#104;<\/a>[\/vc_column_text][\/vc_tta_section][vc_tta_section i_icon_fontawesome=\"fa fa-question\" add_icon=\"true\" title=\"FAQ\" tab_id=\"1509627157626-3f684320-e370\"][vc_toggle title=\"Una scuola universitaria o un\u2019istituzione che pratichi solo insegnamento o solo ricerca pu\u00f2 farsi accreditare?\" custom_font_container=\"tag:h6|text_align:left\" custom_use_theme_fonts=\"yes\" use_custom_heading=\"true\" el_id=\"1509627769709-79a3c97c-22ff\"]No. La Legge sulla promozione e sul coordinamento del settore universitario svizzero (LPSU) promuove l\u2019unit\u00e0 di insegnamento e ricerca per le scuole universitarie.[\/vc_toggle][vc_toggle title=\"\u00c8 possibile accreditare parti di scuole universitarie (sezioni, istituti, facolt\u00e0, istituti di ricerca)?\" custom_font_container=\"tag:h6|text_align:left\" custom_use_theme_fonts=\"yes\" use_custom_heading=\"true\" el_id=\"1509628199831-1429773e-ca56\"]No, la Legge sulla promozione e sul coordinamento del settore universitario svizzero (LPSU) non consente l\u2019accreditamento di unit\u00e0 parziali. Una scuola universitaria che desideri ottenere un accreditamento istituzionale deve identificarsi con uno dei modelli previsti dalla LPSU (Universit\u00e0, Scuola universitaria professionale o Alta scuola pedagogica ovvero Istituto), altri formati non sono accreditabili.<\/p>\n<p>L\u2019agenzia AAQ rilascia <a href=\"https:\/\/aaq.ch\/it\/accreditamento\/valutazione\/\" target=\"_blank\" rel=\"noopener\">valutazioni<\/a> per altre istituzioni e unit\u00e0.[\/vc_toggle][vc_toggle title=\"Una scuola universitaria con sede all\u2019estero pu\u00f2 essere accreditata?\" custom_font_container=\"tag:h6|text_align:left\" custom_use_theme_fonts=\"yes\" use_custom_heading=\"true\" el_id=\"1509628201000-968bfa47-b948\"]In conformit\u00e0 alla Legge sulla promozione e sul coordinamento del settore universitario svizzero (LPSU), una scuola universitaria deve essere una persona giuridica in Svizzera, dove deve anche disporre di un\u2019infrastruttura.[\/vc_toggle][vc_toggle title=\"Se una scuola universitaria non \u00e8 accreditata, pu\u00f2 rilasciare diplomi?\" custom_font_container=\"tag:h6|text_align:left\" custom_use_theme_fonts=\"yes\" use_custom_heading=\"true\" el_id=\"1509628395636-0476fae6-e4df\"]In linea di massima s\u00ec, ma \u00e8 necessario tenere presenti le leggi del cantone competente. La Confederazione non regolamenta il rilascio di titoli. Il diritto di una scuola universitaria al rilascio di titoli non \u00e8 vincolato all\u2019accreditamento.[\/vc_toggle][vc_toggle title=\"Come posso scoprire se una scuola universitaria in Svizzera \u00e8 anche accreditata?\" custom_font_container=\"tag:h6|text_align:left\" custom_use_theme_fonts=\"yes\" use_custom_heading=\"true\" el_id=\"1509628396909-6d1b8cd9-5d9b\"]Il Consiglio svizzero di accreditamento pubblica un <a href=\"http:\/\/akkreditierungsrat.ch\/it\/istituzioni-accreditate-programmi-accreditati\/\" target=\"_blank\" rel=\"noopener\">elenco delle scuole universitarie accreditate<\/a>. Un <a href=\"https:\/\/www.swissuniversities.ch\/it\/settore-delle-scuole-universitarie\/scuole-universitarie-svizzere-riconosciute-o-accreditate\/\" target=\"_blank\" rel=\"noopener\">elenco delle scuole universitarie accreditate e riconosciute<\/a> \u00e8 disponibile anche presso swissuniversities.[\/vc_toggle][vc_toggle title=\"L\u2019accreditamento di una scuola universitaria comporta anche l\u2019accreditamento dei suoi cicli di studio?\" custom_font_container=\"tag:h6|text_align:left\" custom_use_theme_fonts=\"yes\" use_custom_heading=\"true\" el_id=\"1509628398068-be92d738-64b2\"]In Svizzera non vige l\u2019obbligo di accreditare i programmi. Nel quadro dell\u2019accreditamento istituzionale, le scuole universitarie documentano che il loro sistema di garanzia della qualit\u00e0 si estende a tutti i settori, e quindi anche ai programmi di studio. Tuttavia, ci\u00f2 non implica un accreditamento formale dei programmi.[\/vc_toggle][vc_toggle title=\"In Svizzera l\u2019accreditamento \u00e8 obbligatorio per ogni universit\u00e0?\" custom_font_container=\"tag:h6|text_align:left\" custom_use_theme_fonts=\"yes\" use_custom_heading=\"true\" el_id=\"1509628576450-ffa47a8a-de75\"]Per potersi definire \u201cUniversit\u00e0\u201d, \u201cScuola universitaria professionale\u201d o \u201cAlta scuola pedagogica\u201d in una lingua nazionale, o in un\u2019altra lingua, un istituto universitario \u00e8 tenuto a farsi accreditare in Svizzera ai sensi ai sensi della LPSU. Questo principio si applica anche ai derivati di queste denominazioni.<\/p>\n<p>Termini come \u201cscuola universitaria\u201d, \u201cBusiness School\u201d e simili non sono protetti.[\/vc_toggle][vc_toggle title=\"La nostra scuola universitaria vorrebbe ottenere un accreditamento istituzionale. Come procediamo?\" custom_font_container=\"tag:h6|text_align:left\" custom_use_theme_fonts=\"yes\" use_custom_heading=\"true\" el_id=\"1509628578205-345549d4-7996\"]L\u2019istanza competente per l\u2019autorizzazione alla relativa procedura \u00e8 il <a href=\"http:\/\/www.akkreditierungsrat.ch\/it\/\" target=\"_blank\" rel=\"noopener\">Consiglio svizzero di accreditamento<\/a>. Il formulario per l\u2019autorizzazione e un modello per la documentazione del rispetto dei requisiti di ammissione da parte del vostro istituto universitario (art. 4, cpv. 1 della Ordinanza per l\u2019accreditamento LPSU) possono essere scaricati dalla <a href=\"http:\/\/akkreditierungsrat.ch\/it\/accreditamento-svizzera\/)\">pagina web del Consiglio svizzero di accreditamento<\/a>. Per ulteriori informazioni si prega di contattare l\u2019<a href=\"http:\/\/akkreditierungsrat.ch\/it\/ufficio-del-consiglio-di-accreditamento\/\" target=\"_blank\" rel=\"noopener\">Ufficio del Consiglio di accreditamento<\/a>[\/vc_toggle][vc_toggle title=\"Per preparare un accreditamento, una scuola universitaria pu\u00f2 avvalersi della consulenza dell\u2019agenzia AAQ?\" custom_font_container=\"tag:h6|text_align:left\" custom_use_theme_fonts=\"yes\" use_custom_heading=\"true\" el_id=\"1509628199592-8c8b1b29-58ce\"]L\u2019agenzia AAQ offre informazioni sulla procedura dell\u2019accreditamento istituzionale e, all\u2019occorrenza, effettua anche colloqui personali. Tuttavia, l\u2019AAQ non offre attivit\u00e0 di consulenza.[\/vc_toggle][vc_toggle title=\"Qual \u00e8 la differenza tra un accreditamento istituzionale, di sistema e un quality audit?\" custom_font_container=\"tag:h6|text_align:left\" custom_use_theme_fonts=\"yes\" use_custom_heading=\"true\" el_id=\"1509628199346-924834af-78b2\"]Le varie forme e procedure delle attivit\u00e0 di garanzia della qualit\u00e0 dipendono dalle rispettive normative giuridiche dei diversi paesi.<\/p>\n<p>L\u2019accreditamento di sistema \u00e8 una procedura adottata esclusivamente in Germania. L\u2019accreditamento di sistema attesta alla scuola universitaria un sistema di garanzia della qualit\u00e0 che comprende parti della scuola universitaria (studio e insegnamento). In Germania le scuole universitarie possono optare tra accreditamento di sistema e accreditamento di programmi.<\/p>\n<p>Il quality audit \u00e8 una procedura eseguita in base alla legge austriaca HS-QSG. L\u2019AAQ effettua tali procedure in Austria.<\/p>\n<p>In Svizzera i quality audit sono stati eseguiti dal 2001 al 2014 nelle universit\u00e0 e presso i due politecnici federali (tre cicli). Con l\u2019entrata in vigore della LPSU nel 2015, ai quality audit \u00e8 subentrato l\u2019accreditamento istituzionale.<\/p>\n<p>L\u2019AAQ rilascia inoltre valutazioni di istituzioni e programmi di studio (p.es. master di formazione continua). Le valutazioni non sono vincolate a nessuna decisione giuridicamente valida.[\/vc_toggle][vc_toggle title=\"L\u2019accreditamento istituzionale prevede standard particolari, ad esempio per le universit\u00e0 a distanza?\" custom_font_container=\"tag:h6|text_align:left\" custom_use_theme_fonts=\"yes\" use_custom_heading=\"true\" el_id=\"1509628199099-8d49cc9e-cf60\"]No, sono previsti standard uguali per tutte le scuole universitarie. Tuttavia, all\u2019interno degli standard si tiene conto della copertura del profilo specifico, il che viene garantito dal relativo gruppo di esperti ad hoc.[\/vc_toggle][vc_toggle title=\"Quanto costa l\u2019accreditamento istituzionale?\" custom_font_container=\"tag:h6|text_align:left\" custom_use_theme_fonts=\"yes\" use_custom_heading=\"true\" el_id=\"1509628004990-0abcefb3-9b24\"]I costi della procedura addebitati dall\u2019AAQ si basano sul <a href=\"http:\/\/akkreditierungsrat.ch\/download\/Akkreditierungsrat\/GebReg-SAR_IT.pdf\" target=\"_blank\" rel=\"noopener\">Regolamento sugli emolumenti del Consiglio svizzero di accreditamento<\/a>.<\/p>\n<p>Alle scuole universitarie pubbliche, i cui titolari contribuiscono al finanziamento del Consiglio di accreditamento e dell\u2019agenzia, vengono addebitati i costi diretti:\u00a0CHF 32'000.<\/p>\n<p>Le scuole universitarie private, oltre ai costi diretti, versano anche i costi indiretti: CHF 59'000.<\/p>\n<p>Il pagamento viene corrisposto in due fatture.<\/p>\n<p>Una successiva verifica delle clausole viene addebitata separatamente.[\/vc_toggle][vc_toggle title=\"Vengono pubblicati tutti i rapporti?\" custom_font_container=\"tag:h6|text_align:left\" custom_use_theme_fonts=\"yes\" use_custom_heading=\"true\" el_id=\"1509628004763-e4c46cde-399c\"]In Svizzera non esiste una base giuridica vincolante per la pubblicazione dei rapporti di procedura. Tuttavia, l\u2019AAQ si impegna a rispettare le Best Practice europee e le direttive dell\u2019ENQA, che definiscono la pubblicazione costante di rapporti. swissuniversities, la Conferenza svizzera dei rettori delle scuole universitarie, si \u00e8 espressa positivamente su questa prassi.[\/vc_toggle][vc_toggle title=\"Qual \u00e8 il valore nazionale e internazionale dell\u2019accreditamento istituzionale?\" custom_font_container=\"tag:h6|text_align:left\" custom_use_theme_fonts=\"yes\" use_custom_heading=\"true\" el_id=\"1509628004426-03cd9769-a189\"]L\u2019accreditamento istituzionale attesta che la relativa scuola universitaria dispone di un sistema di garanzia della qualit\u00e0 e soddisfa determinati standard qualitativi;\u00a0pertanto rappresenta una conferma dell\u2019ottemperanza a norme predefinite a livello nazionale e internazionale (LPSU in Svizzera, ESG in Europa).\u00a0\u00a0Una scuola universitaria dotata di accreditamento istituzionale entra nell\u2019elenco delle scuole universitarie accreditate del Consiglio di accreditamento e nella <a href=\"https:\/\/www.swissuniversities.ch\/it\/settore-delle-scuole-universitarie\/scuole-universitarie-svizzere-riconosciute-o-accreditate\/\" target=\"_blank\" rel=\"noopener\">lista delle scuole universitarie riconosciute<\/a> di swissuniversities, il che \u00e8 di rilievo nazionale e internazionale.[\/vc_toggle][vc_toggle title=\"Come si posiziona rispetto ad altri importanti accreditamenti nazionali e internazionali?\" custom_font_container=\"tag:h6|text_align:left\" custom_use_theme_fonts=\"yes\" use_custom_heading=\"true\" el_id=\"1509628004200-63eef6ea-1445\"]L\u2019accreditamento istituzionale \u00e8 l\u2019unico accreditamento nazionale rilasciato per una scuola universitaria nel suo insieme. Oltre a ci\u00f2 esistono accreditamenti facoltativi di programmi (per scuole universitarie gi\u00e0 dotate di accreditamento istituzionale), oppure accreditamenti di programmi offerti da singole agenzie che sono per lo pi\u00f9 di natura specialistica.<\/p>\n<p>A livello internazionale non si riscontra un accreditamento uguale. L\u2019accreditamento istituzionale in Svizzera verifica standard che si riferiscono a tutti i settori di una scuola universitaria (quindi non solo all\u2019insegnamento) e pertanto \u00e8 molto prestigioso.[\/vc_toggle][vc_toggle title=\"Che valore ha l\u2019accreditamento istituzionale per i neolaureati di una scuola universitaria per quanto concerne l\u2019inserimento nel mondo del lavoro o l\u2019ammissione presso altre scuole universitarie, in Svizzera e all\u2019estero?\" custom_font_container=\"tag:h6|text_align:left\" custom_use_theme_fonts=\"yes\" use_custom_heading=\"true\" el_id=\"1509627832342-59f29d21-6cf4\"]L\u2019accreditamento non ha alcun rapporto diretto con il rilascio dei diplomi.<\/p>\n<p>L\u2019ammissione presso altre scuole universitarie \u00e8 regolamentata dalle loro direttive specifiche. In linea di massima, si applicano i principi della Convenzione di Lisbona sulla mobilit\u00e0 accademica.[\/vc_toggle][vc_toggle title=\"Vorrei studiare presso un\u2019istituzione priva di accreditamento istituzionale. Posso partire dal presupposto che sia di qualit\u00e0 scadente?\" custom_font_container=\"tag:h6|text_align:left\" custom_use_theme_fonts=\"yes\" use_custom_heading=\"true\" el_id=\"1509627831746-412991e4-dac4\"]No, non \u00e8 giusto giungere a questa conclusione.[\/vc_toggle][vc_toggle title=\"Qual \u00e8 la durata dell\u2019accreditamento?\" custom_font_container=\"tag:h6|text_align:left\" custom_use_theme_fonts=\"yes\" use_custom_heading=\"true\" el_id=\"1509627831273-4ccbb8c6-1f71\"]7 anni.[\/vc_toggle][vc_toggle title=\"Quanto tempo dura il processo di accreditamento?\" custom_font_container=\"tag:h6|text_align:left\" custom_use_theme_fonts=\"yes\" use_custom_heading=\"true\" el_id=\"1509627812002-50a04596-a5f7\"]La procedura di accreditamento istituzionale, dall\u2019avvio alla decisione da parte del Consiglio svizzero di accreditamento, dura da 1,5 a 2 anni. Per poter rispettare la scadenza prevista (entro il 2022), \u00e8 necessario inviare le domande al Consiglio svizzero di accreditamento entro e non la fine del 2020.[\/vc_toggle][vc_toggle title=\"Tutte le scuole universitarie sono tenute necessariamente a ottenere l\u2019accreditamento istituzionale tramite l\u2019AAQ?\" custom_font_container=\"tag:h6|text_align:left\" custom_use_theme_fonts=\"yes\" use_custom_heading=\"true\" el_id=\"1509627811416-d3d49b2e-82b4\"]No, il Consiglio svizzero di accreditamento pubblica un <a href=\"http:\/\/akkreditierungsrat.ch\/it\/agenzie\/\" target=\"_blank\" rel=\"noopener\">elenco delle agenzie abilitate<\/a>.[\/vc_toggle][vc_toggle title=\"In quali lingue pu\u00f2 svolgersi una procedura?\" custom_font_container=\"tag:h6|text_align:left\" custom_use_theme_fonts=\"yes\" use_custom_heading=\"true\" el_id=\"1509627810764-3352c1be-7dfd\"]L\u2019AAQ svolge le procedure per l\u2019accreditamento istituzionale in tedesco, francese, italiano e inglese. La lingua della procedura \u00e8 unica e viene stabilita all\u2019inizio della stessa.[\/vc_toggle][vc_toggle title=\"Le scuole universitarie possono\/devono eseguire anche un accreditamento di programma?\" custom_font_container=\"tag:h6|text_align:left\" custom_use_theme_fonts=\"yes\" use_custom_heading=\"true\" el_id=\"1509627809943-66f05e53-83a3\"]Secondo la LPSU gli accreditamenti di programma sono facoltativi e possibili, per\u00f2 solo per istituti gi\u00e0 dotati di accreditamento istituzionale. In caso contrario, si pu\u00f2 optare per una valutazione.[\/vc_toggle][\/vc_tta_section][\/vc_tta_accordion][\/vc_column][vc_column width=\"1\/3\"][\/vc_column][\/vc_row]\n<\/div>","protected":false},"excerpt":{"rendered":"<p>[vc_row][vc_column][vc_column_text css=&#8221;.vc_custom_1443429118540{margin-bottom: 35px !important;}&#8221;]<br \/>\nAccreditamento istituzionale<\/p>\n<p>L\u2019accreditamento istituzionale esamina il sistema interno di garanzia della qualit\u00e0 di una istituzione universitaria.<\/p>\n<p>In Svizzera, dall\u2019introduzione della LPSU, l\u2019accreditamento istituzionale \u00e8 il presupposto per il diritto<\/p>\n","protected":false},"author":1,"featured_media":0,"parent":6182,"menu_order":0,"comment_status":"closed","ping_status":"closed","template":"page-side-navigation.php","meta":{"footnotes":""},"_links":{"self":[{"href":"https:\/\/aaq.ch\/it\/wp-json\/wp\/v2\/pages\/6218"}],"collection":[{"href":"https:\/\/aaq.ch\/it\/wp-json\/wp\/v2\/pages"}],"about":[{"href":"https:\/\/aaq.ch\/it\/wp-json\/wp\/v2\/types\/page"}],"author":[{"embeddable":true,"href":"https:\/\/aaq.ch\/it\/wp-json\/wp\/v2\/users\/1"}],"replies":[{"embeddable":true,"href":"https:\/\/aaq.ch\/it\/wp-json\/wp\/v2\/comments?post=6218"}],"version-history":[{"count":33,"href":"https:\/\/aaq.ch\/it\/wp-json\/wp\/v2\/pages\/6218\/revisions"}],"predecessor-version":[{"id":16786,"href":"https:\/\/aaq.ch\/it\/wp-json\/wp\/v2\/pages\/6218\/revisions\/16786"}],"up":[{"embeddable":true,"href":"https:\/\/aaq.ch\/it\/wp-json\/wp\/v2\/pages\/6182"}],"wp:attachment":[{"href":"https:\/\/aaq.ch\/it\/wp-json\/wp\/v2\/media?parent=6218"}],"curies":[{"name":"wp","href":"https:\/\/api.w.org\/{rel}","templated":true}]}}