{"id":6182,"date":"2014-11-14T12:06:47","date_gmt":"2014-11-14T12:06:47","guid":{"rendered":"http:\/\/aaq.ch\/wp\/akkreditierung-2\/"},"modified":"2019-09-10T14:08:05","modified_gmt":"2019-09-10T13:08:05","slug":"accreditamento","status":"publish","type":"page","link":"https:\/\/aaq.ch\/it\/accreditamento\/","title":{"rendered":"Accreditamento"},"content":{"rendered":"<div class=\"wpb-content-wrapper\">[vc_row][vc_column][vc_column_text]<strong>Le procedure di accreditamento che si concludono con esito positivo certificano che una istituzione universitaria o un ciclo di studio soddisfano i requisiti minimi di qualit\u00e0 stabiliti contestualmente. Gli accreditamenti tutelano gli studenti gli altri stakeholder o gruppi di interesse. Costituiscono inoltre una base per il riconoscimento di diplomi e titoli di studio e agevolano con questo la mobilit\u00e0 nello spazio formativo europeo.<\/strong><\/p>\n<p>Le procedure dell\u2019AAQ rispettano l\u2019autonomia degli istituti universitari: si basano infatti sulla convinzione che la responsabilit\u00e0 e la competenza di un sistema efficiente di garanzia della qualit\u00e0 siano in primo luogo di spettanza delle universit\u00e0 stesse. Mediante la verifica esterna condotta da esperti qualificati, l\u2019AAQ fornisce un contributo importante all\u2019ulteriore sviluppo del sistema di garanzia della qualit\u00e0. Nell\u2019attuazione pratica, le procedure dell\u2019AAQ si basano su principi riconosciuti in tutta l\u2019Europa e tengono conto delle specifiche peculiarit\u00e0 dei tipi di istituti universitari svizzeri.<\/p>\n<p>Le procedure di accreditamento sono procedure trasparenti, a pi\u00f9 livelli, che si concludono con una decisione formale a valenza legale. L\u2019istituzione universitaria presenta una domanda. Se sussistono i presupposti, la procedura viene avviata. Nella prima fase, l\u2019autovalutazione, l\u2019istituzione universitaria misura autonomamente la sua capacit\u00e0 di valutarsi e di autoregolarsi mediante un processo di autoriflessione critica, il tutto mediante il suo sistema interno di garanzia della qualit\u00e0. Nel frattempo, l\u2019AAQ compone il gruppo di esperti che effettueranno la valutazione esterna nel quadro della visita sul posto programmata: nel corso di colloqui con i rappresentanti dell\u2019istituzione universitaria vengono approfonditi i contenuti del rapporto di autovalutazione. In una relazione, gli esperti stabiliscono il grado di adempimento degli standard e formulano una raccomandazione di accreditamento. Questa, insieme con la presa di posizione dell\u2019istituzione universitaria richiedente, perviene all\u2019istanza decisionale. Nel caso di una procedura svolta secondo la LPSU (Legge federale sulla promozione e sul coordinamento del settore universitario svizzero), l\u2019istanza decisionale \u00e8 il Consiglio svizzero di accreditamento.<\/p>\n<p>L\u2019AAQ concepisce e conduce le procedure, assicurandone la conformit\u00e0 con le regole vigenti. A conclusione della procedura, l\u2019AAQ pubblica i rapporti. Gli istituti universitari o i cicli di studio possono presentare, indipendentemente dal tipo di procedura, una richiesta di riesame se non sono d\u2019accordo con la decisione del Consiglio di accreditamento.<\/p>\n<h5>Svolgimento della procedura di accreditamento<\/h5>\n[\/vc_column_text]<div class=\"hr none\" style=\"margin:5px 0px !important;\"><\/div><div class=\"clearfix\"><\/div>[\/vc_column][\/vc_row][vc_row][vc_column width=\"2\/3\"][vc_single_image image=\"6586\" img_size=\"large\" css_animation=\"left-to-right\" img_link_large=\"yes\" el_class=\"grafik\"][\/vc_column][vc_column width=\"1\/3\"][\/vc_column][\/vc_row]\n<\/div>","protected":false},"excerpt":{"rendered":"<p>[vc_row][vc_column][vc_column_text]Le procedure di accreditamento che si concludono con esito positivo certificano che una istituzione universitaria o un ciclo di studio soddisfano i requisiti minimi di qualit\u00e0 stabiliti contestualmente. Gli accreditamenti<\/p>\n","protected":false},"author":1,"featured_media":0,"parent":0,"menu_order":1,"comment_status":"closed","ping_status":"closed","template":"page-side-navigation.php","meta":{"footnotes":""},"_links":{"self":[{"href":"https:\/\/aaq.ch\/it\/wp-json\/wp\/v2\/pages\/6182"}],"collection":[{"href":"https:\/\/aaq.ch\/it\/wp-json\/wp\/v2\/pages"}],"about":[{"href":"https:\/\/aaq.ch\/it\/wp-json\/wp\/v2\/types\/page"}],"author":[{"embeddable":true,"href":"https:\/\/aaq.ch\/it\/wp-json\/wp\/v2\/users\/1"}],"replies":[{"embeddable":true,"href":"https:\/\/aaq.ch\/it\/wp-json\/wp\/v2\/comments?post=6182"}],"version-history":[{"count":5,"href":"https:\/\/aaq.ch\/it\/wp-json\/wp\/v2\/pages\/6182\/revisions"}],"predecessor-version":[{"id":11619,"href":"https:\/\/aaq.ch\/it\/wp-json\/wp\/v2\/pages\/6182\/revisions\/11619"}],"wp:attachment":[{"href":"https:\/\/aaq.ch\/it\/wp-json\/wp\/v2\/media?parent=6182"}],"curies":[{"name":"wp","href":"https:\/\/api.w.org\/{rel}","templated":true}]}}