{"id":16483,"date":"2025-05-14T13:34:21","date_gmt":"2025-05-14T12:34:21","guid":{"rendered":"https:\/\/aaq.ch\/?page_id=16483"},"modified":"2025-10-24T10:54:45","modified_gmt":"2025-10-24T09:54:45","slug":"aaq-day-2025","status":"publish","type":"page","link":"https:\/\/aaq.ch\/it\/aaq-day-2025\/","title":{"rendered":"AAQ Day 2025"},"content":{"rendered":"<div class=\"wpb-content-wrapper\">[vc_row gap=\"30\" equal_height=\"yes\" content_placement=\"top\" css=\".vc_custom_1729063496471{margin-bottom: 0px !important;padding-top: 50px !important;padding-bottom: 60px !important;}\" row_section_id=\"home\"][vc_column width=\"1\/2\"][vc_single_image image=\"17052\" img_size=\"full\"][\/vc_column][vc_column width=\"1\/2\"]<a href=\"https:\/\/aaq.ch\/wp\/wp-content\/uploads\/dlm_uploads\/2025\/10\/251024_aaqday2025_Program_FR.pdf\" target=\"_self\" class=\"button prettyPhoto  pink medium simple rounded alignleft\" rel=\"slides[buttonlightbox]\"> T\u00e9l\u00e9charger le programme (PDF) <\/a><div class=\"clearfix\"><\/div>[vc_column_text el_class=\"intro\"]&nbsp;<\/p>\n<p><em>The Shape of Things to Come<\/em>, \u00e9crit en 1933 par l\u2019auteur britannique H.G. Wells, est un roman fondateur du genre de la science-fiction. Les th\u00e8mes et les \u00e9v\u00e9nements racont\u00e9s anticipent de mani\u00e8re surprenante les bouleversements qui allaient transformer le monde dans les d\u00e9cennies suivantes.<\/p>\n<p>S\u2019inspirant de sc\u00e9narios d\u2019anticipation propres de la science-fiction, l\u2019<strong>AAQ Day 2025<\/strong> souhaite proposer un exercice sp\u00e9culatif visant \u00e0 se projeter dans le futur afin d'\u00e9clairer le pr\u00e9sent.<\/p>\n<p>Les \u00e9changes de la journ\u00e9e \u00e9mergeront d'une question essentielle : <strong>que deviendra l\u2019assurance qualit\u00e9 dans le domaine des hautes \u00e9coles, au cours des prochaines d\u00e9cennies ?<\/strong> En aurons-nous encore besoin ? Ou dispara\u00eetra-t-elle comme un paradigme d\u00e9suet, remplac\u00e9 par de nouvelles formes sociales, technologiques ou \u00e9conomiques ?<\/p>\n<p>\u00c0 partir de ces questionnements, l\u2019AAQ Day 2025 invite ses intervenant-e-s \u00e0 dialoguer. Qu\u2019il s\u2019agisse du changement climatique ou de l\u2019intelligence artificielle, de l\u2019int\u00e9gration europ\u00e9enne et mondiale, de nouvelles formes d'apprentissage et d'enseignement, ou encore des enjeux de l\u2019int\u00e9grit\u00e9 scientifique, le monde acad\u00e9mique semble pour longtemps riche de d\u00e9fis et d\u2019opportunit\u00e9s.<\/p>\n<p>Quelle place y trouvera l\u2019assurance qualit\u00e9, dans les ann\u00e9es \u00e0 venir ? Quelle sera sa pertinence ? Parviendra-t-elle \u00e0 accompagner les hautes \u00e9coles dans les changements radicaux qui se profilent ?[\/vc_column_text][\/vc_column][\/vc_row][vc_row disable_element=\"yes\" css=\".vc_custom_1730199768881{margin-bottom: 0px !important;border-top-width: 0px !important;border-bottom-width: 1px !important;padding-top: 65px !important;padding-bottom: 40px !important;background-color: #f7f8fa !important;border-top-color: #ed1f24 !important;border-bottom-color: #ed1f24 !important;}\" font_color=\"#eaeded\" el_class=\"hide\"][vc_column][vc_row_inner][vc_column_inner width=\"1\/3\"]<a href=\"https:\/\/aaq.ch\/wp\/wp-content\/uploads\/2024\/10\/AAQ-Day-2025.ics\" target=\"_self\" class=\"button  pink medium simple rounded alignleft\" > Ajouter au calendrier <i class=\"fa fa-calendar fa-right\"><\/i><\/a><div class=\"clearfix\"><\/div>[\/vc_column_inner][vc_column_inner width=\"1\/3\"][\/vc_column_inner][vc_column_inner width=\"1\/3\"][\/vc_column_inner][\/vc_row_inner][\/vc_column][\/vc_row]\n<\/div>","protected":false},"excerpt":{"rendered":"<p>[vc_row gap=&#8221;30&#8243; equal_height=&#8221;yes&#8221; content_placement=&#8221;top&#8221; css=&#8221;.vc_custom_1729063496471{margin-bottom: 0px !important;padding-top: 50px !important;padding-bottom: 60px !important;}&#8221; row_section_id=&#8221;home&#8221;][vc_column width=&#8221;1\/2&#8243;][vc_single_image image=&#8221;17052&#8243; img_size=&#8221;full&#8221;][\/vc_column][vc_column width=&#8221;1\/2&#8243;][vc_column_text el_class=&#8221;intro&#8221;]&nbsp;<\/p>\n<p>The Shape of Things to Come, \u00e9crit en 1933 par l\u2019auteur britannique H.G. Wells,<\/p>\n","protected":false},"author":391,"featured_media":0,"parent":0,"menu_order":0,"comment_status":"closed","ping_status":"closed","template":"page-fullwidth.php","meta":{"footnotes":""},"_links":{"self":[{"href":"https:\/\/aaq.ch\/it\/wp-json\/wp\/v2\/pages\/16483"}],"collection":[{"href":"https:\/\/aaq.ch\/it\/wp-json\/wp\/v2\/pages"}],"about":[{"href":"https:\/\/aaq.ch\/it\/wp-json\/wp\/v2\/types\/page"}],"author":[{"embeddable":true,"href":"https:\/\/aaq.ch\/it\/wp-json\/wp\/v2\/users\/391"}],"replies":[{"embeddable":true,"href":"https:\/\/aaq.ch\/it\/wp-json\/wp\/v2\/comments?post=16483"}],"version-history":[{"count":18,"href":"https:\/\/aaq.ch\/it\/wp-json\/wp\/v2\/pages\/16483\/revisions"}],"predecessor-version":[{"id":17307,"href":"https:\/\/aaq.ch\/it\/wp-json\/wp\/v2\/pages\/16483\/revisions\/17307"}],"wp:attachment":[{"href":"https:\/\/aaq.ch\/it\/wp-json\/wp\/v2\/media?parent=16483"}],"curies":[{"name":"wp","href":"https:\/\/api.w.org\/{rel}","templated":true}]}}