{"id":8858,"date":"2017-08-10T09:42:36","date_gmt":"2017-08-10T08:42:36","guid":{"rendered":"http:\/\/aaq.ch\/fr\/?page_id=8858"},"modified":"2024-08-13T13:52:47","modified_gmt":"2024-08-13T12:52:47","slug":"recours","status":"publish","type":"page","link":"https:\/\/aaq.ch\/fr\/accreditation\/recours\/","title":{"rendered":"Plaintes et recours"},"content":{"rendered":"<div class=\"wpb-content-wrapper\">[vc_row][vc_column][vc_column_text]\n<h4>Plaintes et recours<\/h4>\n<p>L'AAQ, le syst\u00e8me d'accr\u00e9ditation suisse et le syst\u00e8me juridique suisse pr\u00e9voient des proc\u00e9dures de plainte et de recours conform\u00e9ment au standard 2.7 des European Standards and Guidelines (ESG). La base juridique de la proc\u00e9dure suisse de plainte et de recours est la loi f\u00e9d\u00e9rale sur la proc\u00e9dure administrative (LPA).<\/p>\n<h5><strong>Plaintes<\/strong><\/h5>\n<p>Les plaintes concernant le travail de l'AAQ peuvent \u00eatre d\u00e9pos\u00e9es \u00e0 tout moment et de mani\u00e8re informelle aupr\u00e8s de la <a href=\"https:\/\/aaq.ch\/fr\/laaq\/organisation-bis\/\">commission de r\u00e9examen de l'AAQ<\/a>, conform\u00e9ment \u00e0 l'article 22, alin\u00e9a 2 LEHE. Les proc\u00e9dures de la commission de r\u00e9examen sont d\u00e9crites dans le R\u00e8glement de la commission d'examen.<\/p>\n<h5><strong>Recours<\/strong><\/h5>\n<p>Les proc\u00e9dures de recours diff\u00e8rent selon la proc\u00e9dure d\u2019accr\u00e9ditation et l'autorit\u00e9 d\u00e9cisionnelle :<\/p>\n<ul style=\"list-style-type: disc;\">\n<li><strong>Accr\u00e9ditation selon la LEHE, la LEHE et la LPM\u00e9d, ainsi que la LEHE et la LPSan.<\/strong><\/li>\n<\/ul>\n<p>Les hautes \u00e9coles peuvent recourir contre les d\u00e9cisions du Conseil suisse d'accr\u00e9ditation aupr\u00e8s du Tribunal administratif f\u00e9d\u00e9ral dans un d\u00e9lai de 30 jours \u00e0 compter de la notification de la d\u00e9cision (art. 65 al. 1 LHE).<\/p>\n<ul style=\"list-style-type: disc;\">\n<li><strong>Accr\u00e9ditation selon LPM\u00e9d (formation postgrade) et LPsy (formation postgrade)<\/strong><\/li>\n<\/ul>\n<p>Les organisations responsables peuvent d\u00e9poser un recours contre les d\u00e9cisions du D\u00e9partement f\u00e9d\u00e9ral de l'int\u00e9rieur aupr\u00e8s du Tribunal administratif f\u00e9d\u00e9ral dans un d\u00e9lai de 30 jours \u00e0 compter de la notification de la d\u00e9cision.<\/p>\n<ul style=\"list-style-type: disc;\">\n<li><strong>Accr\u00e9ditation du syst\u00e8me conform\u00e9ment \u00e0 la l\u00e9gislation allemande (Musterverordnung)<\/strong><\/li>\n<\/ul>\n<p>Les hautes \u00e9coles peuvent faire appel des d\u00e9cisions de la <a href=\"https:\/\/akkreditierungsrat.de\/de\/stiftung-akkreditierungsrat\/beschwerden\/beschwerden\">Fondation du Conseil d'accr\u00e9ditation<\/a> (Allemagne) aupr\u00e8s du tribunal administratif dans un d\u00e9lai de 30 jours.<\/p>\n<p><strong>- Audits de qualit\u00e9 conform\u00e9ment \u00e0 la l\u00e9gislation autrichienne (HS-QSG)<\/strong><\/p>\n<p>Les hautes \u00e9coles peuvent soumettre des objections \u00e0 la commission AAQ dans un d\u00e9lai de 30 jours \u00e0 compter de la d\u00e9cision de la commission AAQ. Ces objections sont \u00e9valu\u00e9es par la commission de r\u00e9examen.<\/p>\n<p>&nbsp;[\/vc_column_text][\/vc_column][\/vc_row]\n<\/div>","protected":false},"excerpt":{"rendered":"<p>[vc_row][vc_column][vc_column_text]<br \/>\nPlaintes et recours<\/p>\n<p>L&rsquo;AAQ, le syst\u00e8me d&rsquo;accr\u00e9ditation suisse et le syst\u00e8me juridique suisse pr\u00e9voient des proc\u00e9dures de plainte et de recours conform\u00e9ment au standard 2.7 des European Standards and Guidelines (ESG).<\/p>\n","protected":false},"author":10,"featured_media":0,"parent":6181,"menu_order":7,"comment_status":"closed","ping_status":"closed","template":"page-side-navigation.php","meta":{"footnotes":""},"_links":{"self":[{"href":"https:\/\/aaq.ch\/fr\/wp-json\/wp\/v2\/pages\/8858"}],"collection":[{"href":"https:\/\/aaq.ch\/fr\/wp-json\/wp\/v2\/pages"}],"about":[{"href":"https:\/\/aaq.ch\/fr\/wp-json\/wp\/v2\/types\/page"}],"author":[{"embeddable":true,"href":"https:\/\/aaq.ch\/fr\/wp-json\/wp\/v2\/users\/10"}],"replies":[{"embeddable":true,"href":"https:\/\/aaq.ch\/fr\/wp-json\/wp\/v2\/comments?post=8858"}],"version-history":[{"count":12,"href":"https:\/\/aaq.ch\/fr\/wp-json\/wp\/v2\/pages\/8858\/revisions"}],"predecessor-version":[{"id":15539,"href":"https:\/\/aaq.ch\/fr\/wp-json\/wp\/v2\/pages\/8858\/revisions\/15539"}],"up":[{"embeddable":true,"href":"https:\/\/aaq.ch\/fr\/wp-json\/wp\/v2\/pages\/6181"}],"wp:attachment":[{"href":"https:\/\/aaq.ch\/fr\/wp-json\/wp\/v2\/media?parent=8858"}],"curies":[{"name":"wp","href":"https:\/\/api.w.org\/{rel}","templated":true}]}}