{"id":8844,"date":"2017-08-10T10:08:39","date_gmt":"2017-08-10T09:08:39","guid":{"rendered":"http:\/\/aaq.ch\/fr\/?page_id=8844"},"modified":"2025-06-03T17:04:05","modified_gmt":"2025-06-03T16:04:05","slug":"organisation-bis","status":"publish","type":"page","link":"https:\/\/aaq.ch\/fr\/laaq\/organisation-bis\/","title":{"rendered":"Organisation"},"content":{"rendered":"<div class=\"wpb-content-wrapper\">[vc_row][vc_column][vc_column_text]\n<h4>Organisation de l'AAQ<\/h4>\n[\/vc_column_text][vc_single_image image=\"16581\" img_size=\"full\" onclick=\"img_link_large\" el_class=\"grafik\"][vc_column_text]\n<h4>Conseil d\u2019accr\u00e9ditation<\/h4>\n<p>Le <a href=\"http:\/\/akkreditierungsrat.ch\/fr\/\" target=\"_blank\" rel=\"noopener\">Conseil suisse d\u2019accr\u00e9ditation<\/a> est l\u2019organe de surveillance de l\u2019AAQ au sens d\u2019un comit\u00e9 directeur et d\u2019un conseil de surveillance. Les missions du Conseil d\u2019accr\u00e9ditation sont d\u00e9finies dans\u00a0<a href=\"https:\/\/akkreditierungsrat.ch\/fr\/download\/reglement-relatif-a-lorganisation-du-conseil-suisse-daccreditation-rorg-csa\/\" target=\"_blank\" rel=\"noopener\">R\u00e8glement relatif \u00e0 l\u2019organisation<\/a>.<\/p>\n<h4><\/h4>\n[\/vc_column_text][vc_column_text]\n<h4>Secr\u00e9tariat du Conseil d\u2019accr\u00e9ditation<\/h4>\n<p>L\u2019AAQ g\u00e8re le secr\u00e9tariat du Conseil d\u2019accr\u00e9ditation et le soutient sur le plan administratif.[\/vc_column_text]<div class=\"toggle style4\"><div class=\"toggle-title \"><div class=\"status-icon fright\"><i class=\"fa fa-plus\"><\/i><\/div><span><i class='icon fa fa-user'><\/i> Contact<\/span><\/div><div class=\"toggle-inner\"><a href=\"http:\/\/akkreditierungsrat.ch\/fr\/bureau\/\" target=\"_blank\" rel=\"noopener\">Bureau<\/a><\/div><\/div><div class=\"hr none\" style=\"margin:15px 0px !important;\"><\/div><div class=\"clearfix\"><\/div>[vc_column_text]\n<h4>Commission AAQ<\/h4>\n<p>La Commission de l'AAQ est l'autorit\u00e9 d\u00e9cisionnelle dans le cadre des proc\u00e9dures qui ne sont pas r\u00e9gl\u00e9es par la Loi sur l\u2019encouragement et la coordination des hautes \u00e9coles (LEHE), notamment les audits de qualit\u00e9 bas\u00e9s sur la l\u00e9gislation autrichienne (HS-QSG). La commission AAQ nomme les membres de la commission du r\u00e9examen.[\/vc_column_text]<div class=\"toggle style4\"><div class=\"toggle-title \"><div class=\"status-icon fright\"><i class=\"fa fa-plus\"><\/i><\/div><span><i class='icon fa fa-users'><\/i> Membres<\/span><\/div><div class=\"toggle-inner\">\n<ul>\n<li>Dr. Markus Hodel, pr\u00e9sident<\/li>\n<li>Prof. Dr. Daniela Freisler-M\u00fchlemann, vice-pr\u00e9sidente<\/li>\n<li>Prof. Dr. Martine Rahier, vice-pr\u00e9sidente<\/li>\n<li>Prof. Dr. Jean-Philippe Ansermet<\/li>\n<li>Francesco Bee<\/li>\n<li>Prof. Dr. Katharina Boele-Woelki<\/li>\n<li>Prof. Dr. Xavier Bouvier<\/li>\n<li>Carla Duss<\/li>\n<li>Maria Kelo<\/li>\n<li>Dr. Ren\u00e9 Lenggenhager<\/li>\n<li>Prof. Dr. Christine Musselin<\/li>\n<li>Prof. Dr. Alberto Piatti<\/li>\n<li>Prof. Dr. Gabriele Siegert<\/li>\n<li>Prof. Dr. Anita Tabacco<\/li>\n<li>Prof. Dr. Jean-Robert Tyran<\/li>\n<\/ul>\n<\/div><\/div><div class=\"toggle style4\"><div class=\"toggle-title \"><div class=\"status-icon fright\"><i class=\"fa fa-plus\"><\/i><\/div><span><i class='icon fa fa-chain'><\/i> Liens<\/span><\/div><div class=\"toggle-inner\">\n<ul>\n<li><a href=\"https:\/\/aaq.ch\/wp\/wp-content\/uploads\/dlm_uploads\/2024\/06\/2024-01-01_ROrg-CommAAQ_F-1.pdf\" target=\"_blank\" rel=\"noopener\">R\u00e8glement concernant l\u2019organisation de la Commission de l\u2019Agence suisse d\u2019accr\u00e9ditation et d\u2019assurance qualit\u00e9 (AAQ) pour les proc\u00e9dures sur mandat de tiers<\/a><\/li>\n<\/ul>\n<\/div><\/div><div class=\"hr none\" style=\"margin:15px 0px !important;\"><\/div><div class=\"clearfix\"><\/div>[vc_column_text]\n<h4>Commission de r\u00e9examen<\/h4>\n<p>La Commission de r\u00e9examen \u00e9value les plaintes et les recours des \u00e9tablissements de formation directement concern\u00e9s par la proc\u00e9dure dans le cadre des proc\u00e9dures d'assurance qualit\u00e9 de l\u2019AAQ.<\/p>\n<h5><strong>Plaintes <\/strong><\/h5>\n<p>Les plaintes concernant le travail de l'AAQ peuvent \u00eatre d\u00e9pos\u00e9es \u00e0 tout moment et de mani\u00e8re informelle aupr\u00e8s de la commission de r\u00e9examen de l'AAQ, conform\u00e9ment \u00e0 l'article 22, alin\u00e9a 2 LEHE, en contactant le <a href=\"https:\/\/akkreditierungsrat.ch\/fr\/bureau\/\">Conseil suisse d'accr\u00e9ditation<\/a>.<\/p>\n<h5><strong>Recours<\/strong><\/h5>\n<p>Dans le cadre des audits de qualit\u00e9 bas\u00e9s sur la l\u00e9gislation autrichienne (HS-QSG), les d\u00e9cisions de certification peuvent faire l'objet d'un recours.<\/p>\n<p>La commission de r\u00e9examen r\u00e9dige une prise de position \u00e0 l\u2019\u00e9gard de la plainte ou du recours qui est ensuite trait\u00e9e d\u00e9finitivement par la Commission AAQ lors de sa prochaine session.[\/vc_column_text]<div class=\"toggle style4\"><div class=\"toggle-title \"><div class=\"status-icon fright\"><i class=\"fa fa-plus\"><\/i><\/div><span><i class='icon fa fa-users'><\/i> Membres<\/span><\/div><div class=\"toggle-inner\">\n<ul>\n<li>Prof. em. Dr. iur. Paul Richli<\/li>\n<li>Dr. Dora Fitzli<\/li>\n<li>Dr. Achim Hopbach<\/li>\n<\/ul>\n<\/div><\/div><div class=\"toggle style4\"><div class=\"toggle-title \"><div class=\"status-icon fright\"><i class=\"fa fa-plus\"><\/i><\/div><span><i class='icon fa fa-users'><\/i> Liens<\/span><\/div><div class=\"toggle-inner\">\n<ul>\n<li><a href=\"https:\/\/aaq.ch\/wp\/wp-content\/uploads\/dlm_uploads\/2024\/06\/2022-11-29_OReg-ROUKA_F-5.pdf\">R\u00e8glement relatif \u00e0 l\u2019organisation de la Commission de r\u00e9examen de l\u2019Agence suisse d\u2019accr\u00e9ditation et d\u2019assurance qualit\u00e9<\/a><\/li>\n<\/ul>\n<\/div><\/div><div class=\"hr none\" style=\"margin:15px 0px !important;\"><\/div><div class=\"clearfix\"><\/div><div class=\"hr none\" style=\"margin:15px 0px !important;\"><\/div><div class=\"clearfix\"><\/div>[\/vc_column][\/vc_row][vc_row][vc_column]<div class=\"hr solid_light\" style=\"margin:15px 0px !important;\"><\/div><div class=\"clearfix\"><\/div>[\/vc_column][\/vc_row]\n<\/div>","protected":false},"excerpt":{"rendered":"<p>[vc_row][vc_column][vc_column_text]<br \/>\nOrganisation de l&rsquo;AAQ<br \/>\n[\/vc_column_text][vc_single_image image=\u00a0\u00bb16581&Prime; img_size=\u00a0\u00bbfull\u00a0\u00bb onclick=\u00a0\u00bbimg_link_large\u00a0\u00bb el_class=\u00a0\u00bbgrafik\u00a0\u00bb][vc_column_text]<br \/>\nConseil d\u2019accr\u00e9ditation<\/p>\n<p>Le Conseil suisse d\u2019accr\u00e9ditation est l\u2019organe de surveillance de l\u2019AAQ au sens d\u2019un comit\u00e9 directeur et d\u2019un conseil de surveillance. Les missions du<\/p>\n","protected":false},"author":10,"featured_media":0,"parent":6151,"menu_order":4,"comment_status":"closed","ping_status":"open","template":"page-side-navigation.php","meta":{"footnotes":""},"_links":{"self":[{"href":"https:\/\/aaq.ch\/fr\/wp-json\/wp\/v2\/pages\/8844"}],"collection":[{"href":"https:\/\/aaq.ch\/fr\/wp-json\/wp\/v2\/pages"}],"about":[{"href":"https:\/\/aaq.ch\/fr\/wp-json\/wp\/v2\/types\/page"}],"author":[{"embeddable":true,"href":"https:\/\/aaq.ch\/fr\/wp-json\/wp\/v2\/users\/10"}],"replies":[{"embeddable":true,"href":"https:\/\/aaq.ch\/fr\/wp-json\/wp\/v2\/comments?post=8844"}],"version-history":[{"count":32,"href":"https:\/\/aaq.ch\/fr\/wp-json\/wp\/v2\/pages\/8844\/revisions"}],"predecessor-version":[{"id":16697,"href":"https:\/\/aaq.ch\/fr\/wp-json\/wp\/v2\/pages\/8844\/revisions\/16697"}],"up":[{"embeddable":true,"href":"https:\/\/aaq.ch\/fr\/wp-json\/wp\/v2\/pages\/6151"}],"wp:attachment":[{"href":"https:\/\/aaq.ch\/fr\/wp-json\/wp\/v2\/media?parent=8844"}],"curies":[{"name":"wp","href":"https:\/\/api.w.org\/{rel}","templated":true}]}}