{"id":8085,"date":"2016-08-23T13:59:35","date_gmt":"2016-08-23T12:59:35","guid":{"rendered":"http:\/\/aaq.ch\/fr\/?page_id=8085"},"modified":"2018-09-03T10:43:12","modified_gmt":"2018-09-03T09:43:12","slug":"aaq-institutional-accreditation-day-2016-inscription","status":"publish","type":"page","link":"https:\/\/aaq.ch\/fr\/aaq-institutional-accreditation-day-2016-inscription\/","title":{"rendered":"AAQ Institutional Accreditation Day 2016"},"content":{"rendered":"<div class=\"wpb-content-wrapper\">[vc_row][vc_column width=\"1\/2\"][vc_column_text]\n<div class=\"wpcf7 no-js\" id=\"wpcf7-f8084-o1\" lang=\"de-DE\" dir=\"ltr\">\n<div class=\"screen-reader-response\"><p role=\"status\" aria-live=\"polite\" aria-atomic=\"true\"><\/p> <ul><\/ul><\/div>\n<form action=\"\/fr\/wp-json\/wp\/v2\/pages\/8085#wpcf7-f8084-o1\" method=\"post\" class=\"wpcf7-form init\" aria-label=\"Kontaktformular\" novalidate=\"novalidate\" data-status=\"init\">\n<div style=\"display: none;\">\n<input type=\"hidden\" name=\"_wpcf7\" value=\"8084\" \/>\n<input type=\"hidden\" name=\"_wpcf7_version\" value=\"5.9.8\" \/>\n<input type=\"hidden\" name=\"_wpcf7_locale\" value=\"de_DE\" \/>\n<input type=\"hidden\" name=\"_wpcf7_unit_tag\" value=\"wpcf7-f8084-o1\" \/>\n<input type=\"hidden\" name=\"_wpcf7_container_post\" value=\"0\" \/>\n<input type=\"hidden\" name=\"_wpcf7_posted_data_hash\" value=\"\" \/>\n<\/div>\n<p>*Champs obligatoires\n<\/p>\n<p>Nom(s)*\n<\/p>\n<p><span class=\"wpcf7-form-control-wrap\" data-name=\"nachname\"><input size=\"40\" maxlength=\"400\" class=\"wpcf7-form-control wpcf7-text wpcf7-validates-as-required\" aria-required=\"true\" aria-invalid=\"false\" value=\"\" type=\"text\" name=\"nachname\" \/><\/span>\n<\/p>\n<p>Pr\u00e9nom(s)*\n<\/p>\n<p><span class=\"wpcf7-form-control-wrap\" data-name=\"vorname\"><input size=\"40\" maxlength=\"400\" class=\"wpcf7-form-control wpcf7-text wpcf7-validates-as-required\" aria-required=\"true\" aria-invalid=\"false\" value=\"\" type=\"text\" name=\"vorname\" \/><\/span>\n<\/p>\n<p>Titres\n<\/p>\n<p><span class=\"wpcf7-form-control-wrap\" data-name=\"titel\"><input size=\"40\" maxlength=\"400\" class=\"wpcf7-form-control wpcf7-text\" aria-invalid=\"false\" value=\"\" type=\"text\" name=\"titel\" \/><\/span>\n<\/p>\n<p>Fonction*\n<\/p>\n<p><span class=\"wpcf7-form-control-wrap\" data-name=\"funktion\"><input size=\"40\" maxlength=\"400\" class=\"wpcf7-form-control wpcf7-text wpcf7-validates-as-required\" aria-required=\"true\" aria-invalid=\"false\" value=\"\" type=\"text\" name=\"funktion\" \/><\/span>\n<\/p>\n<p>Institution*\n<\/p>\n<p><span class=\"wpcf7-form-control-wrap\" data-name=\"institution\"><input size=\"40\" maxlength=\"400\" class=\"wpcf7-form-control wpcf7-text wpcf7-validates-as-required\" aria-required=\"true\" aria-invalid=\"false\" value=\"\" type=\"text\" name=\"institution\" \/><\/span>\n<\/p>\n<p>Adresse\n<\/p>\n<p><span class=\"wpcf7-form-control-wrap\" data-name=\"adresse\"><input size=\"40\" maxlength=\"400\" class=\"wpcf7-form-control wpcf7-text\" aria-invalid=\"false\" value=\"\" type=\"text\" name=\"adresse\" \/><\/span>\n<\/p>\n<p>Pays*\n<\/p>\n<p><span class=\"wpcf7-form-control-wrap\" data-name=\"land\"><input size=\"40\" maxlength=\"400\" class=\"wpcf7-form-control wpcf7-text wpcf7-validates-as-required\" aria-required=\"true\" aria-invalid=\"false\" value=\"\" type=\"text\" name=\"land\" \/><\/span>\n<\/p>\n<p>Email*\n<\/p>\n<p><span class=\"wpcf7-form-control-wrap\" data-name=\"e-mail\"><input size=\"40\" maxlength=\"400\" class=\"wpcf7-form-control wpcf7-email wpcf7-validates-as-required wpcf7-text wpcf7-validates-as-email\" aria-required=\"true\" aria-invalid=\"false\" value=\"\" type=\"email\" name=\"e-mail\" \/><\/span>\n<\/p>\n<p>Langue souhait\u00e9e pour le workshop de l'apr\u00e8s-midi*\n<\/p>\n<div class=\"inline\">\n\t<p><span class=\"left\">1er choix:<span class=\"wpcf7-form-control-wrap\" data-name=\"Wahl1\"><select class=\"wpcf7-form-control wpcf7-select wpcf7-validates-as-required float-left\" aria-required=\"true\" aria-invalid=\"false\" name=\"Wahl1\"><option value=\"\">&#8211; Bitte ausw\u00e4hlen &#8211;<\/option><option value=\"Allemand\">Allemand<\/option><option value=\"Fran\u00e7ais\">Fran\u00e7ais<\/option><option value=\"Anglais\">Anglais<\/option><\/select><\/span><\/span><span class=\"right\">2\u00e8me choix:<span class=\"wpcf7-form-control-wrap\" data-name=\"Wahl2\"><select class=\"wpcf7-form-control wpcf7-select wpcf7-validates-as-required float-left\" aria-required=\"true\" aria-invalid=\"false\" name=\"Wahl2\"><option value=\"\">&#8211; Bitte ausw\u00e4hlen &#8211;<\/option><option value=\"Allemand\">Allemand<\/option><option value=\"Fran\u00e7ais\">Fran\u00e7ais<\/option><option value=\"Anglais\">Anglais<\/option><\/select><\/span><\/span>\n\t<\/p>\n<\/div>\n<p>V\u00e9g\u00e9tarien*<br \/>\n<span class=\"wpcf7-form-control-wrap\" data-name=\"Vegetarier\"><select class=\"wpcf7-form-control wpcf7-select wpcf7-validates-as-required float-left\" aria-required=\"true\" aria-invalid=\"false\" name=\"Vegetarier\"><option value=\"\">&#8211; Bitte ausw\u00e4hlen &#8211;<\/option><option value=\"oui\">oui<\/option><option value=\"non\">non<\/option><\/select><\/span>\n<\/p>\n<p>Commentaires\n<\/p>\n<p><span class=\"wpcf7-form-control-wrap\" data-name=\"bemerkungen\"><textarea cols=\"40\" rows=\"10\" maxlength=\"2000\" class=\"wpcf7-form-control wpcf7-textarea\" aria-invalid=\"false\" name=\"bemerkungen\"><\/textarea><\/span>\n<\/p>\n<p><input class=\"wpcf7-form-control wpcf7-submit has-spinner\" type=\"submit\" value=\"envoyer\" \/>\n<\/p><div class=\"wpcf7-response-output\" aria-hidden=\"true\"><\/div>\n<\/form>\n<\/div>\n[\/vc_column_text][\/vc_column][vc_column width=\"1\/2\"][vc_column_text]\n<h3>Inscription<\/h3>\n<h5>AAQ Institutional Accreditation Day<br \/>\nvendredi 25 novembre 2016<\/h5>\n<p><b>Les inscriptions sont ferm\u00e9es. En nous transmettant le formulaire rempli, vous \u00eates plac\u00e9 dans une liste d\u2019attente.<\/b><\/p>\n<ul>\n<li>si une place se rend disponible, vous recevrez une confirmation de votre inscription par email;<\/li>\n<li>la participation est gratuite;<\/li>\n<li>l'\u00e9ventuelle organisation du voyage ou de l\u2019h\u00f4tel sont pris en charge par le\/la participant-e;<\/li>\n<li>Le colloque sera plurilingue et se d\u00e9roulera en allemand, fran\u00e7ais et anglais; aucun service de traduction ni d\u2019interpr\u00e9tation ne sera disponible sur place.<\/li>\n<\/ul>\n[\/vc_column_text][\/vc_column][\/vc_row]\n<\/div>","protected":false},"excerpt":{"rendered":"<p>[vc_row][vc_column width=\u00a0\u00bb1\/2&Prime;][vc_column_text][\/vc_column_text][\/vc_column][vc_column width=\u00a0\u00bb1\/2&Prime;][vc_column_text]<br \/>\nInscription<br \/>\nAAQ Institutional Accreditation Day<br \/>\nvendredi 25 novembre 2016<\/p>\n<p>Les inscriptions sont ferm\u00e9es. En nous transmettant le formulaire rempli, vous \u00eates plac\u00e9 dans une liste d\u2019attente.<\/p>\n<p>si une place se rend disponible,<\/p>\n","protected":false},"author":1,"featured_media":0,"parent":0,"menu_order":0,"comment_status":"closed","ping_status":"closed","template":"page-nosidebar.php","meta":{"footnotes":""},"_links":{"self":[{"href":"https:\/\/aaq.ch\/fr\/wp-json\/wp\/v2\/pages\/8085"}],"collection":[{"href":"https:\/\/aaq.ch\/fr\/wp-json\/wp\/v2\/pages"}],"about":[{"href":"https:\/\/aaq.ch\/fr\/wp-json\/wp\/v2\/types\/page"}],"author":[{"embeddable":true,"href":"https:\/\/aaq.ch\/fr\/wp-json\/wp\/v2\/users\/1"}],"replies":[{"embeddable":true,"href":"https:\/\/aaq.ch\/fr\/wp-json\/wp\/v2\/comments?post=8085"}],"version-history":[{"count":7,"href":"https:\/\/aaq.ch\/fr\/wp-json\/wp\/v2\/pages\/8085\/revisions"}],"predecessor-version":[{"id":8315,"href":"https:\/\/aaq.ch\/fr\/wp-json\/wp\/v2\/pages\/8085\/revisions\/8315"}],"wp:attachment":[{"href":"https:\/\/aaq.ch\/fr\/wp-json\/wp\/v2\/media?parent=8085"}],"curies":[{"name":"wp","href":"https:\/\/api.w.org\/{rel}","templated":true}]}}