{"id":7927,"date":"2016-05-26T14:27:17","date_gmt":"2016-05-26T13:27:17","guid":{"rendered":"http:\/\/aaq.ch\/fr\/laaq\/strategie\/"},"modified":"2026-02-05T12:04:02","modified_gmt":"2026-02-05T11:04:02","slug":"strategie","status":"publish","type":"page","link":"https:\/\/aaq.ch\/fr\/laaq\/strategie\/","title":{"rendered":"Strategie"},"content":{"rendered":"<div class=\"wpb-content-wrapper\">[vc_row][vc_column][vc_column_text]\n<h4>Strat\u00e9gie<\/h4>\n[\/vc_column_text][vc_column_text]Cette strat\u00e9gie d\u00e9finit la direction dans laquelle l'Agence suisse d'accr\u00e9ditation et d'assurance qualit\u00e9 (AAQ) va mettre en \u0153uvre son mandat l\u00e9gal, dans un environnement en \u00e9volution ainsi qu'en r\u00e9ponse \u00e0 des attentes et besoins changeants des parties prenantes, avec les ressources \u00e0 sa disposition. La mise en \u0153uvre de la strat\u00e9gie se fait au moyen d\u2019un plan d\u2019action \u00e9volutif, r\u00e9vis\u00e9 chaque ann\u00e9e et adapt\u00e9 si n\u00e9cessaire.<\/p>\n<p><strong>Vision<\/strong><\/p>\n<p>L'AAQ est une agence ind\u00e9pendante solidement ancr\u00e9e dans l'espace europ\u00e9en de l'enseignement sup\u00e9rieur. Elle s'engage \u00e0 promouvoir la libert\u00e9 acad\u00e9mique et l'int\u00e9grit\u00e9 scientifique, la participation des parties prenantes aux processus d\u00e9cisionnels ainsi que la production et l'\u00e9change de connaissances avanc\u00e9es ou innovantes.<\/p>\n<p>L'AAQ soutient les \u00e9tablissements d'enseignement sup\u00e9rieur dans la mise en \u0153uvre de leurs missions fondamentales et dans l'exercice d'une citoyennet\u00e9 active et participative. Elle accompagne \u00e9galement les \u00e9tablissements d'enseignement sup\u00e9rieur dans l'int\u00e9gration du d\u00e9veloppement durable, de l'\u00e9galit\u00e9 des chances et de la num\u00e9risation.<\/p>\n<p><span class=\"Apple-converted-space\">\u00a0<b>M<\/b><\/span><b>andat<span class=\"Apple-converted-space\">\u00a0<\/span><\/b><\/p>\n<p>L'AAQ m\u00e8ne des proc\u00e9dures d'accr\u00e9ditation des institutions et des programmes sur la base de la Loi sur la promotion et la coordination de l'enseignement sup\u00e9rieur (LEHE).<span class=\"Apple-converted-space\">\u00a0<\/span><\/p>\n<p>En outre, l'AAQ effectue des accr\u00e9ditations de programmes dans le cadre de la Loi sur les professions m\u00e9dicales (formation de base et continue), de la Loi sur les professions psychologiques (formation continue) et de la Loi sur les professions de la sant\u00e9 (formation de base), ainsi que des \u00e9valuations sur mesure, des accr\u00e9ditations de syst\u00e8mes en Allemagne et des audits de qualit\u00e9 en Autriche.<span class=\"Apple-converted-space\">\u00a0<\/span><\/p>\n<p>Les proc\u00e9dures de l'AAQ sont conformes aux normes internationales. Pour ce faire, l'AAQ r\u00e9fl\u00e9chit en permanence aux m\u00e9thodes de ses proc\u00e9dures et les d\u00e9veloppe davantage. Elle entretient un \u00e9change avec les groupes d'int\u00e9r\u00eat nationaux et travaille en r\u00e9seau avec les organisations d'accr\u00e9ditation et d'assurance qualit\u00e9 dans l'Espace europ\u00e9en de l'enseignement sup\u00e9rieur.<span class=\"Apple-converted-space\">\u00a0<\/span><\/p>\n<p><b>Principes<span class=\"Apple-converted-space\">\u00a0<\/span><\/b><\/p>\n<p>L'AAQ promeut l'<b>assurance et le d\u00e9veloppement de la qualit\u00e9 <\/b>dans les hautes \u00e9coles par des m\u00e9thodes innovantes et ax\u00e9es sur les objectifs.<span class=\"Apple-converted-space\">\u00a0<\/span><\/p>\n<p>L'AAQ se consid\u00e8re comme un <b>partenaire externe <\/b>en mati\u00e8re d'assurance et de d\u00e9veloppement de la qualit\u00e9.<span class=\"Apple-converted-space\">\u00a0<\/span><\/p>\n<p>L'AAQ <b>respecte <\/b>l'autonomie des hautes \u00e9coles, la diversit\u00e9 des disciplines et des institutions, ainsi que la diversit\u00e9 culturelle et linguistique.<span class=\"Apple-converted-space\">\u00a0<\/span><\/p>\n<p>L'AAQ est <b>ind\u00e9pendante<\/b>, travaille avec des m\u00e9thodes reconnues au niveau international, utilise un large r\u00e9seau pour la mise en oeuvre de sa mission et dispose de nombreuses ann\u00e9es d'expertise.<span class=\"Apple-converted-space\">\u00a0<\/span><\/p>\n<p>L'AAQ agit en tant qu'organisation <strong>durable<\/strong>.<\/p>\n<p><b>Valeurs<\/b><\/p>\n<ul style=\"list-style-type: square;\">\n<li>Transparence<\/li>\n<li>Respect,<\/li>\n<li>Estime<\/li>\n<li>Engagement<\/li>\n<li>Fiabilit\u00e9<\/li>\n<\/ul>\n<p><b>Objectifs strat\u00e9giques<\/b><\/p>\n<p><b>1 <\/b><strong>L\u2019AAQ renforce sa position d'agence ind\u00e9pendante et agile en Suisse et \u00e0 l'\u00e9tranger. Elle a un profil clair dans tous les domaines d'activit\u00e9.<\/strong><\/p>\n<p><b>2 L\u2019AAQ acc\u00e8de \u00e0 des connaissances internes et externes et r\u00e9fl\u00e9chit en permanence \u00e0 ses actions.<\/b><\/p>\n<p><b>3 L\u2019AAQ assure une communication active et transparente.<\/b><\/p>\n<p><b>4 L\u2019AAQ maintient une culture de travail coop\u00e9rative et favorise le d\u00e9veloppement de ses employ\u00e9s.<span class=\"Apple-converted-space\">\u00a0<\/span><\/b><\/p>\n<p>&nbsp;<\/p>\n<p>&gt; Rapport strat\u00e9gique 2025 (disponible en <a href=\"https:\/\/aaq.ch\/wp\/wp-content\/uploads\/dlm_uploads\/2026\/02\/2025-10-21-Reporting-2021-2025-DE.pdf\">DE<\/a> et <a href=\"https:\/\/aaq.ch\/wp\/wp-content\/uploads\/dlm_uploads\/2026\/02\/2025-10-21-Reporting-2021-2025-EN.pdf\">EN<\/a>)[\/vc_column_text][\/vc_column][\/vc_row]\n<\/div>","protected":false},"excerpt":{"rendered":"<p>[vc_row][vc_column][vc_column_text]<br \/>\nStrat\u00e9gie<br \/>\n[\/vc_column_text][vc_column_text]Cette strat\u00e9gie d\u00e9finit la direction dans laquelle l&rsquo;Agence suisse d&rsquo;accr\u00e9ditation et d&rsquo;assurance qualit\u00e9 (AAQ) va mettre en \u0153uvre son mandat l\u00e9gal, dans un environnement en \u00e9volution ainsi qu&rsquo;en r\u00e9ponse \u00e0<\/p>\n","protected":false},"author":10,"featured_media":0,"parent":6151,"menu_order":2,"comment_status":"closed","ping_status":"open","template":"page-side-navigation.php","meta":{"footnotes":""},"_links":{"self":[{"href":"https:\/\/aaq.ch\/fr\/wp-json\/wp\/v2\/pages\/7927"}],"collection":[{"href":"https:\/\/aaq.ch\/fr\/wp-json\/wp\/v2\/pages"}],"about":[{"href":"https:\/\/aaq.ch\/fr\/wp-json\/wp\/v2\/types\/page"}],"author":[{"embeddable":true,"href":"https:\/\/aaq.ch\/fr\/wp-json\/wp\/v2\/users\/10"}],"replies":[{"embeddable":true,"href":"https:\/\/aaq.ch\/fr\/wp-json\/wp\/v2\/comments?post=7927"}],"version-history":[{"count":15,"href":"https:\/\/aaq.ch\/fr\/wp-json\/wp\/v2\/pages\/7927\/revisions"}],"predecessor-version":[{"id":17534,"href":"https:\/\/aaq.ch\/fr\/wp-json\/wp\/v2\/pages\/7927\/revisions\/17534"}],"up":[{"embeddable":true,"href":"https:\/\/aaq.ch\/fr\/wp-json\/wp\/v2\/pages\/6151"}],"wp:attachment":[{"href":"https:\/\/aaq.ch\/fr\/wp-json\/wp\/v2\/media?parent=7927"}],"curies":[{"name":"wp","href":"https:\/\/api.w.org\/{rel}","templated":true}]}}