{"id":7911,"date":"2016-05-27T08:06:36","date_gmt":"2016-05-27T07:06:36","guid":{"rendered":"http:\/\/aaq.ch\/fr\/?page_id=7911"},"modified":"2025-06-03T16:25:29","modified_gmt":"2025-06-03T15:25:29","slug":"mandat","status":"publish","type":"page","link":"https:\/\/aaq.ch\/fr\/laaq\/mandat\/","title":{"rendered":"Mandat"},"content":{"rendered":"<div class=\"wpb-content-wrapper\">[vc_row][vc_column][vc_column_text]\n<h4>Mandat<\/h4>\n[\/vc_column_text][vc_column_text]L\u2019AAQ est l\u2019Agence suisse d\u2019accr\u00e9ditation et d\u2019assurance qualit\u00e9. Elle d\u00e9pend du\u00a0<a href=\"http:\/\/www.akkreditierungsrat.ch\/fr\" target=\"_blank\" rel=\"noopener\">Conseil suisse d\u2019accr\u00e9ditation<\/a>.\u00a0L\u2019AAQ r\u00e9alise des accr\u00e9ditations institutionnelles dans le paysage suisse des hautes \u00e9coles conform\u00e9ment \u00e0 la LEHE.<\/p>\n<p>Par ailleurs, la loi sur les professions m\u00e9dicales et la loi sur les professions relevant du domaine de la psychologie conf\u00e8re \u00e0 l\u2019AAQ le r\u00f4le d\u2019organe d\u2019accr\u00e9ditation pour les formations m\u00e9dicales initiales et postgrades, ainsi que pour les formations postgrades des professions de la psychologie, qui comprennent la psychoth\u00e9rapie, la psychologie de l\u2019enfant et de l\u2019adolescent, la psychologie clinique, la neuropsychologie et la psychologie de la sant\u00e9.<\/p>\n<p>L\u2019AAQ fait partie d\u2019un r\u00e9seau international et est habilit\u00e9e pour r\u00e9aliser des accr\u00e9ditations en Allemagne et en Autriche. De plus, elle r\u00e9alise des \u00e9valuations internationales dans des cas particuliers.<\/p>\n<p>En tant que partenaire externe, l\u2019AAQ offre un soutien aux hautes \u00e9coles pour la conception de leurs syst\u00e8mes d\u2019assurance qualit\u00e9 et apporte ainsi sa contribution au d\u00e9veloppement d\u2019une culture de la qualit\u00e9.[\/vc_column_text][\/vc_column][\/vc_row]\n<\/div>","protected":false},"excerpt":{"rendered":"<p>[vc_row][vc_column][vc_column_text]<br \/>\nMandat<br \/>\n[\/vc_column_text][vc_column_text]L\u2019AAQ est l\u2019Agence suisse d\u2019accr\u00e9ditation et d\u2019assurance qualit\u00e9. Elle d\u00e9pend du\u00a0Conseil suisse d\u2019accr\u00e9ditation.\u00a0L\u2019AAQ r\u00e9alise des accr\u00e9ditations institutionnelles dans le paysage suisse des hautes \u00e9coles conform\u00e9ment \u00e0 la LEHE.<\/p>\n<p>Par ailleurs, la<\/p>\n","protected":false},"author":10,"featured_media":0,"parent":6151,"menu_order":1,"comment_status":"closed","ping_status":"open","template":"page-side-navigation.php","meta":{"footnotes":""},"_links":{"self":[{"href":"https:\/\/aaq.ch\/fr\/wp-json\/wp\/v2\/pages\/7911"}],"collection":[{"href":"https:\/\/aaq.ch\/fr\/wp-json\/wp\/v2\/pages"}],"about":[{"href":"https:\/\/aaq.ch\/fr\/wp-json\/wp\/v2\/types\/page"}],"author":[{"embeddable":true,"href":"https:\/\/aaq.ch\/fr\/wp-json\/wp\/v2\/users\/10"}],"replies":[{"embeddable":true,"href":"https:\/\/aaq.ch\/fr\/wp-json\/wp\/v2\/comments?post=7911"}],"version-history":[{"count":9,"href":"https:\/\/aaq.ch\/fr\/wp-json\/wp\/v2\/pages\/7911\/revisions"}],"predecessor-version":[{"id":16686,"href":"https:\/\/aaq.ch\/fr\/wp-json\/wp\/v2\/pages\/7911\/revisions\/16686"}],"up":[{"embeddable":true,"href":"https:\/\/aaq.ch\/fr\/wp-json\/wp\/v2\/pages\/6151"}],"wp:attachment":[{"href":"https:\/\/aaq.ch\/fr\/wp-json\/wp\/v2\/media?parent=7911"}],"curies":[{"name":"wp","href":"https:\/\/api.w.org\/{rel}","templated":true}]}}