{"id":7899,"date":"2016-05-26T13:47:49","date_gmt":"2016-05-26T12:47:49","guid":{"rendered":"http:\/\/aaq.ch\/fr\/?page_id=7899"},"modified":"2026-02-19T16:01:40","modified_gmt":"2026-02-19T15:01:40","slug":"principes-de-qualite","status":"publish","type":"page","link":"https:\/\/aaq.ch\/fr\/laaq\/principes-de-qualite\/","title":{"rendered":"Principes de qualit\u00e9"},"content":{"rendered":"<div class=\"wpb-content-wrapper\">[vc_row][vc_column][vc_column_text]\n<h4>Principes de qualit\u00e9<\/h4>\n[\/vc_column_text][vc_column_text]L\u2019AAQ se consid\u00e8re comme une organisation apprenante, dont la culture d\u2019entreprise est marqu\u00e9e par le respect, le soutien mutuel et la loyaut\u00e9.<\/p>\n<p>L\u2019AAQ se soumet, pour ses propres propres travaux et processus d\u2019\u00e9valuation, aux m\u00eames exigences de qualit\u00e9 que celles qu\u2019elle impose dans les proc\u00e9dures concernant les hautes \u00e9coles. La comp\u00e9tence et la motivation de ses collaboratrices et collaborateurs sont pour l\u2019AAQ des valeurs essentielles.[\/vc_column_text]<div class=\"hr none\" style=\"margin:10px 0px !important;\"><\/div><div class=\"clearfix\"><\/div>[\/vc_column][\/vc_row][vc_row][vc_column][vc_column_text]\n<h4>Port\u00e9e du d\u00e9veloppement et de l\u2019assurance de la qualit\u00e9 interne<\/h4>\n[\/vc_column_text][\/vc_column][\/vc_row][vc_row][vc_column width=\"2\/3\"][vc_single_image image=\"7873\" img_size=\"full\"][\/vc_column][vc_column width=\"1\/3\"][vc_column_text]Les sept composantes du d\u00e9veloppement et de l\u2019assurance de la qualit\u00e9 internesont facilit\u00e9es et soutenues par les instruments de l\u2019AAQ (en bas) et se rapportent aux \u00e9l\u00e9ments requis et aux r\u00e9sultats du travail de l\u2019AAQ (sur les c\u00f4t\u00e9s).[\/vc_column_text][\/vc_column][\/vc_row][vc_row][vc_column]<div class=\"hr solid_light\" style=\"margin:15px 0px !important;\"><\/div><div class=\"clearfix\"><\/div>[\/vc_column][\/vc_row][vc_row][vc_column]<div class=\"toggle style4\"><div class=\"toggle-title active\"><div class=\"status-icon fright\"><i class=\"fa fa-plus\"><\/i><\/div><span><i class='icon fa fa-download'><\/i> Downloads<\/span><\/div><div class=\"toggle-inner\"><ul class=\"dlm-downloads\"><li><a class=\"download-link\" title=\"\" href=\"https:\/\/aaq.ch\/fr\/download\/document-qualite\/?tmstv=1775867588\" rel=\"nofollow\">\n\tDocument qualit\u00e9  \n\t(pdf, 534,75 Ko)\n\t\n<\/a><\/li><\/ul>\n\t\t\t\t<\/div><\/div><div class=\"toggle style4\"><div class=\"toggle-title active\"><div class=\"status-icon fright\"><i class=\"fa fa-plus\"><\/i><\/div><span><i class='icon fa fa-user'><\/i> Contact<\/span><\/div><div class=\"toggle-inner\">Livia L\u00fcthi<br \/>\n<a href=\"&#109;&#x61;&#105;&#x6c;&#116;&#x6f;:&#x6c;i&#x76;i&#97;&#x2e;&#108;&#x75;&#101;&#x74;&#104;&#x69;&#64;&#x61;a&#x71;&#46;&#99;&#x68;\">livi&#97;&#46;&#108;&#117;&#101;&#116;&#104;&#x69;&#x40;&#x61;&#x61;&#x71;&#x2e;&#x63;&#x68;<\/a><\/div><\/div>[\/vc_column][\/vc_row]\n<\/div>","protected":false},"excerpt":{"rendered":"<p>[vc_row][vc_column][vc_column_text]<br \/>\nPrincipes de qualit\u00e9<br \/>\n[\/vc_column_text][vc_column_text]L\u2019AAQ se consid\u00e8re comme une organisation apprenante, dont la culture d\u2019entreprise est marqu\u00e9e par le respect, le soutien mutuel et la loyaut\u00e9.<\/p>\n<p>L\u2019AAQ se soumet, pour ses propres propres<\/p>\n","protected":false},"author":10,"featured_media":0,"parent":6151,"menu_order":3,"comment_status":"closed","ping_status":"open","template":"page-side-navigation.php","meta":{"footnotes":""},"_links":{"self":[{"href":"https:\/\/aaq.ch\/fr\/wp-json\/wp\/v2\/pages\/7899"}],"collection":[{"href":"https:\/\/aaq.ch\/fr\/wp-json\/wp\/v2\/pages"}],"about":[{"href":"https:\/\/aaq.ch\/fr\/wp-json\/wp\/v2\/types\/page"}],"author":[{"embeddable":true,"href":"https:\/\/aaq.ch\/fr\/wp-json\/wp\/v2\/users\/10"}],"replies":[{"embeddable":true,"href":"https:\/\/aaq.ch\/fr\/wp-json\/wp\/v2\/comments?post=7899"}],"version-history":[{"count":6,"href":"https:\/\/aaq.ch\/fr\/wp-json\/wp\/v2\/pages\/7899\/revisions"}],"predecessor-version":[{"id":17675,"href":"https:\/\/aaq.ch\/fr\/wp-json\/wp\/v2\/pages\/7899\/revisions\/17675"}],"up":[{"embeddable":true,"href":"https:\/\/aaq.ch\/fr\/wp-json\/wp\/v2\/pages\/6151"}],"wp:attachment":[{"href":"https:\/\/aaq.ch\/fr\/wp-json\/wp\/v2\/media?parent=7899"}],"curies":[{"name":"wp","href":"https:\/\/api.w.org\/{rel}","templated":true}]}}