{"id":6489,"date":"2014-11-15T10:28:48","date_gmt":"2014-11-15T10:28:48","guid":{"rendered":"http:\/\/aaq.ch\/wp\/laaq\/international\/"},"modified":"2024-10-29T14:06:18","modified_gmt":"2024-10-29T13:06:18","slug":"international","status":"publish","type":"page","link":"https:\/\/aaq.ch\/fr\/laaq\/international\/","title":{"rendered":"International"},"content":{"rendered":"<div class=\"wpb-content-wrapper\">[vc_row][vc_column][vc_column_text css=\".vc_custom_1439556571149{margin-bottom: 35px !important;}\"]\n<h4>International<\/h4>\n<p><strong>Die AAQ ist international vernetzt. Durch die Zusammenarbeit mit ausl\u00e4ndischen Agenturen und Institutionen entwickelt sie die Qualit\u00e4tskultur im europ\u00e4ischen Hochschulraum aktiv mit. Die internationale Ausrichtung gew\u00e4hrleistet, dass europ\u00e4ische Standards eingehalten und Best Practices zur Anwendung kommen.<\/strong><\/p>\n<p>Die AAQ erf\u00fcllt die Richtlinien der \"European Standards and Guidelines for Quality Assurance in the Higher Education Area (ESG)\". Sie ist Mitglied von ENQA (European Association for Quality Assurance in Higher Education), INQAHEE und ist EQAR-gelistet. EQAR ist ein internationales Verzeichnis f\u00fcr Agenturen, die sich durch eine konsequente Umsetzung der ESG auszeichnen. Dar\u00fcber hinaus ist die AAQ Mitglied im Quality Audit Network (QAN) und hat das \"R\u00e9seau FrAQ-Sup\", ein Netzwerk franz\u00f6sischsprachiger Agenturen, mitgegr\u00fcndet.<\/p>\n<p>Die AAQ ist vom Deutschen Akkreditierungsrat zugelassen, in Deutschland System- und Programmakkreditierungen durchzuf\u00fchren.<\/p>\n<p>Die Verfahren der AAQ entsprechen den Standards des ENAEE und berechtigen daher zur Vergabe des EUR-ACE Label an Ingenieurstudieng\u00e4nge.[\/vc_column_text][\/vc_column][\/vc_row][vc_row][vc_column]<div class=\"hr none\" style=\"margin:15px 0px !important;\"><\/div><div class=\"clearfix\"><\/div>[vc_gallery type=\"image_grid\" images=\"5763,5751,6042,5747,7691,5755\" img_size=\"220x220\" onclick=\"custom_link\" custom_links_target=\"_blank\" custom_links=\"#E-8_JUZGJUZDMCVDMSVFOSVFQWklRUIlQTElQjYlREFsJUZGJUZDMCVDMSVFQSU5QSVBRCVFQiVCRiU4NiVEQmklRkYlRkMwJUMxJUE5JTI0JUFEJUU3YiVCNiUyNyVBQiVCQXglMkMlQUQlQUIlNUR6JTFCbSVBNyVGRiVGMCVDMyUwNyVBN2klRTclOUUlQkElMUJtJUE3JUZGJUYwJUMzJTA3JUVCaiVBQi4lQTUlRkElRkYlODYlREJpJUZGJUZDMCVDMiUyOSVFQWklQTglNUUlQTIlQjg=\"][\/vc_column][\/vc_row][vc_row][vc_column]<div class=\"hr none\" style=\"margin:10px 0px !important;\"><\/div><div class=\"clearfix\"><\/div>[\/vc_column][\/vc_row][vc_row][vc_column width=\"2\/3\"][vc_tta_accordion style=\"flat\" shape=\"square\" c_position=\"right\" active_section=\"1\"][vc_tta_section i_icon_fontawesome=\"fa fa-download\" add_icon=\"true\" title=\"Downloads\" tab_id=\"d11eb005-75db-cl\"][vc_column_text]<ul class=\"dlm-downloads\"><li><a class=\"download-link\" title=\"\" href=\"https:\/\/aaq.ch\/fr\/download\/enqa-coordinated-review-of-aaq-2020-self-assessment-report\/?tmstv=1775840558\" rel=\"nofollow\">\n\tENQA coordinated review of AAQ 2020-21: self-assessment report  \n\t(pdf, 4,14 Mo)\n\t\n<\/a><\/li><li><a class=\"download-link\" title=\"\" href=\"https:\/\/aaq.ch\/fr\/download\/aaq-follow-up-table-esg-review\/?tmstv=1775840558\" rel=\"nofollow\">\n\tAAQ Follow-up table ESG review  \n\t(pdf, 157,30 Ko)\n\t\n<\/a><\/li><li><a class=\"download-link\" title=\"\" href=\"https:\/\/aaq.ch\/fr\/download\/standards-and-guidelines-for-quality-assurance-in-the-european-higher-education-area\/?tmstv=1775840558\" rel=\"nofollow\">\n\tStandards and Guidelines for quality assurance in the European Higher Education Area  \n\t(pdf, 706,72 Ko)\n\t\n<\/a><\/li><\/ul>\n\t\t\t\t[\/vc_column_text][\/vc_tta_section][vc_tta_section i_icon_fontawesome=\"fa fa-user\" add_icon=\"true\" title=\"Kontakt\" tab_id=\"fc42d53c-69bf-cl\"][vc_column_text]Dr. Christoph Grolimund<br \/>\n<a href=\"&#x6d;a&#x69;&#108;&#x74;&#x6f;:&#x63;&#104;&#x72;&#x69;s&#x74;&#111;&#x70;&#x68;&#46;&#x67;&#114;&#x6f;&#x6c;i&#x6d;&#117;&#x6e;&#x64;&#64;&#x61;&#97;&#x71;&#x2e;c&#x68;\">&#99;&#x68;&#114;&#x69;s&#x74;o&#112;&#x68;&#46;&#x67;&#114;&#x6f;l&#x69;m&#117;&#x6e;&#100;&#x40;a&#x61;q&#x2e;&#x63;&#104;<\/a><\/p>\n<p><span class=\"Apple-style-span\">Katrin Meyer<br \/>\n<a href=\"&#x6d;&#x61;&#x69;&#x6c;&#116;&#111;:ka&#x74;&#x72;&#x69;&#x6e;&#46;&#109;eye&#x72;&#x40;&#x61;&#x61;&#113;&#46;&#99;h\">&#107;&#x61;&#x74;r&#105;&#x6e;&#46;&#109;&#x65;&#x79;&#101;&#x72;&#x40;a&#97;&#x71;&#46;&#99;&#x68;<\/a><\/span>[\/vc_column_text][\/vc_tta_section][\/vc_tta_accordion][\/vc_column][vc_column width=\"1\/3\"][\/vc_column][\/vc_row]\n<\/div>","protected":false},"excerpt":{"rendered":"<p>[vc_row][vc_column][vc_column_text css=\u00a0\u00bb.vc_custom_1439556571149{margin-bottom: 35px !important;}\u00a0\u00bb]<br \/>\nInternational<\/p>\n<p>Die AAQ ist international vernetzt. Durch die Zusammenarbeit mit ausl\u00e4ndischen Agenturen und Institutionen entwickelt sie die Qualit\u00e4tskultur im europ\u00e4ischen Hochschulraum aktiv mit. Die internationale Ausrichtung gew\u00e4hrleistet, dass<\/p>\n","protected":false},"author":1,"featured_media":0,"parent":6151,"menu_order":6,"comment_status":"closed","ping_status":"open","template":"page-side-navigation.php","meta":{"footnotes":""},"_links":{"self":[{"href":"https:\/\/aaq.ch\/fr\/wp-json\/wp\/v2\/pages\/6489"}],"collection":[{"href":"https:\/\/aaq.ch\/fr\/wp-json\/wp\/v2\/pages"}],"about":[{"href":"https:\/\/aaq.ch\/fr\/wp-json\/wp\/v2\/types\/page"}],"author":[{"embeddable":true,"href":"https:\/\/aaq.ch\/fr\/wp-json\/wp\/v2\/users\/1"}],"replies":[{"embeddable":true,"href":"https:\/\/aaq.ch\/fr\/wp-json\/wp\/v2\/comments?post=6489"}],"version-history":[{"count":12,"href":"https:\/\/aaq.ch\/fr\/wp-json\/wp\/v2\/pages\/6489\/revisions"}],"predecessor-version":[{"id":15933,"href":"https:\/\/aaq.ch\/fr\/wp-json\/wp\/v2\/pages\/6489\/revisions\/15933"}],"up":[{"embeddable":true,"href":"https:\/\/aaq.ch\/fr\/wp-json\/wp\/v2\/pages\/6151"}],"wp:attachment":[{"href":"https:\/\/aaq.ch\/fr\/wp-json\/wp\/v2\/media?parent=6489"}],"curies":[{"name":"wp","href":"https:\/\/api.w.org\/{rel}","templated":true}]}}