{"id":6471,"date":"2014-11-14T20:48:07","date_gmt":"2014-11-14T20:48:07","guid":{"rendered":"http:\/\/aaq.ch\/wp\/sitemap-2\/"},"modified":"2014-12-17T16:12:14","modified_gmt":"2014-12-17T15:12:14","slug":"plan-du-site","status":"publish","type":"page","link":"https:\/\/aaq.ch\/fr\/plan-du-site\/","title":{"rendered":"Plan du site"},"content":{"rendered":"<p><!--:de--><div class=\"wsp-container\"><h2 class=\"wsp-pages-title\">Pages<\/h2>\n<ul class=\"wsp-pages-list\">\n<li class=\"page_item page-item-16312\"><a href=\"https:\/\/aaq.ch\/fr\/aaq-day-2025-inscription\/\">AA Day 2025 \u2013 Inscription<\/a><\/li>\n<li class=\"page_item page-item-16300\"><a href=\"https:\/\/aaq.ch\/fr\/aaq-day-2025\/\">AAQ Day 2025<\/a><\/li>\n<li class=\"page_item page-item-8085\"><a href=\"https:\/\/aaq.ch\/fr\/aaq-institutional-accreditation-day-2016-inscription\/\">AAQ Institutional Accreditation Day 2016<\/a><\/li>\n<li class=\"page_item page-item-13914\"><a href=\"https:\/\/aaq.ch\/fr\/aaq-institutional-accreditation-day-2022-inscription\/\">AAQ Institutional Accreditation Day 2022<\/a><\/li>\n<li class=\"page_item page-item-11342\"><a href=\"https:\/\/aaq.ch\/fr\/datenschutzerklaerung\/\">D\u00e9claration de protection des donn\u00e9es<\/a><\/li>\n<li class=\"page_item page-item-6181 page_item_has_children\"><a href=\"https:\/\/aaq.ch\/fr\/accreditation\/\">Accr\u00e9ditation<\/a>\n<ul class='children'>\n\t<li class=\"page_item page-item-6217\"><a href=\"https:\/\/aaq.ch\/fr\/accreditation\/accreditation-institutionnelle\/\">Accr\u00e9ditation institutionnelle<\/a><\/li>\n\t<li class=\"page_item page-item-6226\"><a href=\"https:\/\/aaq.ch\/fr\/accreditation\/accreditation-de-systemes\/\">Accr\u00e9ditation de syst\u00e8mes<\/a><\/li>\n\t<li class=\"page_item page-item-8642\"><a href=\"https:\/\/aaq.ch\/fr\/accreditation\/accreditation-de-programmes\/\">Accr\u00e9ditation de programmes<\/a><\/li>\n\t<li class=\"page_item page-item-6248\"><a href=\"https:\/\/aaq.ch\/fr\/accreditation\/audit-de-la-qualite\/\">Audit de la qualit\u00e9<\/a><\/li>\n\t<li class=\"page_item page-item-6273\"><a href=\"https:\/\/aaq.ch\/fr\/accreditation\/evaluation\/\">\u00c9valuation<\/a><\/li>\n\t<li class=\"page_item page-item-6284\"><a href=\"https:\/\/aaq.ch\/fr\/accreditation\/guides-et-standards-de-qualite\/\">Guides et standards de qualit\u00e9<\/a><\/li>\n\t<li class=\"page_item page-item-8858\"><a href=\"https:\/\/aaq.ch\/fr\/accreditation\/recours\/\">Plaintes et recours<\/a><\/li>\n<\/ul>\n<\/li>\n<li class=\"page_item page-item-9091 page_item_has_children\"><a href=\"https:\/\/aaq.ch\/fr\/unesco-regional-consultation-meeting-for-western-europe\/\">UNESCO Regional Consultation Meeting for Western Europe<\/a>\n<ul class='children'>\n\t<li class=\"page_item page-item-9108\"><a href=\"https:\/\/aaq.ch\/fr\/unesco-regional-consultation-meeting-for-western-europe\/programme\/\">Programme<\/a><\/li>\n\t<li class=\"page_item page-item-9404\"><a href=\"https:\/\/aaq.ch\/fr\/unesco-regional-consultation-meeting-for-western-europe\/documentation\/\">Documentation<\/a><\/li>\n\t<li class=\"page_item page-item-9588\"><a href=\"https:\/\/aaq.ch\/fr\/unesco-regional-consultation-meeting-for-western-europe\/gallery\/\">Gallery<\/a><\/li>\n<\/ul>\n<\/li>\n<li class=\"page_item page-item-6194\"><a href=\"https:\/\/aaq.ch\/fr\/rapports-sur-les-procedures\/\">Rapports sur les proc\u00e9dures<\/a><\/li>\n<li class=\"page_item page-item-6319\"><a href=\"https:\/\/aaq.ch\/fr\/expertes-et-experts\/\">Expertes et experts<\/a><\/li>\n<li class=\"page_item page-item-6209\"><a href=\"https:\/\/aaq.ch\/fr\/publications\/\">Publications<\/a><\/li>\n<li class=\"page_item page-item-6151 page_item_has_children\"><a href=\"https:\/\/aaq.ch\/fr\/laaq\/\">L\u2019AAQ<\/a>\n<ul class='children'>\n\t<li class=\"page_item page-item-7911\"><a href=\"https:\/\/aaq.ch\/fr\/laaq\/mandat\/\">Mandat<\/a><\/li>\n\t<li class=\"page_item page-item-7927\"><a href=\"https:\/\/aaq.ch\/fr\/laaq\/strategie\/\">Strategie<\/a><\/li>\n\t<li class=\"page_item page-item-7899\"><a href=\"https:\/\/aaq.ch\/fr\/laaq\/principes-de-qualite\/\">Principes de qualit\u00e9<\/a><\/li>\n\t<li class=\"page_item page-item-8844\"><a href=\"https:\/\/aaq.ch\/fr\/laaq\/organisation-bis\/\">Organisation<\/a><\/li>\n\t<li class=\"page_item page-item-8825\"><a href=\"https:\/\/aaq.ch\/fr\/laaq\/team\/\">Team<\/a><\/li>\n\t<li class=\"page_item page-item-6489\"><a href=\"https:\/\/aaq.ch\/fr\/laaq\/international\/\">International<\/a><\/li>\n\t<li class=\"page_item page-item-7067\"><a href=\"https:\/\/aaq.ch\/fr\/laaq\/reglements\/\">R\u00e8glements<\/a><\/li>\n\t<li class=\"page_item page-item-15869\"><a href=\"https:\/\/aaq.ch\/fr\/laaq\/trasparence\/\">Principe de la transparence<\/a><\/li>\n<\/ul>\n<\/li>\n<li class=\"page_item page-item-6415\"><a href=\"https:\/\/aaq.ch\/fr\/contact\/\">Contact<\/a><\/li>\n<\/ul>\n<h2 class=\"wsp-posts-title\">Articles par cat\u00e9gorie<\/h2>\n<ul class=\"wsp-posts-list\">\n\t<li><strong class=\"wsp-category-title\">Cat\u00e9gorie\u00a0: <a href=\"https:\/\/aaq.ch\/fr\/category\/evenements\/\">Ev\u00e8nements<\/a><\/strong>\n<ul class=\"wsp-posts-list\">\t\t<li class=\"wsp-post\"><a href=\"https:\/\/aaq.ch\/fr\/aaq-institutional-accreditation-day-2022-une-synthese\/\">AAQ Institutional Accreditation Day 2022 \u2013 Une synth\u00e8se<\/a><\/li>\n\t\t<li class=\"wsp-post\"><a href=\"https:\/\/aaq.ch\/fr\/aaq-institutional-accreditation-day-2022\/\">AAQ Institutional Accreditation Day 2022<\/a><\/li>\n\t\t<li class=\"wsp-post\"><a href=\"https:\/\/aaq.ch\/fr\/aaq-institutional-accreditation-day-2020-online\/\">AAQ Institutional Accreditation Day 2020 \u2013 Online<\/a><\/li>\n\t\t<li class=\"wsp-post\"><a href=\"https:\/\/aaq.ch\/fr\/aaq-institutional-accreditation-day-2018\/\">AAQ Institutional Accreditation Day 2018<\/a><\/li>\n\t\t<li class=\"wsp-post\"><a href=\"https:\/\/aaq.ch\/fr\/unesco-regional-consultation-meeting-for-western-europe\/\">UNESCO Regional Consultation Meeting for Western Europe<\/a><\/li>\n\t\t<li class=\"wsp-post\"><a href=\"https:\/\/aaq.ch\/fr\/aaq-institutional-accreditation-day-2016-2\/\">AAQ Institutional Accreditation Day 2016<\/a><\/li>\n\t\t<li class=\"wsp-post\"><a href=\"https:\/\/aaq.ch\/fr\/psychologieberufe-informationsveranstaltung-zur-selbstbeurteilung\/\">Professions dans le domaine de la psychologie : S\u00e9ance d\u2019information sur l\u2019auto\u00e9valuation<\/a><\/li>\n<\/ul><\/li>\n\t<li><strong class=\"wsp-category-title\">Cat\u00e9gorie\u00a0: <a href=\"https:\/\/aaq.ch\/fr\/category\/news-fr\/\">News<\/a><\/strong>\n<ul class=\"wsp-posts-list\">\t\t<li class=\"wsp-post\"><a href=\"https:\/\/aaq.ch\/fr\/beatrice-windlin-directrice\/\">Beatrice Windlin a \u00e9t\u00e9 nomm\u00e9e directrice de l&rsquo;AAQ<\/a><\/li>\n\t\t<li class=\"wsp-post\"><a href=\"https:\/\/aaq.ch\/fr\/targeted-review-le-rapport-dautoevaluation-est-en-ligne\/\">Targeted Review : Le rapport d\u2019auto\u00e9valuation est en ligne !<\/a><\/li>\n\t\t<li class=\"wsp-post\"><a href=\"https:\/\/aaq.ch\/fr\/rapportannuel-2024\/\">Rapport annuel 2024 de l&rsquo;AAQ<\/a><\/li>\n\t\t<li class=\"wsp-post\"><a href=\"https:\/\/aaq.ch\/fr\/accreditation-de-la-formation-universitaire-aux-professions-medicales-universitaires-cycle-2018-2023-synthese-et-analyse-thematique\/\">Accr\u00e9ditation de la formation universitaire aux professions m\u00e9dicales universitaires, cycle 2018\u20132023 : Synth\u00e8se et analyse th\u00e9matique<\/a><\/li>\n\t\t<li class=\"wsp-post\"><a href=\"https:\/\/aaq.ch\/fr\/offre-demploi-2\/\">Rapport annuel 2023 de l&rsquo;AAQ<\/a><\/li>\n\t\t<li class=\"wsp-post\"><a href=\"https:\/\/aaq.ch\/fr\/deroulement-du-controle-des-conditions\/\">D\u00e9roulement du contr\u00f4le des conditions<\/a><\/li>\n\t\t<li class=\"wsp-post\"><a href=\"https:\/\/aaq.ch\/fr\/nouveau-guide-pour-laccreditation-des-programmes-selon-la-lehe-et-la-lpmed\/\">Nouveau guide pour l&rsquo;accr\u00e9ditation des programmes selon la LEHE et la LPM\u00e9d<\/a><\/li>\n\t\t<li class=\"wsp-post\"><a href=\"https:\/\/aaq.ch\/fr\/video-explicative-sur-l-accreditation-25\/\">Vid\u00e9o explicative sur l&rsquo;\u00ab Accr\u00e9ditation 25 \u00bb<\/a><\/li>\n\t\t<li class=\"wsp-post\"><a href=\"https:\/\/aaq.ch\/fr\/wfme-ha-riconosciuto-laaq\/\">L&rsquo;AAQ reconnue par la WFME<\/a><\/li>\n\t\t<li class=\"wsp-post\"><a href=\"https:\/\/aaq.ch\/fr\/nouveau-guide-accreditation-institutionnelle\/\">Nouveau guide : accr\u00e9ditation institutionnelle<\/a><\/li>\n\t\t<li class=\"wsp-post\"><a href=\"https:\/\/aaq.ch\/fr\/renouvellement-de-laccreditation-institutionnelle\/\">Renouvellement de l&rsquo;accr\u00e9ditation institutionnelle<\/a><\/li>\n\t\t<li class=\"wsp-post\"><a href=\"https:\/\/aaq.ch\/fr\/accreditation-institutionnelle-ehsm\/\">Accr\u00e9ditation institutionnelle: EHSM<\/a><\/li>\n\t\t<li class=\"wsp-post\"><a href=\"https:\/\/aaq.ch\/fr\/accreditation-institutionnelle-kalaidos-fh\/\">Accr\u00e9ditation institutionnelle: Kalaidos FH<\/a><\/li>\n\t\t<li class=\"wsp-post\"><a href=\"https:\/\/aaq.ch\/fr\/accreditation-institutionnelle-sth-basel-accreditee\/\">Accr\u00e9ditation institutionnelle: STH Basel accr\u00e9dit\u00e9e<\/a><\/li>\n\t\t<li class=\"wsp-post\"><a href=\"https:\/\/aaq.ch\/fr\/accreditation-institutionnelle-universitaet-basel-accreditee\/\">Accr\u00e9ditation institutionnelle: Universit\u00e4t Basel accr\u00e9dit\u00e9e<\/a><\/li>\n\t\t<li class=\"wsp-post\"><a href=\"https:\/\/aaq.ch\/fr\/accreditation-institutionnelle-universitaet-liechtenstein-accreditee\/\">Accr\u00e9ditation institutionnelle: Universit\u00e4t Liechtenstein accr\u00e9dit\u00e9e<\/a><\/li>\n\t\t<li class=\"wsp-post\"><a href=\"https:\/\/aaq.ch\/fr\/accreditation-institutionnelle-swiss-tcm-academy-accreditee\/\">Accr\u00e9ditation institutionnelle: Swiss TCM Academy accr\u00e9dit\u00e9e<\/a><\/li>\n\t\t<li class=\"wsp-post\"><a href=\"https:\/\/aaq.ch\/fr\/accreditation-institutionnelle-usi-accreditee\/\">Accr\u00e9ditation institutionnelle: USI accr\u00e9dit\u00e9e<\/a><\/li>\n\t\t<li class=\"wsp-post\"><a href=\"https:\/\/aaq.ch\/fr\/accreditation-institutionnelle-universite-de-fribourg-accreditee\/\">Accr\u00e9ditation institutionnelle: Universit\u00e9 de Fribourg accr\u00e9dit\u00e9e<\/a><\/li>\n\t\t<li class=\"wsp-post\"><a href=\"https:\/\/aaq.ch\/fr\/accreditation-institutionnelle-university-of-st-gallen-accreditee\/\">Accr\u00e9ditation institutionnelle: University of St. Gallen accr\u00e9dit\u00e9e<\/a><\/li>\n\t\t<li class=\"wsp-post\"><a href=\"https:\/\/aaq.ch\/fr\/accreditation-institutionnelle-phsh-accreditee\/\">Accr\u00e9ditation institutionnelle: PHSH accr\u00e9dit\u00e9e<\/a><\/li>\n\t\t<li class=\"wsp-post\"><a href=\"https:\/\/aaq.ch\/fr\/accreditation-institutionnelle-ivp-nms-accreditee\/\">Accr\u00e9ditation institutionnelle: IVP NMS accr\u00e9dit\u00e9e<\/a><\/li>\n\t\t<li class=\"wsp-post\"><a href=\"https:\/\/aaq.ch\/fr\/accreditation-institutionnelle-universite-de-geneve-accreditee\/\">Accr\u00e9ditation institutionnelle: Universit\u00e9 de Gen\u00e8ve accr\u00e9dit\u00e9e<\/a><\/li>\n\t\t<li class=\"wsp-post\"><a href=\"https:\/\/aaq.ch\/fr\/accreditation-institutionnelle-hep-vs-accreditee\/\">Accr\u00e9ditation institutionnelle: HEP-VS accr\u00e9dit\u00e9e<\/a><\/li>\n\t\t<li class=\"wsp-post\"><a href=\"https:\/\/aaq.ch\/fr\/accreditation-institutionnelle-universitaet-zuerich-accreditee\/\">Accr\u00e9ditation institutionnelle: Universit\u00e4t Z\u00fcrich accr\u00e9dit\u00e9e<\/a><\/li>\n\t\t<li class=\"wsp-post\"><a href=\"https:\/\/aaq.ch\/fr\/accreditation-institutionnelle-swiss-business-school-gmbh-accreditee\/\">Accr\u00e9ditation institutionnelle: Swiss Business School GmbH accr\u00e9dit\u00e9e<\/a><\/li>\n\t\t<li class=\"wsp-post\"><a href=\"https:\/\/aaq.ch\/fr\/accreditation-institutionnelle-eth-zuerich-accreditee\/\">Accr\u00e9ditation institutionnelle: ETH Z\u00fcrich accr\u00e9dit\u00e9e<\/a><\/li>\n\t\t<li class=\"wsp-post\"><a href=\"https:\/\/aaq.ch\/fr\/accreditation-institutionnelle-universitaet-luzern-accreditee\/\">Accr\u00e9ditation institutionnelle: Universit\u00e4t Luzern accr\u00e9dit\u00e9e<\/a><\/li>\n\t\t<li class=\"wsp-post\"><a href=\"https:\/\/aaq.ch\/fr\/accreditation-institutionnelle-hep-bejune-accreditee\/\">Accr\u00e9ditation institutionnelle: HEP BEJUNE accr\u00e9dit\u00e9e<\/a><\/li>\n\t\t<li class=\"wsp-post\"><a href=\"https:\/\/aaq.ch\/fr\/accreditation-institutionnelle-universitaet-bern-accreditee\/\">Accr\u00e9ditation institutionnelle: Universit\u00e4t Bern accr\u00e9dit\u00e9e<\/a><\/li>\n\t\t<li class=\"wsp-post\"><a href=\"https:\/\/aaq.ch\/fr\/the-euniq-quality-assurance-model-a-smart-simplification-of-current-systems\/\">The EUniQ quality assurance model: a smart simplification of current systems!<\/a><\/li>\n\t\t<li class=\"wsp-post\"><a href=\"https:\/\/aaq.ch\/fr\/accreditation-institutionnelle-universite-de-neuchatel-accreditee\/\">Accr\u00e9ditation institutionnelle: Universit\u00e9 de Neuch\u00e2tel accr\u00e9dit\u00e9e<\/a><\/li>\n\t\t<li class=\"wsp-post\"><a href=\"https:\/\/aaq.ch\/fr\/accreditation-institutionnelle-paedagogische-hochschule-thurgau-accreditee\/\">Accr\u00e9ditation institutionnelle: P\u00e4dagogische Hochschule Thurgau accr\u00e9dit\u00e9e<\/a><\/li>\n\t\t<li class=\"wsp-post\"><a href=\"https:\/\/aaq.ch\/fr\/accreditation-institutionnelle-paedagogische-hochschule-zug-accreditee\/\">Accr\u00e9ditation institutionnelle: P\u00e4dagogische Hochschule Zug accr\u00e9dit\u00e9e<\/a><\/li>\n\t\t<li class=\"wsp-post\"><a href=\"https:\/\/aaq.ch\/fr\/examen-esg-de-laaq-2020-21-renouvellement-de-laffiliation-a-lenqa-et-de-linscription-a-leqar\/\">Examen ESG de l\u2019AAQ 2020-21: renouvellement de l\u2019affiliation \u00e0 l\u2019ENQA et de l\u2019inscription \u00e0 l\u2019EQAR<\/a><\/li>\n\t\t<li class=\"wsp-post\"><a href=\"https:\/\/aaq.ch\/fr\/analyse-thematique-recommandations-dans-les-procedures-daccreditation\/\">Analyse th\u00e9matique \u2013 Recommandations dans les proc\u00e9dures d\u2019accr\u00e9ditation<\/a><\/li>\n\t\t<li class=\"wsp-post\"><a href=\"https:\/\/aaq.ch\/fr\/renouvellement-simplifie-de-laccreditation-prise-de-position-de-laaq-dans-le-cadre-de-la-consultation-ouverte-par-la-cshe\/\">Renouvellement simplifi\u00e9 de l&rsquo;accr\u00e9ditation \u2013 Prise de position de l&rsquo;AAQ dans le cadre de la consultation ouverte par la CSHE<\/a><\/li>\n\t\t<li class=\"wsp-post\"><a href=\"https:\/\/aaq.ch\/fr\/accreditation-selon-la-lehe-et-la-lpmed-filiere-detudes-en-chiropratique-de-luzh-accreditee\/\">Accr\u00e9ditation selon la LEHE et la LPM\u00e9d: fili\u00e8re d&rsquo;\u00e9tudes en chiropratique de l\u2019UZH accr\u00e9dit\u00e9e<\/a><\/li>\n\t\t<li class=\"wsp-post\"><a href=\"https:\/\/aaq.ch\/fr\/accreditation-institutionnelle-universite-de-lausanne-accreditee\/\">Accr\u00e9ditation institutionnelle: Universit\u00e9 de Lausanne accr\u00e9dit\u00e9e<\/a><\/li>\n\t\t<li class=\"wsp-post\"><a href=\"https:\/\/aaq.ch\/fr\/accreditation-institutionnelle-paedagogische-hochschule-zuerich-accreditee\/\">Accr\u00e9ditation institutionnelle: P\u00e4dagogische Hochschule Z\u00fcrich accr\u00e9dit\u00e9e<\/a><\/li>\n\t\t<li class=\"wsp-post\"><a href=\"https:\/\/aaq.ch\/fr\/accreditation-institutionnelle-supsi-accreditee\/\">Accr\u00e9ditation institutionnelle: SUPSI accr\u00e9dit\u00e9e<\/a><\/li>\n\t\t<li class=\"wsp-post\"><a href=\"https:\/\/aaq.ch\/fr\/situation-covid-19-pas-de-rencontre-en-presentiel-2\/\">Situation Covid-19\u00a0: pas de rencontre en pr\u00e9sentiel<\/a><\/li>\n\t\t<li class=\"wsp-post\"><a href=\"https:\/\/aaq.ch\/fr\/laaq-definit-sa-strategie-2021-2024\/\">L\u2019AAQ d\u00e9finit sa strat\u00e9gie 2021-2024<\/a><\/li>\n\t\t<li class=\"wsp-post\"><a href=\"https:\/\/aaq.ch\/fr\/accreditation-institutionnelle-zuercher-hochschule-fuer-angewandte-wissenschaft-zhaw\/\">Accr\u00e9ditation institutionnelle: Z\u00fcrcher Hochschule f\u00fcr Angewandte Wissenschaft (ZHAW)<\/a><\/li>\n\t\t<li class=\"wsp-post\"><a href=\"https:\/\/aaq.ch\/fr\/accreditation-institutionnelle-institut-de-hautes-etudes-internationales-et-du-developpement-iheid\/\">Accr\u00e9ditation institutionnelle: Institut de hautes \u00e9tudes internationales et du d\u00e9veloppement (IHEID)<\/a><\/li>\n\t\t<li class=\"wsp-post\"><a href=\"https:\/\/aaq.ch\/fr\/thematic-analysis-internal-quality-assurance-and-development-by-accreditation-agencies-which-methods-are-effective-for-gathering-and-using-feedback\/\">Thematic analysis \u2013 Internal quality assurance and development by accreditation agencies: Which methods are effective for gathering and using feedback?<\/a><\/li>\n\t\t<li class=\"wsp-post\"><a href=\"https:\/\/aaq.ch\/fr\/esg-review-of-the-aaq-2020-21-self-assessment-report-published\/\">ESG review of the AAQ 2020-21: Self-assessment report published<\/a><\/li>\n\t\t<li class=\"wsp-post\"><a href=\"https:\/\/aaq.ch\/esg-review-of-the-aaq-2020-21-self-assessment-report-published\/\">ESG review of the AAQ 2020-21: Self-assessment report published<\/a><\/li>\n\t\t<li class=\"wsp-post\"><a href=\"https:\/\/aaq.ch\/fr\/accreditation-institutionnelle-formation-universitaire-a-distance-unidistance\/\">Accr\u00e9ditation institutionnelle : Formation universitaire \u00e0 distance (UniDistance)<\/a><\/li>\n\t\t<li class=\"wsp-post\"><a href=\"https:\/\/aaq.ch\/fr\/resume-et-mesures-suite-a-la-journee-de-rencontre-sur-laccreditation-institutionnelle\/\">R\u00e9sum\u00e9 et mesures suite \u00e0 la journ\u00e9e de rencontre sur l\u2019accr\u00e9ditation institutionnelle<\/a><\/li>\n\t\t<li class=\"wsp-post\"><a href=\"https:\/\/aaq.ch\/fr\/aaq-guide-accreditation-de-filieres-detudes-selon-la-lehe-et-la-lpsan\/\">AAQ guide Accr\u00e9ditation de fili\u00e8res d\u2019\u00e9tudes selon la LEHE et la LPSan<\/a><\/li>\n\t\t<li class=\"wsp-post\"><a href=\"https:\/\/aaq.ch\/fr\/la-cshe-sexprime-sur-les-types-de-hautes-ecoles\/\">Le Conseil des hautes \u00e9coles de la CSHE s\u2019exprime sur les types de hautes \u00e9coles<\/a><\/li>\n\t\t<li class=\"wsp-post\"><a href=\"https:\/\/aaq.ch\/fr\/accreditation-institutionnelle-fachhochschule-nordwestschweiz\/\">Accr\u00e9ditation institutionnelle : Fachhochschule Nordwestschweiz<\/a><\/li>\n\t\t<li class=\"wsp-post\"><a href=\"https:\/\/aaq.ch\/fr\/entree-en-vigueur-de-la-lpsan\/\">Entr\u00e9e en vigueur de la LPSan<\/a><\/li>\n\t\t<li class=\"wsp-post\"><a href=\"https:\/\/aaq.ch\/fr\/accreditation-institutionnelle-paedagogische-hochschule-graubuenden\/\">Accr\u00e9ditation institutionnelle : P\u00e4dagogische Hochschule Graub\u00fcnden<\/a><\/li>\n\t\t<li class=\"wsp-post\"><a href=\"https:\/\/aaq.ch\/fr\/aaq-informs-change-de-forme\/\">AAQ Informs change de forme<\/a><\/li>\n\t\t<li class=\"wsp-post\"><a href=\"https:\/\/aaq.ch\/fr\/les-caracteristiques-des-differents-types-de-hautes-ecoles-et-autres-institutions\/\">Les caract\u00e9ristiques des diff\u00e9rents types de hautes \u00e9coles et autres institutions<\/a><\/li>\n\t\t<li class=\"wsp-post\"><a href=\"https:\/\/aaq.ch\/fr\/nachhaltigkeit-an-schweizer-hochschulen-studie-zur-nachhaltigkeitsstrategie-und-ihrer-umsetzung\/\">Nachhaltigkeit an Schweizer Hochschulen \u2013 Studie zur Nachhaltigkeitsstrategie und ihrer Umsetzung<\/a><\/li>\n\t\t<li class=\"wsp-post\"><a href=\"https:\/\/aaq.ch\/fr\/publication-forces-de-lassurance-qualite-dans-les-hautes-ecoles-suisses\/\">Publication: Forces de l&rsquo;assurance qualit\u00e9 dans les hautes \u00e9coles suisses<\/a><\/li>\n\t\t<li class=\"wsp-post\"><a href=\"https:\/\/aaq.ch\/fr\/aaq-takes-part-in-euniq-project\/\">AAQ takes part in the EUniQ Project<\/a><\/li>\n\t\t<li class=\"wsp-post\"><a href=\"https:\/\/aaq.ch\/fr\/accreditation-selon-la-lehe-et-la-lpmed-filiere-detudes-en-pharmacie-de-lunige-accreditee\/\">Accr\u00e9ditation selon la LEHE et la LPM\u00e9d: fili\u00e8re d&rsquo;\u00e9tudes en pharmacie de l\u2019UNIGE accr\u00e9dit\u00e9e<\/a><\/li>\n\t\t<li class=\"wsp-post\"><a href=\"https:\/\/aaq.ch\/fr\/accreditation-institutionnelle-phsg-accreditee\/\">Accr\u00e9ditation institutionnelle : PHSG accr\u00e9dit\u00e9e<\/a><\/li>\n\t\t<li class=\"wsp-post\"><a href=\"https:\/\/aaq.ch\/fr\/accreditation-institutionnelle-hslu-accreditee\/\">Accr\u00e9ditation institutionnelle : HSLU accr\u00e9dit\u00e9e<\/a><\/li>\n\t\t<li class=\"wsp-post\"><a href=\"https:\/\/aaq.ch\/fr\/accreditation-institutionnelle-ph-schwyz-accreditee\/\">Accr\u00e9ditation institutionnelle : PH Schwyz accr\u00e9dit\u00e9e<\/a><\/li>\n\t\t<li class=\"wsp-post\"><a href=\"https:\/\/aaq.ch\/fr\/accreditation-selon-la-lehe-et-la-lpmed-filieres-detudes-en-medecine-humaine-medecine-dentaire-et-pharmacie-accreditees\/\">Accr\u00e9ditation selon la LEHE et la LPM\u00e9d: fili\u00e8res d\u2019\u00e9tudes en m\u00e9decine humaine, m\u00e9decine dentaire et pharmacie accr\u00e9dit\u00e9es<\/a><\/li>\n\t\t<li class=\"wsp-post\"><a href=\"https:\/\/aaq.ch\/fr\/accreditation-selon-la-lehe-et-la-lpmed-medecine-humaine-et-medecine-dentaire-de-luzh-accreditees\/\">Accr\u00e9ditation selon la LEHE et la LPM\u00e9d: m\u00e9decine humaine et m\u00e9decine dentaire de l\u2019UZH accr\u00e9dit\u00e9es<\/a><\/li>\n\t\t<li class=\"wsp-post\"><a href=\"https:\/\/aaq.ch\/fr\/accreditation-institutionnelle-hes-so-et-hep-vaud-accreditees\/\">Accr\u00e9ditation institutionnelle: HES-SO et HEP Vaud accr\u00e9dit\u00e9es<\/a><\/li>\n\t\t<li class=\"wsp-post\"><a href=\"https:\/\/aaq.ch\/fr\/thematische-analyse-evaluationen-2011-2014\/\">Thematische Analyse: Evaluationen 2011-2014<\/a><\/li>\n\t\t<li class=\"wsp-post\"><a href=\"https:\/\/aaq.ch\/fr\/aaq-informs-13\/\">AAQ Informs #13<\/a><\/li>\n\t\t<li class=\"wsp-post\"><a href=\"https:\/\/aaq.ch\/fr\/aaq-and-aacsb-mapping-standards-and-procedures\/\">AAQ and AACSB: Mapping Standards and Procedures<\/a><\/li>\n\t\t<li class=\"wsp-post\"><a href=\"https:\/\/aaq.ch\/fr\/actual-aaq-follow-up-upon-esg-review-recommendations\/\">Actual AAQ follow-up upon ESG review recommendations<\/a><\/li>\n\t\t<li class=\"wsp-post\"><a href=\"https:\/\/aaq.ch\/fr\/accreditation-institutionnelle-htw-chur-accreditee\/\">Accr\u00e9ditation institutionnelle: HTW Chur accr\u00e9dit\u00e9e<\/a><\/li>\n\t\t<li class=\"wsp-post\"><a href=\"https:\/\/aaq.ch\/fr\/colloque-fraq-sup-2018\/\">Colloque FrAQ-Sup 2018<\/a><\/li>\n\t\t<li class=\"wsp-post\"><a href=\"https:\/\/aaq.ch\/fr\/aktuelle-zertifizierungen-in-oesterreich\/\">Aktuelle Zertifizierungen in \u00d6sterreich<\/a><\/li>\n\t\t<li class=\"wsp-post\"><a href=\"https:\/\/aaq.ch\/fr\/accreditation-institutionnelle-ph-luzern-accreditee\/\">Accr\u00e9ditation institutionnelle: PH Luzern accr\u00e9dit\u00e9e<\/a><\/li>\n\t\t<li class=\"wsp-post\"><a href=\"https:\/\/aaq.ch\/fr\/christoph-grolimund-est-le-nouveau-president-de-lenqa\/\">Christoph Grolimund est le nouveau pr\u00e9sident de l\u2019ENQA<\/a><\/li>\n\t\t<li class=\"wsp-post\"><a href=\"https:\/\/aaq.ch\/fr\/accreditation-institutionnelle-bfh-et-ph-bern-accreditees\/\">Accr\u00e9ditation institutionnelle: BFH et PH Bern accr\u00e9dit\u00e9es<\/a><\/li>\n\t\t<li class=\"wsp-post\"><a href=\"https:\/\/aaq.ch\/fr\/l-interkantonale-hochschule-fuer-heilpaedagogik-hfh-est-accreditee-selon-la-lehe\/\">L\u2019 \u00ab\u00a0Interkantonale Hochschule f\u00fcr Heilp\u00e4dagogik HfH\u00a0\u00bb est accr\u00e9dit\u00e9e selon la LEHE<\/a><\/li>\n\t\t<li class=\"wsp-post\"><a href=\"https:\/\/aaq.ch\/fr\/la-haute-ecole-deconomie-de-zurich-hwz-est-accreditee-selon-la-lehe\/\">La Haute \u00e9cole d\u2019\u00e9conomie de Zurich HWZ est accr\u00e9dit\u00e9e selon la LEHE<\/a><\/li>\n\t\t<li class=\"wsp-post\"><a href=\"https:\/\/aaq.ch\/fr\/cycle-daudit-de-la-qualite-2013-2014-publication-des-rapports\/\">Cycle d\u2019audit de la qualit\u00e9 2013-2014: publication des rapports<\/a><\/li>\n\t\t<li class=\"wsp-post\"><a href=\"https:\/\/aaq.ch\/fr\/akkreditierungsrichtlinien-hfkg\/\">Adoption des directives d\u2019accr\u00e9ditation<\/a><\/li>\n\t\t<li class=\"wsp-post\"><a href=\"https:\/\/aaq.ch\/fr\/aaq_eur-ace-label\/\">L\u2019AAQ d\u00e9cerne son premier label EUR-ACE\u00ae<\/a><\/li>\n\t\t<li class=\"wsp-post\"><a href=\"https:\/\/aaq.ch\/fr\/achevement-du-projet-de-directives-daccreditation\/\">Ach\u00e8vement du projet de Directives d\u2019accr\u00e9ditation<\/a><\/li>\n\t\t<li class=\"wsp-post\"><a href=\"https:\/\/aaq.ch\/fr\/von-oaq-zu-aaq\/\">De l\u2019OAQ \u00e0 l\u2019AAQ<\/a><\/li>\n\t\t<li class=\"wsp-post\"><a href=\"https:\/\/aaq.ch\/fr\/luniversite-dinnsbruck-certifiee\/\">L\u2019Universit\u00e9 d\u2019Innsbruck certifi\u00e9e conform\u00e9ment \u00e0 la loi autrichienne sur l\u2019assurance qualit\u00e9 dans les hautes \u00e9coles HS-QSG<\/a><\/li>\n\t\t<li class=\"wsp-post\"><a href=\"https:\/\/aaq.ch\/fr\/suk-entscheidungen-november-2014-sth-und-vmi-studiengang-akkreditiert\/\">D\u00e9cisions de la CUS en novembre 2014: la STH de B\u00e2le et une fili\u00e8re du VMI de l&rsquo;Universit\u00e9 de Fribourg accr\u00e9dit\u00e9es<\/a><\/li>\n<\/ul><\/li>\n\t<li><strong class=\"wsp-category-title\">Cat\u00e9gorie\u00a0: <a href=\"https:\/\/aaq.ch\/fr\/category\/publications-2\/\">Publications<\/a><\/strong>\n<ul class=\"wsp-posts-list\">\t\t<li class=\"wsp-post\"><a href=\"https:\/\/aaq.ch\/fr\/analyses-et-projets\/\">Analyses et projets<\/a><\/li>\n\t\t<li class=\"wsp-post\"><a href=\"https:\/\/aaq.ch\/fr\/aaq-informs\/\">AAQ Informs<\/a><\/li>\n\t\t<li class=\"wsp-post\"><a href=\"https:\/\/aaq.ch\/fr\/rapport-annuel\/\">Rapport annuel<\/a><\/li>\n\t\t<li class=\"wsp-post\"><a href=\"https:\/\/aaq.ch\/fr\/brochures\/\">Brochures<\/a><\/li>\n\t\t<li class=\"wsp-post\"><a href=\"https:\/\/aaq.ch\/fr\/medias\/\">M\u00e9dias<\/a><\/li>\n\t\t<li class=\"wsp-post\"><a href=\"https:\/\/aaq.ch\/fr\/presentations\/\">Pr\u00e9sentations<\/a><\/li>\n<\/ul><\/li>\n<\/ul>\n<\/div><!--:--><\/p>\n","protected":false},"excerpt":{"rendered":"<p><!--:de--><!--:--><\/p>\n","protected":false},"author":1,"featured_media":0,"parent":0,"menu_order":8,"comment_status":"closed","ping_status":"closed","template":"","meta":{"footnotes":""},"_links":{"self":[{"href":"https:\/\/aaq.ch\/fr\/wp-json\/wp\/v2\/pages\/6471"}],"collection":[{"href":"https:\/\/aaq.ch\/fr\/wp-json\/wp\/v2\/pages"}],"about":[{"href":"https:\/\/aaq.ch\/fr\/wp-json\/wp\/v2\/types\/page"}],"author":[{"embeddable":true,"href":"https:\/\/aaq.ch\/fr\/wp-json\/wp\/v2\/users\/1"}],"replies":[{"embeddable":true,"href":"https:\/\/aaq.ch\/fr\/wp-json\/wp\/v2\/comments?post=6471"}],"version-history":[{"count":2,"href":"https:\/\/aaq.ch\/fr\/wp-json\/wp\/v2\/pages\/6471\/revisions"}],"predecessor-version":[{"id":6531,"href":"https:\/\/aaq.ch\/fr\/wp-json\/wp\/v2\/pages\/6471\/revisions\/6531"}],"wp:attachment":[{"href":"https:\/\/aaq.ch\/fr\/wp-json\/wp\/v2\/media?parent=6471"}],"curies":[{"name":"wp","href":"https:\/\/api.w.org\/{rel}","templated":true}]}}