{"id":6319,"date":"2014-11-14T15:43:41","date_gmt":"2014-11-14T15:43:41","guid":{"rendered":"http:\/\/aaq.ch\/wp\/gutachterinnen-und-gutachter-2\/"},"modified":"2019-02-15T11:17:42","modified_gmt":"2019-02-15T10:17:42","slug":"expertes-et-experts","status":"publish","type":"page","link":"https:\/\/aaq.ch\/fr\/expertes-et-experts\/","title":{"rendered":"Expertes et experts"},"content":{"rendered":"<div class=\"wpb-content-wrapper\">[vc_row][vc_column width=\"2\/3\"][vc_column_text]<strong>Les expertes et experts jouent un r\u00f4le majeur dans les proc\u00e9dures. Leur expertise et leur exp\u00e9rience garantissent que la qualit\u00e9 r\u00e9pond en permanence aux exigences de l\u2019AAQ. <\/strong><\/p>\n<h4>S\u00e9lection<\/h4>\n<p>Pour chaque proc\u00e9dure, l\u2019AAQ constitue un groupe d\u2019expertes et d\u2019experts et d\u00e9signe une pr\u00e9sidente ou un pr\u00e9sident. La s\u00e9lection s\u2019effectue en fonction du profil et des objectifs de d\u00e9veloppement de la haute \u00e9cole ou de la fili\u00e8re concern\u00e9e et selon des crit\u00e8res sp\u00e9cifiques \u00e0 chaque proc\u00e9dure. L\u2019AAQ s\u2019assure que les expertes et experts sont ind\u00e9pendants et peuvent juger en toute impartialit\u00e9. Certaines configurations qui remettent l\u2019ind\u00e9pendance en question ne peuvent \u00eatre d\u00e9tect\u00e9es que par la haute \u00e9cole. Celle-ci participe donc \u00e0 la s\u00e9lection, sans pour autant compromettre l\u2019int\u00e9grit\u00e9 du choix.<\/p>\n<h4>Valeurs fondamentales de la m\u00e9thode de travail<\/h4>\n<p>La confiance, l\u2019int\u00e9grit\u00e9, la confidentialit\u00e9 et la discr\u00e9tion sont les valeurs \u00e0 la base de l\u2019activit\u00e9 des expertes et experts. Ils s\u2019engagent \u00e0 faire dans leurs rapports une pr\u00e9sentation objective et conforme \u00e0 la v\u00e9rit\u00e9. Leurs conclusions reposent sur des faits.[\/vc_column_text][\/vc_column][vc_column width=\"1\/3\"][vc_tta_accordion style=\"flat\" shape=\"square\" c_position=\"right\" active_section=\"2\" collapsible_all=\"true\"][vc_tta_section i_icon_fontawesome=\"fa fa-download\" add_icon=\"true\" title=\"Downloads\" tab_id=\"12b7ba4c-7cb1-cl\"][vc_column_text]<ul class=\"dlm-downloads\"><li><a class=\"download-link\" title=\"\" href=\"https:\/\/aaq.ch\/fr\/download\/formulaire-pour-honoraires-et-depenses-obligation-fiscale-en-suisse\/?tmstv=1775840609\" rel=\"nofollow\">\n\tFormulaire pour honoraires et d\u00e9penses  \n\t(pdf, 556,62 Ko)\n\t\n<\/a><\/li><li><a class=\"download-link\" title=\"\" href=\"https:\/\/aaq.ch\/fr\/download\/convention-pour-le-remboursement-des-frais\/?tmstv=1775840609\" rel=\"nofollow\">\n\tConvention pour le remboursement des frais  \n\t(pdf, 63,59 Ko)\n\t\n<\/a><\/li><\/ul>\n\t\t\t\t[\/vc_column_text][\/vc_tta_section][\/vc_tta_accordion][\/vc_column][\/vc_row]\n<\/div>","protected":false},"excerpt":{"rendered":"<p>[vc_row][vc_column width=\u00a0\u00bb2\/3&Prime;][vc_column_text]Les expertes et experts jouent un r\u00f4le majeur dans les proc\u00e9dures. Leur expertise et leur exp\u00e9rience garantissent que la qualit\u00e9 r\u00e9pond en permanence aux exigences de l\u2019AAQ. <\/p>\n<p>S\u00e9lection<\/p>\n<p>Pour chaque<\/p>\n","protected":false},"author":1,"featured_media":0,"parent":0,"menu_order":4,"comment_status":"closed","ping_status":"closed","template":"page-nosidebar.php","meta":{"footnotes":""},"_links":{"self":[{"href":"https:\/\/aaq.ch\/fr\/wp-json\/wp\/v2\/pages\/6319"}],"collection":[{"href":"https:\/\/aaq.ch\/fr\/wp-json\/wp\/v2\/pages"}],"about":[{"href":"https:\/\/aaq.ch\/fr\/wp-json\/wp\/v2\/types\/page"}],"author":[{"embeddable":true,"href":"https:\/\/aaq.ch\/fr\/wp-json\/wp\/v2\/users\/1"}],"replies":[{"embeddable":true,"href":"https:\/\/aaq.ch\/fr\/wp-json\/wp\/v2\/comments?post=6319"}],"version-history":[{"count":5,"href":"https:\/\/aaq.ch\/fr\/wp-json\/wp\/v2\/pages\/6319\/revisions"}],"predecessor-version":[{"id":10416,"href":"https:\/\/aaq.ch\/fr\/wp-json\/wp\/v2\/pages\/6319\/revisions\/10416"}],"wp:attachment":[{"href":"https:\/\/aaq.ch\/fr\/wp-json\/wp\/v2\/media?parent=6319"}],"curies":[{"name":"wp","href":"https:\/\/api.w.org\/{rel}","templated":true}]}}