{"id":6284,"date":"2014-11-14T12:32:50","date_gmt":"2014-11-14T12:32:50","guid":{"rendered":"http:\/\/aaq.ch\/wp\/accreditation\/leitfaeden-qualitaetsstandards\/"},"modified":"2025-05-13T15:12:31","modified_gmt":"2025-05-13T14:12:31","slug":"guides-et-standards-de-qualite","status":"publish","type":"page","link":"https:\/\/aaq.ch\/fr\/accreditation\/guides-et-standards-de-qualite\/","title":{"rendered":"Guides et standards de qualit\u00e9"},"content":{"rendered":"<div class=\"wpb-content-wrapper\">[vc_row][vc_column][vc_column_text]\n<h4>Guides et standards de qualit\u00e9<\/h4>\n[\/vc_column_text]<div class=\"hr none\" style=\"margin:10px 0px !important;\"><\/div><div class=\"clearfix\"><\/div>[\/vc_column][\/vc_row][vc_row][vc_column][vc_tta_accordion style=\"flat\" shape=\"square\" spacing=\"5\" gap=\"3\" c_position=\"right\" active_section=\"24\" collapsible_all=\"true\"][vc_tta_section i_icon_fontawesome=\"fa fa-file-o\" add_icon=\"true\" title=\"Accr\u00e9ditation institutionnelle\" tab_id=\"c26275a5-6ad4-cl\"][vc_column_text]<ul class=\"dlm-downloads\"><li><a class=\"download-link\" title=\"\" href=\"https:\/\/aaq.ch\/fr\/download\/accreditation-institutionnelle-guide\/?tmstv=1776507715\" rel=\"nofollow\">\n\tAccr\u00e9ditation institutionnelle \u2013 Guide  \n\t(pdf, 416,39 Ko)\n\t\n<\/a><\/li><\/ul>\n\t\t\t\t[\/vc_column_text][\/vc_tta_section][vc_tta_section i_icon_fontawesome=\"fa fa-file-o\" add_icon=\"true\" title=\"Accr\u00e9ditation de syst\u00e8mes\" tab_id=\"1582796582040-74f46533-f859\"][vc_column_text]La documentation est disponible en allemand.[\/vc_column_text][\/vc_tta_section][vc_tta_section i_icon_fontawesome=\"fa fa-file-o\" add_icon=\"true\" title=\"Accr\u00e9ditation de programmes\" tab_id=\"0599ed91-1db4-cl\"][vc_column_text]<strong>Accr\u00e9ditation de programmes selon la LEHE<br \/>\n<\/strong>\n<p>Le guide pour ce format est actuellement disponible en allemand et italien.<\/p>\n<p><strong>Accr\u00e9ditation de programmes selon la LEHE et la LPSan<br \/>\n<\/strong>\n<p><b>Accr\u00e9ditation de programmes selon la LEHE et la LPM\u00e9d<br \/>\n<\/b><ul class=\"dlm-downloads\"><li><a class=\"download-link\" title=\"\" href=\"https:\/\/aaq.ch\/fr\/download\/guide-accreditation-des-filieres-detudes-selon-la-lehe-et-la-lpmed\/?tmstv=1776507715\" rel=\"nofollow\">\n\tGuide Accr\u00e9ditation des fili\u00e8res d'\u00e9tudes selon la LEHE et la LPM\u00e9d  \n\t(pdf, 491,09 Ko)\n\t\n<\/a><\/li><\/ul>\n\t\t\t\t\n<p><b>Accr\u00e9ditation de programmes selon la LPM\u00e9d<\/b><strong> -\u00a0<\/strong><b>Formation postgrade<\/b><br \/>\n<ul class=\"dlm-downloads\"><li><a class=\"download-link\" title=\"\" href=\"https:\/\/aaq.ch\/fr\/download\/lignes-directrices-accreditation-2018\/?tmstv=1776507715\" rel=\"nofollow\">\n\tLignes directrices Accr\u00e9ditation 2018  \n\t(pdf, 625,83 Ko)\n\t\n<\/a><\/li><li><a class=\"download-link\" title=\"\" href=\"https:\/\/aaq.ch\/fr\/download\/standards-de-qualite-accreditation-2018\/?tmstv=1776507715\" rel=\"nofollow\">\n\tStandards de qualit\u00e9 Accr\u00e9ditation 2018  \n\t(pdf, 623,36 Ko)\n\t\n<\/a><\/li><\/ul>\n\t\t\t\t\n<p><b>Accr\u00e9ditation de programmes selon la LPsy<\/b><\/p>\n<ul style=\"list-style-type: square;\">\n<li><a href=\"https:\/\/www.bag.admin.ch\/bag\/fr\/home\/berufe-im-gesundheitswesen\/akkreditierung-gesundheitsberufe\/akkreditierung-vonweiterbildungsgaengen-im-bereich-psychologieberufe\/akkreditierungskriterien-qualitaetsstandards.html\" target=\"_blank\" rel=\"noopener\">Guides accr\u00e9ditation de programmes selon la LPsy<\/a><\/li>\n<\/ul>\n[\/vc_column_text][\/vc_tta_section][vc_tta_section i_icon_fontawesome=\"fa fa-file-o\" add_icon=\"true\" title=\"Audit de la qualit\u00e9\" tab_id=\"2194d0ae-a44a-cl\"][vc_column_text]La documentation est disponible en allemand.[\/vc_column_text][\/vc_tta_section][vc_tta_section i_icon_fontawesome=\"fa fa-file-o\" add_icon=\"true\" title=\"\u00c9valuation\" tab_id=\"98af851b-a32d-cl\"][vc_column_text]<ul class=\"dlm-downloads\"><li><a class=\"download-link\" title=\"\" href=\"https:\/\/aaq.ch\/fr\/download\/guide-evaluations\/?tmstv=1776507715\" rel=\"nofollow\">\n\tGuide Evaluations  \n\t(pdf, 3,06 Mo)\n\t\n<\/a><\/li><\/ul>\n\t\t\t\t\n<ul style=\"list-style-type: square;\">\n<li><a href=\"https:\/\/aaq.ch\/download\/guide-evaluation-of-the-eur-ace-outcome-criteria-for-engineering-degree-programmes-in-switzerland-20-05-2014\/\" target=\"_blank\" rel=\"noopener\">Guide \u201eEvaluation of the EUR-ACE outcome criteria for engineering degree programmes in Switzerland\u201c, 20.05.2014 (pdf, 259 KB)<\/a><\/li>\n<\/ul>\n[\/vc_column_text][\/vc_tta_section][\/vc_tta_accordion][\/vc_column][\/vc_row]\n<\/div>","protected":false},"excerpt":{"rendered":"<p>[vc_row][vc_column][vc_column_text]<br \/>\nGuides et standards de qualit\u00e9<br \/>\n[\/vc_column_text][\/vc_column][\/vc_row][vc_row][vc_column][vc_tta_accordion style=\u00a0\u00bbflat\u00a0\u00bb shape=\u00a0\u00bbsquare\u00a0\u00bb spacing=\u00a0\u00bb5&Prime; gap=\u00a0\u00bb3&Prime; c_position=\u00a0\u00bbright\u00a0\u00bb active_section=\u00a0\u00bb24&Prime; collapsible_all=\u00a0\u00bbtrue\u00a0\u00bb][vc_tta_section i_icon_fontawesome=\u00a0\u00bbfa fa-file-o\u00a0\u00bb add_icon=\u00a0\u00bbtrue\u00a0\u00bb title=\u00a0\u00bbAccr\u00e9ditation institutionnelle\u00a0\u00bb tab_id=\u00a0\u00bbc26275a5-6ad4-cl\u00a0\u00bb][vc_column_text][\/vc_column_text][\/vc_tta_section][vc_tta_section i_icon_fontawesome=\u00a0\u00bbfa fa-file-o\u00a0\u00bb add_icon=\u00a0\u00bbtrue\u00a0\u00bb title=\u00a0\u00bbAccr\u00e9ditation de syst\u00e8mes\u00a0\u00bb tab_id=\u00a0\u00bb1582796582040-74f46533-f859&Prime;][vc_column_text]La documentation est disponible en allemand.[\/vc_column_text][\/vc_tta_section][vc_tta_section<\/p>\n","protected":false},"author":1,"featured_media":0,"parent":6181,"menu_order":5,"comment_status":"closed","ping_status":"closed","template":"page-side-navigation.php","meta":{"footnotes":""},"_links":{"self":[{"href":"https:\/\/aaq.ch\/fr\/wp-json\/wp\/v2\/pages\/6284"}],"collection":[{"href":"https:\/\/aaq.ch\/fr\/wp-json\/wp\/v2\/pages"}],"about":[{"href":"https:\/\/aaq.ch\/fr\/wp-json\/wp\/v2\/types\/page"}],"author":[{"embeddable":true,"href":"https:\/\/aaq.ch\/fr\/wp-json\/wp\/v2\/users\/1"}],"replies":[{"embeddable":true,"href":"https:\/\/aaq.ch\/fr\/wp-json\/wp\/v2\/comments?post=6284"}],"version-history":[{"count":24,"href":"https:\/\/aaq.ch\/fr\/wp-json\/wp\/v2\/pages\/6284\/revisions"}],"predecessor-version":[{"id":16511,"href":"https:\/\/aaq.ch\/fr\/wp-json\/wp\/v2\/pages\/6284\/revisions\/16511"}],"up":[{"embeddable":true,"href":"https:\/\/aaq.ch\/fr\/wp-json\/wp\/v2\/pages\/6181"}],"wp:attachment":[{"href":"https:\/\/aaq.ch\/fr\/wp-json\/wp\/v2\/media?parent=6284"}],"curies":[{"name":"wp","href":"https:\/\/api.w.org\/{rel}","templated":true}]}}