{"id":6273,"date":"2014-11-14T12:27:19","date_gmt":"2014-11-14T12:27:19","guid":{"rendered":"http:\/\/aaq.ch\/wp\/accreditation\/evaluationen\/"},"modified":"2024-10-29T14:35:40","modified_gmt":"2024-10-29T13:35:40","slug":"evaluation","status":"publish","type":"page","link":"https:\/\/aaq.ch\/fr\/accreditation\/evaluation\/","title":{"rendered":"\u00c9valuation"},"content":{"rendered":"<div class=\"wpb-content-wrapper\">[vc_row][vc_column][vc_column_text css=\".vc_custom_1495186328457{margin-bottom: 35px !important;}\"]\n<h4>\u00c9valuation<\/h4>\n<p>Les \u00e9valuations v\u00e9rifient des programmes d\u2019\u00e9tudes ou des institutions sur la base de standards de qualit\u00e9. Ces \u00e9valuations sont faites sur la base du volontariat et ne conduisent \u00e0 aucune d\u00e9cision formelle d\u2019accr\u00e9ditation.<\/p>\n<p>Les proc\u00e9dures sont con\u00e7ues de mani\u00e8re sp\u00e9cifique en fonction des besoins des requ\u00e9rants.\u00a0L\u2019AAQ a r\u00e9dig\u00e9 un guide expliquant les bases et le d\u00e9roulement des proc\u00e9dures.\u00a0Sur demande, l\u2019AAQ se fera un plaisir de fournir de plus amples informations.[\/vc_column_text][\/vc_column][\/vc_row][vc_row][vc_column width=\"2\/3\"]<div class=\"toggle style4\"><div class=\"toggle-title \"><div class=\"status-icon fright\"><i class=\"fa fa-plus\"><\/i><\/div><span><i class='icon fa fa-download'><\/i> Downloads<\/span><\/div><div class=\"toggle-inner\"><ul class=\"dlm-downloads\"><li><a class=\"download-link\" title=\"\" href=\"https:\/\/aaq.ch\/fr\/download\/demande-devaluation\/?tmstv=1776498126\" rel=\"nofollow\">\n\tDemande d\u2019\u00e9valuation  \n\t(docx, 38,39 Ko)\n\t\n<\/a><\/li><li><a class=\"download-link\" title=\"\" href=\"https:\/\/aaq.ch\/fr\/download\/guide-evaluations\/?tmstv=1776498126\" rel=\"nofollow\">\n\tGuide Evaluations  \n\t(pdf, 3,06 Mo)\n\t\n<\/a><\/li><\/ul>\n\t\t\t\t<\/div><\/div><div class=\"toggle style4\"><div class=\"toggle-title \"><div class=\"status-icon fright\"><i class=\"fa fa-plus\"><\/i><\/div><span><i class='icon fa fa-user'><\/i> Contact<\/span><\/div><div class=\"toggle-inner\">Monika Risse Kuhn<br \/>\n<a href=\"mailto:monika&#46;risse&#64;aaq&#46;&#99;&#104;\">mo&#110;&#105;&#x6b;&#x61;&#x2e;&#x72;is&#115;&#101;&#x40;&#x61;&#x61;&#x71;&#46;c&#104;<\/a><\/div><\/div>[\/vc_column][vc_column width=\"1\/3\"][\/vc_column][\/vc_row][vc_row][vc_column]<div class=\"hr none\" style=\"margin:15px 0px !important;\"><\/div><div class=\"clearfix\"><\/div>[vc_column_text css=\".vc_custom_1649166970938{margin-bottom: 35px !important;}\"]<strong>EUR-ACE<sup>\u00ae<\/sup><\/strong><\/p>\n<p>Les programmes d\u2019\u00e9tudes Bachelor et\/ou Master en ing\u00e9nierie peuvent demander \u00e0 l\u2019AAQ l\u2019octroi du label EUR-ACE<sup>\u00ae<\/sup>. Les r\u00e9glementations existent en anglais (voir Downloads), le rapport peut \u00eatre r\u00e9dig\u00e9 dans une langue nationale. Les demandes peuvent \u00eatre adress\u00e9es \u00e0 tout moment \u00e0 l\u2019AAQ.[\/vc_column_text][\/vc_column][\/vc_row][vc_row][vc_column width=\"2\/3\"]<div class=\"toggle style4\"><div class=\"toggle-title \"><div class=\"status-icon fright\"><i class=\"fa fa-plus\"><\/i><\/div><span><i class='icon fa fa-download'><\/i> Downloads<\/span><\/div><div class=\"toggle-inner\"><ul class=\"dlm-downloads\"><li><a class=\"download-link\" title=\"\" href=\"https:\/\/aaq.ch\/fr\/download\/internal-higher-education-evaluation-for-the-awarding-of-quality-labels\/?tmstv=1776498126\" rel=\"nofollow\">\n\tInternal higher education evaluation for the awarding of quality labels  \n\t(pdf, 132,97 Ko)\n\t\n<\/a><\/li><li><a class=\"download-link\" title=\"\" href=\"https:\/\/aaq.ch\/fr\/download\/guide-evaluation-of-the-eur-ace-outcome-criteria-for-engineering-degree-programmes-in-switzerland-20-05-2014\/?tmstv=1776498126\" rel=\"nofollow\">\n\tGuide AAQ pour l'octroi du label EUR-ACE  \n\t(pdf, 283,42 Ko)\n\t\n<\/a><\/li><li><a class=\"download-link\" title=\"\" href=\"https:\/\/aaq.ch\/fr\/download\/formulaire-de-demande-eur-ace\/?tmstv=1776498126\" rel=\"nofollow\">\n\tFormulaire de demande EUR-ACE  \n\t(docx, 43,64 Ko)\n\t\n<\/a><\/li><\/ul>\n\t\t\t\t<\/div><\/div><div class=\"toggle style4\"><div class=\"toggle-title \"><div class=\"status-icon fright\"><i class=\"fa fa-plus\"><\/i><\/div><span><i class='icon fa fa-link'><\/i> Links<\/span><\/div><div class=\"toggle-inner\">\n<ul>\n<li><a href=\"https:\/\/www.enaee.eu\/eur-ace-system\/standards-and-guidelines\/\" target=\"_blank\" rel=\"noopener\">EUR-ACE\u00ae Framework Standards and Guidelines<\/a><\/li>\n<\/ul>\n<\/div><\/div><div class=\"toggle style4\"><div class=\"toggle-title \"><div class=\"status-icon fright\"><i class=\"fa fa-plus\"><\/i><\/div><span><i class='icon fa fa-user'><\/i> Contact<\/span><\/div><div class=\"toggle-inner\">Livia L\u00fcthi<br \/>\n<a href=\"&#109;&#x61;&#105;&#x6c;&#116;&#x6f;:&#x6c;i&#118;&#x69;&#97;&#x2e;&#108;&#x75;e&#x74;h&#105;&#x40;&#97;&#x61;&#113;&#x2e;&#99;&#x68;\">&#108;&#x69;&#x76;i&#97;&#x2e;&#x6c;u&#101;&#x74;h&#105;&#x40;&#x61;a&#113;&#x2e;c&#104;<\/a><\/div><\/div>[\/vc_column][vc_column width=\"1\/3\"][\/vc_column][\/vc_row][vc_row][vc_column][vc_column_text]<!--:-->[\/vc_column_text][\/vc_column][\/vc_row]\n<\/div>","protected":false},"excerpt":{"rendered":"<p>[vc_row][vc_column][vc_column_text css=\u00a0\u00bb.vc_custom_1495186328457{margin-bottom: 35px !important;}\u00a0\u00bb]<br \/>\n\u00c9valuation<\/p>\n<p>Les \u00e9valuations v\u00e9rifient des programmes d\u2019\u00e9tudes ou des institutions sur la base de standards de qualit\u00e9. Ces \u00e9valuations sont faites sur la base du volontariat et ne<\/p>\n","protected":false},"author":1,"featured_media":0,"parent":6181,"menu_order":4,"comment_status":"closed","ping_status":"closed","template":"page-side-navigation.php","meta":{"footnotes":""},"_links":{"self":[{"href":"https:\/\/aaq.ch\/fr\/wp-json\/wp\/v2\/pages\/6273"}],"collection":[{"href":"https:\/\/aaq.ch\/fr\/wp-json\/wp\/v2\/pages"}],"about":[{"href":"https:\/\/aaq.ch\/fr\/wp-json\/wp\/v2\/types\/page"}],"author":[{"embeddable":true,"href":"https:\/\/aaq.ch\/fr\/wp-json\/wp\/v2\/users\/1"}],"replies":[{"embeddable":true,"href":"https:\/\/aaq.ch\/fr\/wp-json\/wp\/v2\/comments?post=6273"}],"version-history":[{"count":17,"href":"https:\/\/aaq.ch\/fr\/wp-json\/wp\/v2\/pages\/6273\/revisions"}],"predecessor-version":[{"id":15942,"href":"https:\/\/aaq.ch\/fr\/wp-json\/wp\/v2\/pages\/6273\/revisions\/15942"}],"up":[{"embeddable":true,"href":"https:\/\/aaq.ch\/fr\/wp-json\/wp\/v2\/pages\/6181"}],"wp:attachment":[{"href":"https:\/\/aaq.ch\/fr\/wp-json\/wp\/v2\/media?parent=6273"}],"curies":[{"name":"wp","href":"https:\/\/api.w.org\/{rel}","templated":true}]}}