{"id":6248,"date":"2014-11-14T12:22:44","date_gmt":"2014-11-14T12:22:44","guid":{"rendered":"http:\/\/aaq.ch\/wp\/accreditation\/quality-audits\/"},"modified":"2024-10-29T14:30:12","modified_gmt":"2024-10-29T13:30:12","slug":"audit-de-la-qualite","status":"publish","type":"page","link":"https:\/\/aaq.ch\/fr\/accreditation\/audit-de-la-qualite\/","title":{"rendered":"Audit de la qualit\u00e9"},"content":{"rendered":"<div class=\"wpb-content-wrapper\">[vc_row parallax=\"no\" css=\".vc_custom_1416162684068{margin-bottom: 35px !important;}\"][vc_column][vc_column_text]\n<h4>Audit de la qualit\u00e9<\/h4>\n<p>Les audits de la qualit\u00e9 sont des proc\u00e9dures qui s\u2019int\u00e9ressent aux syst\u00e8mes d\u2019assurance qualit\u00e9 internes d\u2019une haute \u00e9cole. En Suisse, les audits de la qualit\u00e9 ont \u00e9t\u00e9 r\u00e9alis\u00e9s tous les quatre ans de 2004 \u00e0 2014 jusqu\u2019\u00e0 l\u2019introduction de la LEHE. La LEHE a remplac\u00e9 les audits de qualit\u00e9 dans les hautes \u00e9coles helv\u00e9tiques par l\u2019accr\u00e9ditation institutionnelle.<\/p>\n<p>L\u2019AAQ r\u00e9alise des audits de la qualit\u00e9 en Autriche. Ils sont bas\u00e9s sur la l\u00e9gislation autrichienne (HS-QSG) qui prescrit une certification du syst\u00e8me de gestion de la qualit\u00e9 pour les hautes \u00e9coles autrichiennes.<\/p>\n<p>L\u2019AAQ d\u00e9cerne un label lorsque la d\u00e9cision de certification est positive.[\/vc_column_text][\/vc_column][\/vc_row][vc_row][vc_column width=\"2\/3\"][vc_tta_accordion style=\"flat\" shape=\"square\" spacing=\"5\" gap=\"3\" c_position=\"right\" active_section=\"1\" no_fill=\"true\"][vc_tta_section i_icon_fontawesome=\"fa fa-download\" add_icon=\"true\" title=\"Downloads\" tab_id=\"791b9608-d72c-cl\"][vc_column_text]<ul class=\"dlm-downloads\"><li><a class=\"download-link\" title=\"\" href=\"https:\/\/aaq.ch\/fr\/download\/leitfaden-quality-audit-nach-hs-qsg-oesterreich\/?tmstv=1776883866\" rel=\"nofollow\">\n\tLeitfaden Quality Audit nach HS-QSG (\u00d6sterreich)  \n\t(pdf, 420,86 Ko)\n\t\n<\/a><\/li><\/ul>\n\t\t\t\t[\/vc_column_text][\/vc_tta_section][vc_tta_section i_icon_fontawesome=\"fa fa-link\" add_icon=\"true\" title=\"Links\" tab_id=\"37f58f1e-1ce0-cl\"][vc_column_text]\n<ul>\n<li><a href=\"https:\/\/www.ris.bka.gv.at\/GeltendeFassung.wxe?Abfrage=Bundesnormen&amp;Gesetzesnummer=20007384\" target=\"_blank\" rel=\"noopener\">Hochschul-Qualit\u00e4tssicherungsgesetz (HS-QSG)<\/a><\/li>\n<\/ul>\n[\/vc_column_text][\/vc_tta_section][vc_tta_section i_icon_fontawesome=\"fa fa-user\" add_icon=\"true\" title=\"Contact\" tab_id=\"a3c6790b-93db-cl\"][vc_column_text]Monika Risse<br \/>\n<a href=\"&#x6d;&#x61;&#x69;&#x6c;&#x74;&#x6f;&#x3a;&#x63;&#x68;&#x72;&#x69;&#x73;&#x74;&#x61;&#x2e;&#x72;&#x61;&#x6d;&#x73;&#x65;&#x79;&#x65;&#x72;&#x40;&#x61;&#x61;&#x71;&#x2e;&#x63;&#x68;\">monika&#46;r&#105;&#115;&#115;&#101;&#64;&#97;&#97;&#113;&#46;&#99;&#x68;<\/a>[\/vc_column_text][\/vc_tta_section][\/vc_tta_accordion][\/vc_column][vc_column width=\"1\/3\"][\/vc_column][\/vc_row][vc_row][vc_column][vc_column_text]<!--:-->[\/vc_column_text][\/vc_column][\/vc_row]\n<\/div>","protected":false},"excerpt":{"rendered":"<p>[vc_row parallax=\u00a0\u00bbno\u00a0\u00bb css=\u00a0\u00bb.vc_custom_1416162684068{margin-bottom: 35px !important;}\u00a0\u00bb][vc_column][vc_column_text]<br \/>\nAudit de la qualit\u00e9<\/p>\n<p>Les audits de la qualit\u00e9 sont des proc\u00e9dures qui s\u2019int\u00e9ressent aux syst\u00e8mes d\u2019assurance qualit\u00e9 internes d\u2019une haute \u00e9cole. En Suisse, les audits de<\/p>\n","protected":false},"author":1,"featured_media":0,"parent":6181,"menu_order":3,"comment_status":"closed","ping_status":"closed","template":"page-side-navigation.php","meta":{"footnotes":""},"_links":{"self":[{"href":"https:\/\/aaq.ch\/fr\/wp-json\/wp\/v2\/pages\/6248"}],"collection":[{"href":"https:\/\/aaq.ch\/fr\/wp-json\/wp\/v2\/pages"}],"about":[{"href":"https:\/\/aaq.ch\/fr\/wp-json\/wp\/v2\/types\/page"}],"author":[{"embeddable":true,"href":"https:\/\/aaq.ch\/fr\/wp-json\/wp\/v2\/users\/1"}],"replies":[{"embeddable":true,"href":"https:\/\/aaq.ch\/fr\/wp-json\/wp\/v2\/comments?post=6248"}],"version-history":[{"count":8,"href":"https:\/\/aaq.ch\/fr\/wp-json\/wp\/v2\/pages\/6248\/revisions"}],"predecessor-version":[{"id":15938,"href":"https:\/\/aaq.ch\/fr\/wp-json\/wp\/v2\/pages\/6248\/revisions\/15938"}],"up":[{"embeddable":true,"href":"https:\/\/aaq.ch\/fr\/wp-json\/wp\/v2\/pages\/6181"}],"wp:attachment":[{"href":"https:\/\/aaq.ch\/fr\/wp-json\/wp\/v2\/media?parent=6248"}],"curies":[{"name":"wp","href":"https:\/\/api.w.org\/{rel}","templated":true}]}}