{"id":6226,"date":"2014-11-14T12:16:32","date_gmt":"2014-11-14T12:16:32","guid":{"rendered":"http:\/\/aaq.ch\/wp\/accreditation\/systemakkreditierung\/"},"modified":"2020-03-02T16:22:00","modified_gmt":"2020-03-02T15:22:00","slug":"accreditation-de-systemes","status":"publish","type":"page","link":"https:\/\/aaq.ch\/fr\/accreditation\/accreditation-de-systemes\/","title":{"rendered":"Accr\u00e9ditation de syst\u00e8mes"},"content":{"rendered":"<div class=\"wpb-content-wrapper\">[vc_row][vc_column][vc_column_text css=\".vc_custom_1583162517474{margin-bottom: 35px !important;}\"]\n<h4>Accr\u00e9ditation de syst\u00e8mes<\/h4>\n<p>L\u2019accr\u00e9ditation de syst\u00e8mes examine le syst\u00e8me d\u2019assurance qualit\u00e9 interne d\u2019une haute \u00e9cole allemande dans le domaine de l\u2019enseignement. L\u2019AAQ, en tant qu\u2019agence agr\u00e9\u00e9e en Allemagne, v\u00e9rifie si tous les processus et structures essentiels pour les \u00e9tudes et l\u2019enseignement respectent les crit\u00e8res du Conseil allemand d\u2019accr\u00e9ditation. Si une haute \u00e9cole obtient l\u2019accr\u00e9ditation de son syst\u00e8me, elle peut contr\u00f4ler ses fili\u00e8res d\u2019\u00e9tudes sous sa propre responsabilit\u00e9, il n\u2019y a plus obligation d\u2019accr\u00e9ditation des programmes.<\/p>\n<p>L\u2019AAQ conf\u00e8re le label du Conseil allemand d\u2019accr\u00e9ditation lorsque la d\u00e9cision d\u2019accr\u00e9ditation est positive.[\/vc_column_text][\/vc_column][\/vc_row][vc_row][vc_column width=\"2\/3\"][vc_tta_accordion style=\"flat\" shape=\"square\" spacing=\"5\" gap=\"3\" c_position=\"right\" active_section=\"1\" no_fill=\"true\"][vc_tta_section i_icon_fontawesome=\"fa fa-download\" add_icon=\"true\" title=\"Downloads\" tab_id=\"51922784-6740-cl\"][vc_column_text]<ul class=\"dlm-downloads\"><li><a class=\"download-link\" title=\"Version leitfaden systemakkreditierung\" href=\"https:\/\/aaq.ch\/fr\/download\/leitfaden-systemakkreditierung-3\/?tmstv=1775852478\" rel=\"nofollow\">\n\tLeitfaden Systemakkreditierung  \n\t(pdf, 766,68 Ko)\n\t\n<\/a><\/li><li><a class=\"download-link\" title=\"Version vorlage selbstbericht\" href=\"https:\/\/aaq.ch\/fr\/download\/vorlage-selbstbericht\/?tmstv=1775852478\" rel=\"nofollow\">\n\tVorlage Selbstbericht  \n\t(docx, 148,04 Ko)\n\t\n<\/a><\/li><li><a class=\"download-link\" title=\"\" href=\"https:\/\/aaq.ch\/fr\/download\/staatsvertrag-ueber-die-organisation-eines-gemeinsamen-akkreditierungssystems-zur-qualitaetssicherung-in-studium-und-lehre-an-deutschen-hochschulen-studienakkreditierungsstaatsvertrag\/?tmstv=1775852478\" rel=\"nofollow\">\n\tStaatsvertrag \u00fcber die Organisation eines gemeinsamen Akkreditierungssystems zur Qualit\u00e4tssicherung in Studium und Lehre an deutschen Hochschulen (Studienakkreditierungsstaatsvertrag)  \n\t(pdf, 1,19 Mo)\n\t\n<\/a><\/li><li><a class=\"download-link\" title=\"\" href=\"https:\/\/aaq.ch\/fr\/download\/musterrechtsverordnung-gemaess-artikel-4-absaetze-1-4-studienakkreditierungsstaatsvertrag-mrvo\/?tmstv=1775852478\" rel=\"nofollow\">\n\tMusterrechtsverordnung gem\u00e4\u00df Artikel 4 Abs\u00e4tze 1 - 4 Studienakkreditierungsstaatsvertrag (MRVO)  \n\t(pdf, 601,30 Ko)\n\t\n<\/a><\/li><li><a class=\"download-link\" title=\"\" href=\"https:\/\/aaq.ch\/fr\/download\/akkreditierungsbericht-typ-systemakkreditierung\/?tmstv=1775852478\" rel=\"nofollow\">\n\tAkkreditierungsbericht Typ Systemakkreditierung  \n\t(pdf, 295,58 Ko)\n\t\n<\/a><\/li><li><a class=\"download-link\" title=\"\" href=\"https:\/\/aaq.ch\/fr\/download\/gebuehrenordnung-des-akkreditierungsrates\/?tmstv=1775852478\" rel=\"nofollow\">\n\tGeb\u00fchrenordnung des Akkreditierungsrates  \n\t(pdf, 76,93 Ko)\n\t\n<\/a><\/li><\/ul>\n\t\t\t\t[\/vc_column_text][\/vc_tta_section][vc_tta_section i_icon_fontawesome=\"fa fa-user\" add_icon=\"true\" title=\"Contact\" tab_id=\"59037455-9a91-cl\"][vc_column_text]Katrin Meyer<br \/>\n<a href=\"mai&#108;&#116;&#111;&#x3a;&#x6b;&#x61;&#x74;&#x72;&#x69;n&#46;m&#101;&#121;&#101;&#114;&#x40;&#x61;&#x61;&#x71;&#x2e;&#x63;h\">&#x6b;&#x61;&#x74;&#x72;&#x69;&#x6e;&#x2e;&#x6d;&#x65;&#x79;&#x65;&#114;&#64;&#97;&#97;&#113;&#46;&#99;h<\/a>[\/vc_column_text][\/vc_tta_section][\/vc_tta_accordion][\/vc_column][vc_column width=\"1\/3\"][\/vc_column][\/vc_row][vc_row][vc_column][vc_column_text]<!--:-->[\/vc_column_text][\/vc_column][\/vc_row]\n<\/div>","protected":false},"excerpt":{"rendered":"<p>[vc_row][vc_column][vc_column_text css=\u00a0\u00bb.vc_custom_1583162517474{margin-bottom: 35px !important;}\u00a0\u00bb]<br \/>\nAccr\u00e9ditation de syst\u00e8mes<\/p>\n<p>L\u2019accr\u00e9ditation de syst\u00e8mes examine le syst\u00e8me d\u2019assurance qualit\u00e9 interne d\u2019une haute \u00e9cole allemande dans le domaine de l\u2019enseignement. L\u2019AAQ, en tant qu\u2019agence agr\u00e9\u00e9e en Allemagne,<\/p>\n","protected":false},"author":1,"featured_media":0,"parent":6181,"menu_order":1,"comment_status":"closed","ping_status":"closed","template":"page-side-navigation.php","meta":{"footnotes":""},"_links":{"self":[{"href":"https:\/\/aaq.ch\/fr\/wp-json\/wp\/v2\/pages\/6226"}],"collection":[{"href":"https:\/\/aaq.ch\/fr\/wp-json\/wp\/v2\/pages"}],"about":[{"href":"https:\/\/aaq.ch\/fr\/wp-json\/wp\/v2\/types\/page"}],"author":[{"embeddable":true,"href":"https:\/\/aaq.ch\/fr\/wp-json\/wp\/v2\/users\/1"}],"replies":[{"embeddable":true,"href":"https:\/\/aaq.ch\/fr\/wp-json\/wp\/v2\/comments?post=6226"}],"version-history":[{"count":11,"href":"https:\/\/aaq.ch\/fr\/wp-json\/wp\/v2\/pages\/6226\/revisions"}],"predecessor-version":[{"id":12084,"href":"https:\/\/aaq.ch\/fr\/wp-json\/wp\/v2\/pages\/6226\/revisions\/12084"}],"up":[{"embeddable":true,"href":"https:\/\/aaq.ch\/fr\/wp-json\/wp\/v2\/pages\/6181"}],"wp:attachment":[{"href":"https:\/\/aaq.ch\/fr\/wp-json\/wp\/v2\/media?parent=6226"}],"curies":[{"name":"wp","href":"https:\/\/api.w.org\/{rel}","templated":true}]}}