{"id":6217,"date":"2014-11-14T12:15:10","date_gmt":"2014-11-14T12:15:10","guid":{"rendered":"http:\/\/aaq.ch\/wp\/accreditation\/institutionelle-akkreditierung\/"},"modified":"2026-02-10T09:44:52","modified_gmt":"2026-02-10T08:44:52","slug":"accreditation-institutionnelle","status":"publish","type":"page","link":"https:\/\/aaq.ch\/fr\/accreditation\/accreditation-institutionnelle\/","title":{"rendered":"Accr\u00e9ditation institutionnelle"},"content":{"rendered":"<div class=\"wpb-content-wrapper\">[vc_row][vc_column][vc_column_text css=\".vc_custom_1443429006691{margin-bottom: 35px !important;}\"]\n<h4>Accr\u00e9ditation institutionnelle<\/h4>\n<p>L\u2019accr\u00e9ditation institutionnelle examine le syst\u00e8me d\u2019assurance qualit\u00e9 interne d\u2019une haute \u00e9cole.<\/p>\n<p>En Suisse, depuis l\u2019introduction de la LEHE, l\u2019accr\u00e9ditation institutionnelle est la condition \u00e0 remplir pour obtenir le droit \u00e0 l\u2019appellation\u00a0: si une institution veut s\u2019appeler \u00abuniversit\u00e9\u00bb,\u00a0\u00abhaute \u00e9cole sp\u00e9cialis\u00e9e\u00bb ou \u00abhaute \u00e9cole p\u00e9dagogique\u00bb, l\u2019accr\u00e9ditation institutionnelle est donc obligatoire. Les conditions sont d\u00e9finies dans l\u2019article 30 de la LEHE.<\/p>\n<p>L\u2019AAQ r\u00e9alise les accr\u00e9ditations institutionnelles en Suisse. L\u2019instance d\u00e9cisionnelle est le <a href=\"http:\/\/akkreditierungsrat.ch\/fr\/accreditation-en-suisse\/\" target=\"_blank\" rel=\"noopener\">Conseil suisse d\u2019accr\u00e9ditation<\/a>. Il conf\u00e8re un label de qualit\u00e9 \u00e0 la haute \u00e9cole accr\u00e9dit\u00e9e. La demande d'accr\u00e9ditation est \u00e0 adresser directement au Conseil suisse d'accr\u00e9ditation.<\/p>\n<p><strong>\u00a0<\/strong>[\/vc_column_text][\/vc_column][\/vc_row][vc_row][vc_column width=\"2\/3\"][vc_tta_accordion style=\"flat\" shape=\"square\" spacing=\"5\" gap=\"3\" c_position=\"right\" active_section=\"1\" no_fill=\"true\"][vc_tta_section i_icon_fontawesome=\"fa fa-download\" add_icon=\"true\" title=\"Downloads\" tab_id=\"6fd5d964-4e2b-cl\"][vc_column_text]<ul class=\"dlm-downloads\"><li><a class=\"download-link\" title=\"\" href=\"https:\/\/aaq.ch\/fr\/download\/accreditation-institutionnelle-guide\/?tmstv=1777664433\" rel=\"nofollow\">\n\tAccr\u00e9ditation institutionnelle \u2013 Guide  \n\t(pdf, 416,39 Ko)\n\t\n<\/a><\/li><\/ul>\n\t\t\t\t\n<ul style=\"list-style-type: square;\">\n<li><a href=\"https:\/\/aaq.ch\/download\/explications-des-standards-de-qualite\/?tmstv=1687182823\" target=\"_blank\" rel=\"noopener\">Explications des standards de qualit\u00e9<\/a><\/li>\n<li><a href=\"https:\/\/aaq.ch\/wp\/wp-content\/uploads\/dlm_uploads\/2024\/05\/2023-09-04-Code-de-conduite-f-2.pdf\">Code de conduite<\/a><\/li>\n<\/ul>\n<h5>R\u00e9accr\u00e9ditation<\/h5>\n<ul style=\"list-style-type: square;\">\n<li><a href=\"https:\/\/aaq.ch\/wp\/wp-content\/uploads\/dlm_uploads\/2026\/02\/2026-01-01-Template-Bericht-Inst.-Akkreditierung_FR-2.docx\">Template du rapport<\/a><\/li>\n<li><a href=\"https:\/\/aaq.ch\/download\/faq-fr\/?tmstv=1684150953\" target=\"_blank\" rel=\"noopener\">FAQ<\/a><\/li>\n<\/ul>\n[\/vc_column_text][\/vc_tta_section][vc_tta_section i_icon_fontawesome=\"fa fa-link\" add_icon=\"true\" title=\"Links\" tab_id=\"6b4fbedc-c6ec-cl\"][vc_column_text]\n<ul>\n<li><a href=\"https:\/\/www.admin.ch\/opc\/fr\/classified-compilation\/20070429\/index.html\" target=\"_blank\" rel=\"noopener\">Loi sur l'encouragement et la coordination des hautes \u00e9coles, LEHE<\/a><\/li>\n<li><a href=\"https:\/\/www.admin.ch\/opc\/fr\/classified-compilation\/20151363\/index.html\" target=\"_blank\" rel=\"noopener\">Ordonnance d'accr\u00e9ditation LEHE<\/a><\/li>\n<\/ul>\n[\/vc_column_text][\/vc_tta_section][vc_tta_section i_icon_fontawesome=\"fa fa-user\" add_icon=\"true\" title=\"Contact\" tab_id=\"04a2bbf4-4a97-cl\"][vc_column_text]Petra Lauk Kwasnitza<br \/>\n<a href=\"&#109;&#x61;&#x69;l&#116;&#x6f;:&#112;&#x65;&#x74;&#114;&#x61;&#x2e;l&#97;&#x75;k&#64;&#x61;&#x61;&#113;&#x2e;&#x63;h\">&#x70;e&#x74;&#114;&#x61;&#46;l&#x61;u&#x6b;&#64;&#x61;&#97;q&#x2e;&#99;&#x68;<\/a>[\/vc_column_text][\/vc_tta_section][vc_tta_section i_icon_fontawesome=\"fa fa-question\" add_icon=\"true\" title=\"FAQ\" tab_id=\"1509627157626-3f684320-e370\"][vc_toggle title=\"Une haute \u00e9cole ou institution menant uniquement des activit\u00e9s d\u2019enseignement ou uniquement des activit\u00e9s de recherche peut-elle \u00eatre accr\u00e9dit\u00e9e?\" custom_font_container=\"tag:h6|text_align:left\" custom_use_theme_fonts=\"yes\" use_custom_heading=\"true\" el_id=\"1509627769709-79a3c97c-22ff\"]Non. La loi sur l\u2019encouragement et la coordination des hautes \u00e9coles (LEHE) encourage l\u2019unit\u00e9 de la recherche et de l\u2019enseignement dans les hautes \u00e9coles.[\/vc_toggle][vc_toggle title=\"Est-il possible pour des d\u00e9partements de hautes \u00e9coles (d\u00e9partements, instituts, facult\u00e9s, instituts de recherche) d\u2019\u00eatre accr\u00e9dit\u00e9s?\" custom_font_container=\"tag:h6|text_align:left\" custom_use_theme_fonts=\"yes\" use_custom_heading=\"true\" el_id=\"1509628199831-1429773e-ca56\"]Non, la loi sur l\u2019encouragement et la coordination des hautes \u00e9coles (LEHE) ne permet pas l\u2019accr\u00e9ditation de d\u00e9partements. Une haute \u00e9cole souhaitant obtenir l\u2019accr\u00e9ditation institutionnelle doit correspondre \u00e0 un des types d\u00e9finis dans la LEHE (universit\u00e9, haute \u00e9cole sp\u00e9cialis\u00e9e, haute \u00e9cole ou institution p\u00e9dagogique). Les autres formats ne peuvent pas obtenir l\u2019accr\u00e9ditation.<\/p>\n<p>L\u2019AAQ propose des <a href=\"https:\/\/aaq.ch\/fr\/accreditation\/evaluation\/\" target=\"_blank\" rel=\"noopener\">\u00e9valuations<\/a> pour les autres institutions ou d\u00e9partements.[\/vc_toggle][vc_toggle title=\"Une haute \u00e9cole dont le si\u00e8ge se trouve \u00e0 l\u2019\u00e9tranger peut-elle \u00eatre accr\u00e9dit\u00e9e?\" custom_font_container=\"tag:h6|text_align:left\" custom_use_theme_fonts=\"yes\" use_custom_heading=\"true\" el_id=\"1509628201000-968bfa47-b948\"]Conform\u00e9ment \u00e0 la loi sur l\u2019encouragement et la coordination des hautes \u00e9coles (LEHE), la haute \u00e9cole doit \u00eatre une personne morale en Suisse et disposer d\u2019infrastructures en Suisse.[\/vc_toggle][vc_toggle title=\"Une haute \u00e9cole non accr\u00e9dit\u00e9e peut-elle quand m\u00eame d\u00e9cerner un dipl\u00f4me?\" custom_font_container=\"tag:h6|text_align:left\" custom_use_theme_fonts=\"yes\" use_custom_heading=\"true\" el_id=\"1509628395636-0476fae6-e4df\"]En principe oui. Il convient cependant de v\u00e9rifier les lois des cantons d\u2019implantation. La Conf\u00e9d\u00e9ration ne r\u00e9glemente pas l\u2019octroi de titres. Le droit d\u2019une haute \u00e9cole \u00e0 octroyer un titre n\u2019est \u00e9galement pas li\u00e9 \u00e0 l\u2019accr\u00e9ditation.[\/vc_toggle][vc_toggle title=\"Comment puis-je savoir si une haute \u00e9cole suisse est accr\u00e9dit\u00e9e?\" custom_font_container=\"tag:h6|text_align:left\" custom_use_theme_fonts=\"yes\" use_custom_heading=\"true\" el_id=\"1509628396909-6d1b8cd9-5d9b\"]Le Conseil suisse d\u2019accr\u00e9ditation tient une <a href=\"http:\/\/akkreditierungsrat.ch\/fr\/institutions-programmes-accredites\/\" target=\"_blank\" rel=\"noopener\">liste de toutes les hautes \u00e9coles accr\u00e9dit\u00e9es<\/a>. swissuniversities dispose \u00e9galement d\u2019une <a href=\"https:\/\/www.swissuniversities.ch\/fr\/espace-des-hautes-ecoles\/hautes-ecoles-suisses-reconnues\/\" target=\"_blank\" rel=\"noopener\">liste des hautes \u00e9coles reconnues ou accr\u00e9dit\u00e9es<\/a>.[\/vc_toggle][vc_toggle title=\"L\u2019accr\u00e9ditation d\u2019une haute \u00e9cole vaut-elle \u00e9galement pour ses programmes d\u2019\u00e9tudes?\" custom_font_container=\"tag:h6|text_align:left\" custom_use_theme_fonts=\"yes\" use_custom_heading=\"true\" el_id=\"1509628398068-be92d738-64b2\"]En Suisse, l\u2019accr\u00e9ditation des programmes est facultative. Dans le cadre de l\u2019accr\u00e9ditation institutionnelle, les hautes \u00e9coles apportent la preuve que le syst\u00e8me d\u2019assurance de la qualit\u00e9 s\u2019\u00e9tend \u00e0 tous les domaines, et par cons\u00e9quent \u00e9galement aux programmes d\u2019\u00e9tudes. Cependant, ces programmes ne b\u00e9n\u00e9ficient pas d\u2019une accr\u00e9ditation formelle en tant que telle.[\/vc_toggle][vc_toggle title=\"Chaque haute \u00e9cole en suisse doit-elle \u00eatre accr\u00e9dit\u00e9e?\" custom_font_container=\"tag:h6|text_align:left\" custom_use_theme_fonts=\"yes\" use_custom_heading=\"true\" el_id=\"1509628576450-ffa47a8a-de75\"]En Suisse, une haute \u00e9cole doit \u00eatre accr\u00e9dit\u00e9e conform\u00e9ment \u00e0 la LEHE si elle souhaite b\u00e9n\u00e9ficier du droit \u00e0 l\u2019appellation \u00abuniversit\u00e9\u00bb, \u00abhaute \u00e9cole sp\u00e9cialis\u00e9e\u00bb ou \u00abhaute \u00e9cole p\u00e9dagogique\u00bb dans une langue nationale ou dans une autre langue. Il en est de m\u00eame pour les versions d\u00e9riv\u00e9es de ces appellations.<\/p>\n<p>Des appellations telles que \u00abBusiness School\u00bb, etc., ne sont pas prot\u00e9g\u00e9es.[\/vc_toggle][vc_toggle title=\"Notre haute \u00e9cole souhaiterait obtenir l\u2019accr\u00e9ditation institutionnelle. Quelle est la proc\u00e9dure \u00e0 suivre?\" custom_font_container=\"tag:h6|text_align:left\" custom_use_theme_fonts=\"yes\" use_custom_heading=\"true\" el_id=\"1509628578205-345549d4-7996\"]Le <a href=\"http:\/\/akkreditierungsrat.ch\/fr\/\" target=\"_blank\" rel=\"noopener\">Conseil suisse d\u2019accr\u00e9ditation<\/a> est l\u2019instance comp\u00e9tente pour l\u2019admission \u00e0 la proc\u00e9dure. Vous pouvez t\u00e9l\u00e9charger le formulaire d\u2019admission ainsi qu\u2019un mod\u00e8le de documentation permettant de prouver que votre haute \u00e9cole remplit les conditions d\u2019admission (art.\u00a04 al.\u00a01 de l'ordonnance d\u2019accr\u00e9ditation LEHE) sur <a href=\"http:\/\/akkreditierungsrat.ch\/fr\/accreditation-en-suisse\/\" target=\"_blank\" rel=\"noopener\">le site web du Conseil d\u2019accr\u00e9ditation<\/a>. Pour tout renseignement, veuillez contacter le <a href=\"http:\/\/akkreditierungsrat.ch\/fr\/bureau\/\" target=\"_blank\" rel=\"noopener\">bureau<\/a>[\/vc_toggle][vc_toggle title=\"Est-il possible pour une haute \u00e9cole se pr\u00e9parant \u00e0 obtenir une accr\u00e9ditation institutionnelle de se faire conseiller par l\u2019AAQ?\" custom_font_container=\"tag:h6|text_align:left\" custom_use_theme_fonts=\"yes\" use_custom_heading=\"true\" el_id=\"1509628199592-8c8b1b29-58ce\"]L\u2019AAQ fournit des informations sur la proc\u00e9dure d\u2019accr\u00e9ditation institutionnelle et m\u00e8ne \u00e9galement des entretiens personnels si n\u00e9cessaire. Cependant, l\u2019AAQ ne propose pas de services de conseil.[\/vc_toggle][vc_toggle title=\"Quelle est la diff\u00e9rence entre une accr\u00e9ditation institutionnelle, une accr\u00e9ditation de syst\u00e8mes et un audit de la qualit\u00e9?\" custom_font_container=\"tag:h6|text_align:left\" custom_use_theme_fonts=\"yes\" use_custom_heading=\"true\" el_id=\"1509628199346-924834af-78b2\"]Les diff\u00e9rentes formes et proc\u00e9dures d\u2019assurance de la qualit\u00e9 s\u2019alignent sur les dispositions l\u00e9gales respectives aux diff\u00e9rents pays.<\/p>\n<p>L\u2019accr\u00e9ditation de syst\u00e8mes est une proc\u00e9dure r\u00e9alis\u00e9e exclusivement en Allemagne. L\u2019accr\u00e9ditation de syst\u00e8mes atteste qu\u2019une haute \u00e9cole allemande dispose d\u2019un syst\u00e8me d\u2019assurance de la qualit\u00e9 qui s\u2019\u00e9tend aux d\u00e9partements de l\u2019universit\u00e9 (\u00e9tudes et enseignement). En Allemagne, les universit\u00e9s ont la possibilit\u00e9 de choisir entre l\u2019accr\u00e9ditation de syst\u00e8mes et l\u2019accr\u00e9ditation de programmes.<\/p>\n<p>Les audits de la qualit\u00e9 sont des proc\u00e9dures r\u00e9alis\u00e9es conform\u00e9ment \u00e0 la loi autrichienne d\u2019assurance qualit\u00e9 des universit\u00e9s (HS-QSG). L\u2019AAQ r\u00e9alise ces proc\u00e9dures en Autriche.<\/p>\n<p>En Suisse, les audits de la qualit\u00e9 ont \u00e9t\u00e9 r\u00e9alis\u00e9s dans les universit\u00e9s et les deux \u00e9coles polytechniques f\u00e9d\u00e9rales (trois cycles) entre 2001 et 2014. Ils ont \u00e9t\u00e9 remplac\u00e9s par l\u2019accr\u00e9ditation institutionnelle lors de l\u2019introduction de la LEHE en 2015.<\/p>\n<p>En outre, l\u2019AAQ propose des \u00e9valuations destin\u00e9es aux institutions et aux programmes d\u2019\u00e9tudes (p. ex. master de formation postgrade). Les \u00e9valuations ne sont pas associ\u00e9es \u00e0 une d\u00e9cision l\u00e9galement valable.[\/vc_toggle][vc_toggle title=\"L\u2019accr\u00e9ditation institutionnelle comporte-t-elle des normes sp\u00e9cifiques, par exemple pour les universit\u00e9s \u00e0 distance?\" custom_font_container=\"tag:h6|text_align:left\" custom_use_theme_fonts=\"yes\" use_custom_heading=\"true\" el_id=\"1509628199099-8d49cc9e-cf60\"]Non, les normes sont les m\u00eames pour toutes les hautes \u00e9coles. Cependant, les normes prennent en compte les profils sp\u00e9cifiques. Ceci est assur\u00e9 par le groupe d\u2019experts adapt\u00e9 correspondant.[\/vc_toggle][vc_toggle title=\"Quel est le prix d\u2019une accr\u00e9ditation institutionnelle?\" custom_font_container=\"tag:h6|text_align:left\" custom_use_theme_fonts=\"yes\" use_custom_heading=\"true\" el_id=\"1509628004990-0abcefb3-9b24\"]Le <a href=\"http:\/\/akkreditierungsrat.ch\/download\/Akkreditierungsrat\/GebReg-SAR_FR.pdf\" target=\"_blank\" rel=\"noopener\">r\u00e8glement sur les \u00e9moluments du Conseil suisse d\u2019accr\u00e9ditation<\/a> sert de base de calcul pour les co\u00fbts de proc\u00e9dure factur\u00e9s par l\u2019AAQ<strong>.<\/strong><\/p>\n<p>Seuls les co\u00fbts directs sont factur\u00e9s aux hautes \u00e9coles publiques dont la collectivit\u00e9 contribue au financement du Conseil d\u2019accr\u00e9ditation et de l\u2019Agence, soit\u00a032'000\u00a0CHF.<\/p>\n<p>Les hautes \u00e9coles priv\u00e9es doivent payer les co\u00fbts indirects en suppl\u00e9ment des co\u00fbts directs, soit 59'000\u00a0CHF.<\/p>\n<p>Le payement est effectu\u00e9 en deux tranches.<\/p>\n<p>Les co\u00fbts d\u2019une v\u00e9rification ult\u00e9rieure des conditions sont factur\u00e9s s\u00e9par\u00e9ment.[\/vc_toggle][vc_toggle title=\"Tous les rapports sont-ils publi\u00e9s?\" custom_font_container=\"tag:h6|text_align:left\" custom_use_theme_fonts=\"yes\" use_custom_heading=\"true\" el_id=\"1509628004763-e4c46cde-399c\"]En Suisse, il n\u2019existe aucune base l\u00e9gale contraignante relative \u00e0 la publication des rapports de proc\u00e9dure. Cependant, l\u2019AAQ s\u2019engage \u00e0 respecter les bonnes pratiques europ\u00e9ennes et les directives de l\u2019ENQA qui d\u00e9finissent une publication continue des rapports. swissuniversities, la Conf\u00e9rence des recteurs suisses, a exprim\u00e9 son avis favorable concernant cette pratique.[\/vc_toggle][vc_toggle title=\"Quelle importance a l\u2019accr\u00e9ditation institutionnelle \u00e0 l\u2019\u00e9chelle nationale et internationale?\" custom_font_container=\"tag:h6|text_align:left\" custom_use_theme_fonts=\"yes\" use_custom_heading=\"true\" el_id=\"1509628004426-03cd9769-a189\"]L\u2019accr\u00e9ditation institutionnelle garantit que la haute \u00e9cole en question dispose d\u2019un syst\u00e8me d\u2019assurance de la qualit\u00e9 et qu\u2019elle est conforme \u00e0 des normes de qualit\u00e9 d\u00e9finies. A cet \u00e9gard, elle repr\u00e9sente une confirmation du respect des normes fix\u00e9es (LEHE en Suisse, ESG en Europe) \u00e0 l\u2019\u00e9chelle nationale et internationale.\u00a0Une haute \u00e9cole ayant obtenu l\u2019accr\u00e9ditation institutionnelle est inscrite sur la liste des hautes \u00e9coles accr\u00e9dit\u00e9es tenue par le Conseil suisse d\u2019accr\u00e9ditation ainsi que sur la <a href=\"https:\/\/www.swissuniversities.ch\/fr\/espace-des-hautes-ecoles\/hautes-ecoles-suisses-reconnues\/\" target=\"_blank\" rel=\"noopener\">liste des hautes \u00e9coles reconnues<\/a> tenues par swissuniversities, ce qui rev\u00eat une importance certaine \u00e0 l\u2019\u00e9chelle nationale et internationale.[\/vc_toggle][vc_toggle title=\"Qu\u2019en est-il de la position de l\u2019accr\u00e9ditation institutionnelle par rapport \u00e0 d\u2019autres accr\u00e9ditations nationales et internationales importantes?\" custom_font_container=\"tag:h6|text_align:left\" custom_use_theme_fonts=\"yes\" use_custom_heading=\"true\" el_id=\"1509628004200-63eef6ea-1445\"]L\u2019accr\u00e9ditation institutionnelle repr\u00e9sente la seule accr\u00e9ditation nationale d\u00e9livr\u00e9e \u00e0 l\u2019ensemble d\u2019une haute \u00e9cole. Il existe \u00e9galement des accr\u00e9ditations facultatives pour les programmes (pour les hautes \u00e9coles ayant d\u00e9j\u00e0 obtenu l\u2019accr\u00e9ditation institutionnelle) ou des accr\u00e9ditations de programmes propos\u00e9es par des agences particuli\u00e8res qui sont le plus souvent sp\u00e9cifiques \u00e0 une sp\u00e9cialit\u00e9.<\/p>\n<p>Il n\u2019existe aucune accr\u00e9ditation identique \u00e0 l\u2019\u00e9chelle internationale. En Suisse, l\u2019accr\u00e9ditation institutionnelle v\u00e9rifie les normes se rapportant \u00e0 tous les domaines d\u2019une haute \u00e9cole (et pas uniquement celles se rapportant \u00e0 l\u2019enseignement, par exemple). Elle rev\u00eat donc une grande importance.[\/vc_toggle][vc_toggle title=\"Quelle est la valeur de l\u2019accr\u00e9ditation institutionnelle pour les dipl\u00f4m\u00e9s d\u2019une haute \u00e9cole lors de l\u2019entr\u00e9e sur le march\u00e9 du travail et de l\u2019admission dans d\u2019autres hautes \u00e9coles \u00e0 l\u2019\u00e9chelle nationale et internationale?\" custom_font_container=\"tag:h6|text_align:left\" custom_use_theme_fonts=\"yes\" use_custom_heading=\"true\" el_id=\"1509627832342-59f29d21-6cf4\"]L\u2019accr\u00e9ditation n\u2019a aucun lien direct avec l\u2019octroi des dipl\u00f4mes.<\/p>\n<p>L\u2019admission dans d\u2019autres hautes \u00e9coles est soumise aux directives de ces hautes \u00e9coles. En principe, les dispositions de la Convention de Lisbonne relatives \u00e0 la mobilit\u00e9 acad\u00e9mique s\u2019appliquent.[\/vc_toggle][vc_toggle title=\"Je souhaite \u00e9tudier au sein d\u2019une institution non accr\u00e9dit\u00e9e. Dois-je partir du principe que cette institution n\u2019est pas de bonne qualit\u00e9?\" custom_font_container=\"tag:h6|text_align:left\" custom_use_theme_fonts=\"yes\" use_custom_heading=\"true\" el_id=\"1509627831746-412991e4-dac4\"]Non, il n\u2019est pas possible de tirer une telle conclusion.[\/vc_toggle][vc_toggle title=\"Quelle est la dur\u00e9e de l\u2019accr\u00e9ditation?\" custom_font_container=\"tag:h6|text_align:left\" custom_use_theme_fonts=\"yes\" use_custom_heading=\"true\" el_id=\"1509627831273-4ccbb8c6-1f71\"]Sept ans.[\/vc_toggle][vc_toggle title=\"Combien de temps dure la proc\u00e9dure d\u2019accr\u00e9ditation?\" custom_font_container=\"tag:h6|text_align:left\" custom_use_theme_fonts=\"yes\" use_custom_heading=\"true\" el_id=\"1509627812002-50a04596-a5f7\"]Dans son int\u00e9gralit\u00e9, la proc\u00e9dure d\u2019accr\u00e9ditation institutionnelle par le Conseil suisse d\u2019accr\u00e9ditation dure entre un an et demi \u00e0 deux ans. Afin de respecter le d\u00e9lai applicable (jusqu\u2019\u00e0 2022), les hautes \u00e9coles souhaitant obtenir l\u2019accr\u00e9ditation doivent d\u00e9poser une demande aupr\u00e8s du Conseil suisse d\u2019accr\u00e9ditation au plus tard avant la fin de l\u2019ann\u00e9e 2020.[\/vc_toggle][vc_toggle title=\"Toutes les hautes \u00e9coles doivent-elles obligatoirement r\u00e9aliser la proc\u00e9dure l\u2019accr\u00e9ditation institutionnelle avec l\u2019AAQ?\" custom_font_container=\"tag:h6|text_align:left\" custom_use_theme_fonts=\"yes\" use_custom_heading=\"true\" el_id=\"1509627811416-d3d49b2e-82b4\"]Non. Le Conseil suisse d\u2019accr\u00e9ditation tient une <a href=\"http:\/\/akkreditierungsrat.ch\/fr\/agences\/\" target=\"_blank\" rel=\"noopener\">liste des agences autoris\u00e9es<\/a>.[\/vc_toggle][vc_toggle title=\"Dans quelles langues la proc\u00e9dure peut-elle \u00eatre r\u00e9alis\u00e9e?\" custom_font_container=\"tag:h6|text_align:left\" custom_use_theme_fonts=\"yes\" use_custom_heading=\"true\" el_id=\"1509627810764-3352c1be-7dfd\"]L\u2019AAQ r\u00e9alise des proc\u00e9dures d\u2019accr\u00e9ditation institutionnelle en allemand, fran\u00e7ais, italien et anglais. La proc\u00e9dure se fait en une seule langue et celle-ci est d\u00e9finie au d\u00e9but de la proc\u00e9dure.[\/vc_toggle][vc_toggle title=\"Les hautes \u00e9coles peuvent\/doivent-elles \u00e9galement r\u00e9aliser une accr\u00e9ditation des programmes?\" custom_font_container=\"tag:h6|text_align:left\" custom_use_theme_fonts=\"yes\" use_custom_heading=\"true\" el_id=\"1509627809943-66f05e53-83a3\"]Les accr\u00e9ditations de programmes selon la LEHE sont possibles et se font sur la base du volontariat. Cependant, seules les institutions ayant d\u00e9j\u00e0 obtenu l\u2019accr\u00e9ditation institutionnelle peuvent y pr\u00e9tendre. Si ce n\u2019est pas le cas, il reste l\u2019option de l\u2019\u00e9valuation.[\/vc_toggle][\/vc_tta_section][\/vc_tta_accordion][\/vc_column][vc_column width=\"1\/3\"][\/vc_column][\/vc_row]\n<\/div>","protected":false},"excerpt":{"rendered":"<p>[vc_row][vc_column][vc_column_text css=\u00a0\u00bb.vc_custom_1443429006691{margin-bottom: 35px !important;}\u00a0\u00bb]<br \/>\nAccr\u00e9ditation institutionnelle<\/p>\n<p>L\u2019accr\u00e9ditation institutionnelle examine le syst\u00e8me d\u2019assurance qualit\u00e9 interne d\u2019une haute \u00e9cole.<\/p>\n<p>En Suisse, depuis l\u2019introduction de la LEHE, l\u2019accr\u00e9ditation institutionnelle est la condition \u00e0 remplir pour obtenir<\/p>\n","protected":false},"author":1,"featured_media":0,"parent":6181,"menu_order":0,"comment_status":"closed","ping_status":"closed","template":"page-side-navigation.php","meta":{"footnotes":""},"_links":{"self":[{"href":"https:\/\/aaq.ch\/fr\/wp-json\/wp\/v2\/pages\/6217"}],"collection":[{"href":"https:\/\/aaq.ch\/fr\/wp-json\/wp\/v2\/pages"}],"about":[{"href":"https:\/\/aaq.ch\/fr\/wp-json\/wp\/v2\/types\/page"}],"author":[{"embeddable":true,"href":"https:\/\/aaq.ch\/fr\/wp-json\/wp\/v2\/users\/1"}],"replies":[{"embeddable":true,"href":"https:\/\/aaq.ch\/fr\/wp-json\/wp\/v2\/comments?post=6217"}],"version-history":[{"count":40,"href":"https:\/\/aaq.ch\/fr\/wp-json\/wp\/v2\/pages\/6217\/revisions"}],"predecessor-version":[{"id":17549,"href":"https:\/\/aaq.ch\/fr\/wp-json\/wp\/v2\/pages\/6217\/revisions\/17549"}],"up":[{"embeddable":true,"href":"https:\/\/aaq.ch\/fr\/wp-json\/wp\/v2\/pages\/6181"}],"wp:attachment":[{"href":"https:\/\/aaq.ch\/fr\/wp-json\/wp\/v2\/media?parent=6217"}],"curies":[{"name":"wp","href":"https:\/\/api.w.org\/{rel}","templated":true}]}}