{"id":6181,"date":"2014-11-14T12:06:47","date_gmt":"2014-11-14T12:06:47","guid":{"rendered":"http:\/\/aaq.ch\/wp\/akkreditierung-2\/"},"modified":"2019-09-10T14:07:53","modified_gmt":"2019-09-10T13:07:53","slug":"accreditation","status":"publish","type":"page","link":"https:\/\/aaq.ch\/fr\/accreditation\/","title":{"rendered":"Accr\u00e9ditation"},"content":{"rendered":"<div class=\"wpb-content-wrapper\">[vc_row][vc_column][vc_column_text]<strong>Une accr\u00e9ditation positive certifie qu\u2019une haute \u00e9cole ou une fili\u00e8re d\u2019\u00e9tudes r\u00e9pond \u00e0 des exigences minimales de qualit\u00e9. Les accr\u00e9ditations prot\u00e8gent les int\u00e9r\u00eats des \u00e9tudiants et d\u2019autres parties prenantes. Elles constituent en outre une base pour la reconnaissance des dipl\u00f4mes et des titres et donc pour la mobilit\u00e9 dans l\u2019espace europ\u00e9en de l\u2019enseignement sup\u00e9rieur.<\/strong><\/p>\n<p>Les proc\u00e9dures de l\u2019AAQ respectent l\u2019autonomie de la haute \u00e9cole. Celles-ci sont tenues de respecter le principe selon lequel la responsabilit\u00e9 et la comp\u00e9tence concernant un syst\u00e8me d\u2019assurance qualit\u00e9 rel\u00e8vent en premier lieu de la haute \u00e9cole elle-m\u00eame. L\u2019AAQ apporte une contribution importante au d\u00e9veloppement de l\u2019assurance qualit\u00e9 gr\u00e2ce \u00e0 la v\u00e9rification externe faite par des expertes et experts qualifi\u00e9s. Pour la mise en \u0153uvre pratique, les proc\u00e9dures de l\u2019AAQ reposent sur des principes reconnus dans toute l\u2019Europe et prennent en compte les particularit\u00e9s sp\u00e9cifiques des diff\u00e9rents types des hautes \u00e9coles suisses.<\/p>\n<p>Les proc\u00e9dures d\u2019accr\u00e9ditation sont des d\u00e9marches transparentes et constitu\u00e9es de plusieurs phases, dont les d\u00e9cisions sont fond\u00e9es en droit. La haute \u00e9cole adresse une demande. Si les conditions sont r\u00e9unies, la proc\u00e9dure est ouverte. Lors de la premi\u00e8re phase, l\u2019auto-\u00e9valuation, la haute \u00e9cole soumet son syst\u00e8me d\u2019assurance qualit\u00e9 \u00e0 une autor\u00e9flexion critique. Parall\u00e8lement, l\u2019AAQ r\u00e9unit les expertes et experts qui r\u00e9aliseront l\u2019\u00e9valuation externe dans le cadre de visites sur place: les contenus du rapport d\u2019auto-\u00e9valuation sont approfondis lors d\u2019entretiens avec des repr\u00e9sentantes et des repr\u00e9sentants de la haute \u00e9cole. Les expertes et experts consignent dans un rapport le degr\u00e9 de respect des crit\u00e8res et \u00e9mettent une recommandation d\u2019accr\u00e9ditation. Celle-ci est transmise \u00e0 l\u2019instance d\u00e9cisionnelle \u2013 dans le cas d\u2019une proc\u00e9dure selon la LEHE, le Conseil suisse d\u2019accr\u00e9ditation \u2013 accompagn\u00e9e de la prise de position de la haute \u00e9cole ayant fait la demande.<\/p>\n<p>L\u2019AAQ con\u00e7oit et accompagne les proc\u00e9dures et garantit leur conformit\u00e9 aux r\u00e8gles en vigueur. \u00c0 la fin de la proc\u00e9dure, l\u2019AAQ rend publics les rapports. Les hautes \u00e9coles et fili\u00e8res peuvent, ind\u00e9pendamment du type de proc\u00e9dure, introduire un recours en r\u00e9vision si elles ne sont pas d\u2019accord avec la d\u00e9cision du conseil d\u2019accr\u00e9ditation.<\/p>\n<h5>Proc\u00e9dures d\u2019accr\u00e9ditation<\/h5>\n[\/vc_column_text]<div class=\"hr none\" style=\"margin:5px 0px !important;\"><\/div><div class=\"clearfix\"><\/div>[\/vc_column][\/vc_row][vc_row][vc_column width=\"2\/3\"][vc_single_image image=\"6573\" img_size=\"large\" css_animation=\"left-to-right\" img_link_large=\"yes\" el_class=\"grafik\"][\/vc_column][vc_column width=\"1\/3\"][\/vc_column][\/vc_row]\n<\/div>","protected":false},"excerpt":{"rendered":"<p>[vc_row][vc_column][vc_column_text]Une accr\u00e9ditation positive certifie qu\u2019une haute \u00e9cole ou une fili\u00e8re d\u2019\u00e9tudes r\u00e9pond \u00e0 des exigences minimales de qualit\u00e9. Les accr\u00e9ditations prot\u00e8gent les int\u00e9r\u00eats des \u00e9tudiants et d\u2019autres parties prenantes. Elles<\/p>\n","protected":false},"author":1,"featured_media":0,"parent":0,"menu_order":1,"comment_status":"closed","ping_status":"closed","template":"page-side-navigation.php","meta":{"footnotes":""},"_links":{"self":[{"href":"https:\/\/aaq.ch\/fr\/wp-json\/wp\/v2\/pages\/6181"}],"collection":[{"href":"https:\/\/aaq.ch\/fr\/wp-json\/wp\/v2\/pages"}],"about":[{"href":"https:\/\/aaq.ch\/fr\/wp-json\/wp\/v2\/types\/page"}],"author":[{"embeddable":true,"href":"https:\/\/aaq.ch\/fr\/wp-json\/wp\/v2\/users\/1"}],"replies":[{"embeddable":true,"href":"https:\/\/aaq.ch\/fr\/wp-json\/wp\/v2\/comments?post=6181"}],"version-history":[{"count":6,"href":"https:\/\/aaq.ch\/fr\/wp-json\/wp\/v2\/pages\/6181\/revisions"}],"predecessor-version":[{"id":11618,"href":"https:\/\/aaq.ch\/fr\/wp-json\/wp\/v2\/pages\/6181\/revisions\/11618"}],"wp:attachment":[{"href":"https:\/\/aaq.ch\/fr\/wp-json\/wp\/v2\/media?parent=6181"}],"curies":[{"name":"wp","href":"https:\/\/api.w.org\/{rel}","templated":true}]}}