{"id":13914,"date":"2022-09-20T09:20:34","date_gmt":"2022-09-20T08:20:34","guid":{"rendered":"https:\/\/aaq.ch\/?page_id=13914"},"modified":"2022-09-30T10:32:37","modified_gmt":"2022-09-30T09:32:37","slug":"aaq-institutional-accreditation-day-2022-inscription","status":"publish","type":"page","link":"https:\/\/aaq.ch\/fr\/aaq-institutional-accreditation-day-2022-inscription\/","title":{"rendered":"AAQ Institutional Accreditation Day 2022"},"content":{"rendered":"<div class=\"wpb-content-wrapper\">[vc_row][vc_column width=\"1\/2\"][vc_column_text]<span class=\"\">Les donn\u00e9es saisies appara\u00eetront automatiquement dans la liste des participants.\u00a0<\/span>Veuillez v\u00e9rifier l'exactitude des informations transmises, tout particuli\u00e8rement le nom et l'adresse email.<\/p>\n\n<div class=\"wpcf7 no-js\" id=\"wpcf7-f13918-o1\" lang=\"de-DE\" dir=\"ltr\">\n<div class=\"screen-reader-response\"><p role=\"status\" aria-live=\"polite\" aria-atomic=\"true\"><\/p> <ul><\/ul><\/div>\n<form action=\"\/fr\/wp-json\/wp\/v2\/pages\/13914#wpcf7-f13918-o1\" method=\"post\" class=\"wpcf7-form init\" aria-label=\"Kontaktformular\" novalidate=\"novalidate\" data-status=\"init\">\n<div style=\"display: none;\">\n<input type=\"hidden\" name=\"_wpcf7\" value=\"13918\" \/>\n<input type=\"hidden\" name=\"_wpcf7_version\" value=\"5.9.8\" \/>\n<input type=\"hidden\" name=\"_wpcf7_locale\" value=\"de_DE\" \/>\n<input type=\"hidden\" name=\"_wpcf7_unit_tag\" value=\"wpcf7-f13918-o1\" \/>\n<input type=\"hidden\" name=\"_wpcf7_container_post\" value=\"0\" \/>\n<input type=\"hidden\" name=\"_wpcf7_posted_data_hash\" value=\"\" \/>\n<\/div>\n<p>*Champs obligatoires\n<\/p>\n<p>Nom(s)*\n<\/p>\n<p><span class=\"wpcf7-form-control-wrap\" data-name=\"nachname\"><input size=\"40\" maxlength=\"400\" class=\"wpcf7-form-control wpcf7-text wpcf7-validates-as-required\" aria-required=\"true\" aria-invalid=\"false\" value=\"\" type=\"text\" name=\"nachname\" \/><\/span>\n<\/p>\n<p>Pr\u00e9nom(s)*\n<\/p>\n<p><span class=\"wpcf7-form-control-wrap\" data-name=\"vorname\"><input size=\"40\" maxlength=\"400\" class=\"wpcf7-form-control wpcf7-text wpcf7-validates-as-required\" aria-required=\"true\" aria-invalid=\"false\" value=\"\" type=\"text\" name=\"vorname\" \/><\/span>\n<\/p>\n<p>Titres\n<\/p>\n<p><span class=\"wpcf7-form-control-wrap\" data-name=\"titel\"><input size=\"40\" maxlength=\"400\" class=\"wpcf7-form-control wpcf7-text\" aria-invalid=\"false\" value=\"\" type=\"text\" name=\"titel\" \/><\/span>\n<\/p>\n<p>Fonction*\n<\/p>\n<p><span class=\"wpcf7-form-control-wrap\" data-name=\"funktion\"><input size=\"40\" maxlength=\"400\" class=\"wpcf7-form-control wpcf7-text wpcf7-validates-as-required\" aria-required=\"true\" aria-invalid=\"false\" value=\"\" type=\"text\" name=\"funktion\" \/><\/span>\n<\/p>\n<p>Institution*\n<\/p>\n<p><span class=\"wpcf7-form-control-wrap\" data-name=\"institution\"><input size=\"40\" maxlength=\"400\" class=\"wpcf7-form-control wpcf7-text wpcf7-validates-as-required\" aria-required=\"true\" aria-invalid=\"false\" value=\"\" type=\"text\" name=\"institution\" \/><\/span>\n<\/p>\n<p>Adresse\n<\/p>\n<p><span class=\"wpcf7-form-control-wrap\" data-name=\"adresse\"><input size=\"40\" maxlength=\"400\" class=\"wpcf7-form-control wpcf7-text\" aria-invalid=\"false\" value=\"\" type=\"text\" name=\"adresse\" \/><\/span>\n<\/p>\n<p>Pays*\n<\/p>\n<p><span class=\"wpcf7-form-control-wrap\" data-name=\"land\"><input size=\"40\" maxlength=\"400\" class=\"wpcf7-form-control wpcf7-text wpcf7-validates-as-required\" aria-required=\"true\" aria-invalid=\"false\" value=\"\" type=\"text\" name=\"land\" \/><\/span>\n<\/p>\n<p>Email*\n<\/p>\n<p><span class=\"wpcf7-form-control-wrap\" data-name=\"e-mail\"><input size=\"40\" maxlength=\"400\" class=\"wpcf7-form-control wpcf7-email wpcf7-validates-as-required wpcf7-text wpcf7-validates-as-email\" aria-required=\"true\" aria-invalid=\"false\" value=\"\" type=\"email\" name=\"e-mail\" \/><\/span>\n<\/p>\n<p>Langue souhait\u00e9e pour le workshop de l'apr\u00e8s-midi*\n<\/p>\n<div class=\"inline\">\n\t<p><span class=\"left\">1er choix:<span class=\"wpcf7-form-control-wrap\" data-name=\"Wahl1\"><select class=\"wpcf7-form-control wpcf7-select wpcf7-validates-as-required float-left\" aria-required=\"true\" aria-invalid=\"false\" name=\"Wahl1\"><option value=\"\">&#8211; Bitte ausw\u00e4hlen &#8211;<\/option><option value=\"Allemand\">Allemand<\/option><option value=\"Fran\u00e7ais\">Fran\u00e7ais<\/option><option value=\"Italien\">Italien<\/option><\/select><\/span><\/span><span class=\"right\">2\u00e8me choix:<span class=\"wpcf7-form-control-wrap\" data-name=\"Wahl2\"><select class=\"wpcf7-form-control wpcf7-select wpcf7-validates-as-required float-left\" aria-required=\"true\" aria-invalid=\"false\" name=\"Wahl2\"><option value=\"\">&#8211; Bitte ausw\u00e4hlen &#8211;<\/option><option value=\"Allemand\">Allemand<\/option><option value=\"Fran\u00e7ais\">Fran\u00e7ais<\/option><option value=\"Italien\">Italien<\/option><\/select><\/span><\/span>\n\t<\/p>\n<\/div>\n<p>V\u00e9g\u00e9tarien*<br \/>\n<span class=\"wpcf7-form-control-wrap\" data-name=\"Vegetarier\"><select class=\"wpcf7-form-control wpcf7-select wpcf7-validates-as-required float-left\" aria-required=\"true\" aria-invalid=\"false\" name=\"Vegetarier\"><option value=\"\">&#8211; Bitte ausw\u00e4hlen &#8211;<\/option><option value=\"oui\">oui<\/option><option value=\"non\">non<\/option><\/select><\/span>\n<\/p>\n<p>Commentaires\n<\/p>\n<p><span class=\"wpcf7-form-control-wrap\" data-name=\"bemerkungen\"><textarea cols=\"40\" rows=\"10\" maxlength=\"2000\" class=\"wpcf7-form-control wpcf7-textarea\" aria-invalid=\"false\" name=\"bemerkungen\"><\/textarea><\/span>\n<\/p>\n<p><input class=\"wpcf7-form-control wpcf7-submit has-spinner\" type=\"submit\" value=\"envoyer\" \/>\n<\/p><div class=\"wpcf7-response-output\" aria-hidden=\"true\"><\/div>\n<\/form>\n<\/div>\n[\/vc_column_text][\/vc_column][vc_column width=\"1\/2\"][vc_column_text]\n<h3>Inscription<\/h3>\n<h5>AAQ Institutional Accreditation Day 2022<br \/>\nJeudi, 24 novembre 2022<b class=\"\"><\/b><\/h5>\n<ul>\n<li class=\"\">Les places sont limit\u00e9es, les inscrit-e-s s'engagent \u00e0 participer \u00e0 l'ensemble de la journ\u00e9e<\/li>\n<li class=\"\">La participation est gratuite<\/li>\n<li class=\"\">Le colloque se d\u00e9roulera principalement en allemand et fran\u00e7ais; aucun service de traduction ni d\u2019interpr\u00e9tation ne sera disponible sur place<\/li>\n<li class=\"\">L'\u00e9ventuelle organisation du voyage ou de l\u2019h\u00f4tel sont pris en charge par le\/la participant-e<\/li>\n<\/ul>\n<p>Contact:\u00a0<a class=\"\" href=\"m&#97;&#105;&#x6c;&#x74;&#x6f;&#x3a;l&#97;&#117;&#114;&#x61;&#x2e;&#x62;ec&#99;&#97;&#x72;&#x69;&#x40;aa&#113;&#46;&#x63;&#x68;\">l&#97;&#117;&#x72;&#x61;&#46;&#98;&#101;&#x63;&#x63;&#x61;r&#105;&#64;&#x61;&#x61;q&#46;&#99;&#x68;<\/a><\/p>\n<div class=\"\"><\/div>\n[\/vc_column_text][\/vc_column][\/vc_row]\n<\/div>","protected":false},"excerpt":{"rendered":"<p>[vc_row][vc_column width=\u00a0\u00bb1\/2&Prime;][vc_column_text]Les donn\u00e9es saisies appara\u00eetront automatiquement dans la liste des participants.\u00a0Veuillez v\u00e9rifier l&rsquo;exactitude des informations transmises, tout particuli\u00e8rement le nom et l&rsquo;adresse email.<\/p>\n<p>[\/vc_column_text][\/vc_column][vc_column width=\u00a0\u00bb1\/2&Prime;][vc_column_text]<br \/>\nInscription<br \/>\nAAQ Institutional Accreditation Day 2022<br \/>\nJeudi, 24 novembre<\/p>\n","protected":false},"author":1,"featured_media":0,"parent":0,"menu_order":0,"comment_status":"closed","ping_status":"closed","template":"page-nosidebar.php","meta":{"footnotes":""},"_links":{"self":[{"href":"https:\/\/aaq.ch\/fr\/wp-json\/wp\/v2\/pages\/13914"}],"collection":[{"href":"https:\/\/aaq.ch\/fr\/wp-json\/wp\/v2\/pages"}],"about":[{"href":"https:\/\/aaq.ch\/fr\/wp-json\/wp\/v2\/types\/page"}],"author":[{"embeddable":true,"href":"https:\/\/aaq.ch\/fr\/wp-json\/wp\/v2\/users\/1"}],"replies":[{"embeddable":true,"href":"https:\/\/aaq.ch\/fr\/wp-json\/wp\/v2\/comments?post=13914"}],"version-history":[{"count":5,"href":"https:\/\/aaq.ch\/fr\/wp-json\/wp\/v2\/pages\/13914\/revisions"}],"predecessor-version":[{"id":13925,"href":"https:\/\/aaq.ch\/fr\/wp-json\/wp\/v2\/pages\/13914\/revisions\/13925"}],"wp:attachment":[{"href":"https:\/\/aaq.ch\/fr\/wp-json\/wp\/v2\/media?parent=13914"}],"curies":[{"name":"wp","href":"https:\/\/api.w.org\/{rel}","templated":true}]}}