{"id":11463,"date":"2018-11-05T16:46:47","date_gmt":"2018-11-05T15:46:47","guid":{"rendered":"https:\/\/aaq.ch\/?page_id=11463"},"modified":"2026-01-01T10:45:15","modified_gmt":"2026-01-01T09:45:15","slug":"accueil","status":"publish","type":"page","link":"https:\/\/aaq.ch\/fr\/","title":{"rendered":"Accueil"},"content":{"rendered":"<div class=\"wpb-content-wrapper\">[vc_row gap=\"30\" equal_height=\"yes\" css=\".vc_custom_1540996932385{margin-bottom: 0px !important;padding-top: 50px !important;padding-bottom: 60px !important;}\" row_section_id=\"home\" el_id=\"home-3\"][vc_column width=\"1\/3\"][vc_column_text]\n<h5>L'AAQ<\/h5>\n<p>L\u2019Agence suisse d\u2019accr\u00e9ditation et d\u2019assurance qualit\u00e9 garantit et favorise la qualit\u00e9 de l\u2019enseignement et de la recherche dans les hautes \u00e9coles suisses. Elle est ind\u00e9pendante, travaille avec des m\u00e9thodes reconnues au niveau international et fait appel aux connaissances et \u00e0 l\u2019exp\u00e9rience d\u2019expertes et d\u2019experts renomm\u00e9s. L\u2019AAQ \u00e9labore des directives et des standards de qualit\u00e9, r\u00e9alise des proc\u00e9dures d\u2019accr\u00e9ditation et d\u2019\u00e9valuation et est active sur le plan international. Elle se consid\u00e8re comme un partenaire externe dans le domaine de l\u2019assurance qualit\u00e9 et de l\u2019am\u00e9lioration de la qualit\u00e9 et apporte son soutien en proposant diff\u00e9rentes prestations de services. L\u2019AAQ est plac\u00e9e sous l\u2019autorit\u00e9 du <a href=\"http:\/\/www.akkreditierungsrat.ch\">Conseil suisse d\u2019accr\u00e9ditation<\/a>.[\/vc_column_text]<a href=\"https:\/\/aaq.ch\/fr\/laaq\/mandat\/\" target=\"_self\" class=\"button prettyPhoto  default mini simple alignleft\" rel=\"slides[buttonlightbox]\"> En plus <i class=\"fa fa-arrow-circle-o-right fa-right\"><\/i><\/a><div class=\"clearfix\"><\/div>[\/vc_column][vc_column width=\"1\/3\" css=\".vc_custom_1555334623944{background-color: #ed1f24 !important;}\"][vc_column_text]\n<div class=\"weiss\">\n<h5>Accr\u00e9ditation<\/h5>\n<ul class=\"sidenav\">\n<li class=\"page_item page-item-5297\"><a href=\"https:\/\/aaq.ch\/fr\/accreditation\/accreditation-institutionnelle\/\">ACCR\u00c9DITATION INSTITUTIONNELLE<\/a><\/li>\n<li class=\"page_item page-item-5299\"><a href=\"https:\/\/aaq.ch\/fr\/accreditation\/accreditation-de-systemes\/\">ACCR\u00c9DITATION DE SYST\u00c8MES<\/a><\/li>\n<li class=\"page_item page-item-8621\"><a href=\"https:\/\/aaq.ch\/fr\/accreditation\/accreditation-de-programmes\/\">ACCR\u00c9DITATION DE PROGRAMMES<\/a><\/li>\n<li class=\"page_item page-item-5304\"><a href=\"https:\/\/aaq.ch\/fr\/accreditation\/audit-de-la-qualite\/\">AUDIT DE LA QUALIT\u00c9<\/a><\/li>\n<li class=\"page_item page-item-5306\"><a href=\"https:\/\/aaq.ch\/fr\/accreditation\/evaluation\/\">\u00c9VALUATION<\/a><\/li>\n<\/ul>\n<\/div>\n[\/vc_column_text][\/vc_column][vc_column width=\"1\/3\"][vc_column_text]\n<h5>Assurance qualit\u00e9<\/h5>\n<p>La notion de syst\u00e8me d\u2019assurance qualit\u00e9 d\u00e9signe l\u2019ensemble des proc\u00e9dures et pratiques pour documenter et am\u00e9liorer la qualit\u00e9 des activit\u00e9s. Elle implique un ensemble complet, coh\u00e9rent et dynamique de r\u00e8glements, m\u00e9canismes et processus visant la r\u00e9alisation d\u2019objectifs et l\u2019impl\u00e9mentation de strat\u00e9gies, l\u2019impl\u00e9mentation d\u2019actions qui en d\u00e9coulent, leur \u00e9valuation, la mise en place au besoin de m\u00e9canismes de correction et au final l\u2019am\u00e9lioration continue des activit\u00e9s et l\u2019adaptation aux \u00e9volutions de son environnement. Les moyens engag\u00e9s pour le syst\u00e8me d\u2019assurance qualit\u00e9 sont proportionn\u00e9s aux buts recherch\u00e9s.[\/vc_column_text][\/vc_column][\/vc_row][vc_row][vc_column][\/vc_column][\/vc_row][vc_row css=\".vc_custom_1555340567802{margin-bottom: 0px !important;border-top-width: 0px !important;border-bottom-width: 1px !important;padding-top: 65px !important;padding-bottom: 40px !important;background-color: #f7f8fa !important;border-top-color: #ed1f24 !important;border-bottom-color: #ed1f24 !important;}\" font_color=\"#eaeded\" el_class=\"homeblog\"][vc_column]<div class=\"separator_block center\" style=\"margin-bottom:10px;\"><h3>Actualit\u00e9s<\/h3><div class=\"separator short\"><div class=\"separator_line\"><\/div><\/div><div class=\"clearfix\"><\/div><\/div>[vc_empty_space height=\"40px\"][vc_column_text]\n<h4 style=\"text-align: center;\"><span style=\"color: #ff0000;\"><strong>L'AAQ a d\u00e9m\u00e9nag\u00e9.<\/strong> <\/span><br \/>\n<span style=\"color: #ff0000;\">D\u00e8s le 5 janvier 2026, vous nous trouverez \u00e0 notre nouvelle adresse :<\/span><br \/>\n<span style=\"color: #ff0000;\">Schwanengasse 9, case postale, 3001 Berne<\/span><\/h4>\n[\/vc_column_text][vc_empty_space height=\"40px\"][vc_basic_grid post_type=\"post\" max_items=\"3\" item=\"11478\" initial_loading_animation=\"none\" grid_id=\"vc_gid:1767260656887-d35961ad3f4f0a2ff60425ff7d9465a3-4\" taxonomies=\"7, 6\"][vc_row_inner][vc_column_inner width=\"1\/3\"][\/vc_column_inner][vc_column_inner width=\"1\/3\"][vc_column_text css=\".vc_custom_1561971087358{margin-bottom: 0px !important;padding-bottom: 0px !important;}\"]<center><a href=\"..\/fr\/category\/news\/\" target=\"_self\" rel=\"noopener\"><strong> TOUTES LES ACTUALIT\u00c9S<\/strong> <i class=\"fa fa-arrow-circle-o-right fa-right\"><\/i><\/a><\/center><center><a href=\"..\/fr\/category\/evenements\/\" target=\"_self\" rel=\"noopener\"><strong>EV\u00c8NEMENTS<\/strong><\/a><\/center><center><\/center>[\/vc_column_text][\/vc_column_inner][vc_column_inner width=\"1\/3\"][\/vc_column_inner][\/vc_row_inner][\/vc_column][\/vc_row][vc_row][vc_column][\/vc_column][\/vc_row]\n<\/div>","protected":false},"excerpt":{"rendered":"<p>[vc_row gap=\u00a0\u00bb30&Prime; equal_height=\u00a0\u00bbyes\u00a0\u00bb css=\u00a0\u00bb.vc_custom_1540996932385{margin-bottom: 0px !important;padding-top: 50px !important;padding-bottom: 60px !important;}\u00a0\u00bb row_section_id=\u00a0\u00bbhome\u00a0\u00bb el_id=\u00a0\u00bbhome-3&Prime;][vc_column width=\u00a0\u00bb1\/3&Prime;][vc_column_text]<br \/>\nL&rsquo;AAQ<\/p>\n<p>L\u2019Agence suisse d\u2019accr\u00e9ditation et d\u2019assurance qualit\u00e9 garantit et favorise la qualit\u00e9 de l\u2019enseignement et de la recherche dans<\/p>\n","protected":false},"author":1,"featured_media":0,"parent":0,"menu_order":0,"comment_status":"closed","ping_status":"closed","template":"page-fullwidth.php","meta":{"footnotes":""},"_links":{"self":[{"href":"https:\/\/aaq.ch\/fr\/wp-json\/wp\/v2\/pages\/11463"}],"collection":[{"href":"https:\/\/aaq.ch\/fr\/wp-json\/wp\/v2\/pages"}],"about":[{"href":"https:\/\/aaq.ch\/fr\/wp-json\/wp\/v2\/types\/page"}],"author":[{"embeddable":true,"href":"https:\/\/aaq.ch\/fr\/wp-json\/wp\/v2\/users\/1"}],"replies":[{"embeddable":true,"href":"https:\/\/aaq.ch\/fr\/wp-json\/wp\/v2\/comments?post=11463"}],"version-history":[{"count":17,"href":"https:\/\/aaq.ch\/fr\/wp-json\/wp\/v2\/pages\/11463\/revisions"}],"predecessor-version":[{"id":17407,"href":"https:\/\/aaq.ch\/fr\/wp-json\/wp\/v2\/pages\/11463\/revisions\/17407"}],"wp:attachment":[{"href":"https:\/\/aaq.ch\/fr\/wp-json\/wp\/v2\/media?parent=11463"}],"curies":[{"name":"wp","href":"https:\/\/api.w.org\/{rel}","templated":true}]}}