{"id":6225,"date":"2014-11-14T12:16:32","date_gmt":"2014-11-14T12:16:32","guid":{"rendered":"http:\/\/aaq.ch\/wp\/accreditation\/systemakkreditierung\/"},"modified":"2020-03-02T16:21:42","modified_gmt":"2020-03-02T15:21:42","slug":"system-accreditation","status":"publish","type":"page","link":"https:\/\/aaq.ch\/en\/accreditation\/system-accreditation\/","title":{"rendered":"System accreditation"},"content":{"rendered":"<div class=\"wpb-content-wrapper\">[vc_row][vc_column][vc_column_text css=\".vc_custom_1583162499671{margin-bottom: 35px !important;}\"]\n<h4>System accreditation<\/h4>\n<p>The system accreditation procedure appraises the internal quality assurance system in a higher education institution in Germany in terms of its teaching. As an approved agency in Germany, the AAQ checks that all the structures and processes of relevance to teaching and learning meet the criteria of the German Accreditation Council. If a HEI is system-accredited, it can take responsibility for reviewing its own degree courses \u2013 programme accreditation is no longer obligatory.<\/p>\n<p>If a decision is made in favour of accreditation, the AAQ will award the seal of the Accreditation Council.[\/vc_column_text][\/vc_column][\/vc_row][vc_row][vc_column width=\"2\/3\"][vc_tta_accordion style=\"flat\" shape=\"square\" spacing=\"5\" gap=\"3\" c_position=\"right\" active_section=\"1\" no_fill=\"true\"][vc_tta_section i_icon_fontawesome=\"fa fa-download\" add_icon=\"true\" title=\"Downloads\" tab_id=\"d490f733-b88c-cl\"][vc_column_text]<ul class=\"dlm-downloads\"><li><a class=\"download-link\" title=\"Version leitfaden systemakkreditierung\" href=\"https:\/\/aaq.ch\/en\/download\/leitfaden-systemakkreditierung-3\/?tmstv=1776518460\" rel=\"nofollow\">\n\tLeitfaden Systemakkreditierung  \n\t(pdf, 766.68 KB)\n\t\n<\/a><\/li><li><a class=\"download-link\" title=\"Version vorlage selbstbericht\" href=\"https:\/\/aaq.ch\/en\/download\/vorlage-selbstbericht\/?tmstv=1776518460\" rel=\"nofollow\">\n\tVorlage Selbstbericht  \n\t(docx, 148.04 KB)\n\t\n<\/a><\/li><li><a class=\"download-link\" title=\"\" href=\"https:\/\/aaq.ch\/en\/download\/staatsvertrag-ueber-die-organisation-eines-gemeinsamen-akkreditierungssystems-zur-qualitaetssicherung-in-studium-und-lehre-an-deutschen-hochschulen-studienakkreditierungsstaatsvertrag\/?tmstv=1776518460\" rel=\"nofollow\">\n\tStaatsvertrag \u00fcber die Organisation eines gemeinsamen Akkreditierungssystems zur Qualit\u00e4tssicherung in Studium und Lehre an deutschen Hochschulen (Studienakkreditierungsstaatsvertrag)  \n\t(pdf, 1.19 MB)\n\t\n<\/a><\/li><li><a class=\"download-link\" title=\"\" href=\"https:\/\/aaq.ch\/en\/download\/musterrechtsverordnung-gemaess-artikel-4-absaetze-1-4-studienakkreditierungsstaatsvertrag-mrvo\/?tmstv=1776518460\" rel=\"nofollow\">\n\tMusterrechtsverordnung gem\u00e4\u00df Artikel 4 Abs\u00e4tze 1 - 4 Studienakkreditierungsstaatsvertrag (MRVO)  \n\t(pdf, 601.30 KB)\n\t\n<\/a><\/li><li><a class=\"download-link\" title=\"\" href=\"https:\/\/aaq.ch\/en\/download\/akkreditierungsbericht-typ-systemakkreditierung\/?tmstv=1776518460\" rel=\"nofollow\">\n\tAkkreditierungsbericht Typ Systemakkreditierung  \n\t(pdf, 295.58 KB)\n\t\n<\/a><\/li><li><a class=\"download-link\" title=\"\" href=\"https:\/\/aaq.ch\/en\/download\/gebuehrenordnung-des-akkreditierungsrates\/?tmstv=1776518460\" rel=\"nofollow\">\n\tGeb\u00fchrenordnung des Akkreditierungsrates  \n\t(pdf, 76.93 KB)\n\t\n<\/a><\/li><\/ul>\n\t\t\t\t[\/vc_column_text][\/vc_tta_section][vc_tta_section i_icon_fontawesome=\"fa fa-user\" add_icon=\"true\" title=\"Contact\" tab_id=\"fbf04f57-9ff9-cl\"][vc_column_text]Katrin Meyer<br \/>\n<a href=\"&#x6d;&#97;i&#x6c;&#116;o&#x3a;&#107;a&#x74;&#114;i&#x6e;&#46;m&#x65;&#x79;e&#x72;&#x40;&#97;&#x61;&#x71;&#46;&#x63;&#x68;\">&#x6b;&#97;&#116;r&#x69;&#x6e;&#46;m&#x65;&#x79;&#101;r&#64;&#x61;&#97;&#113;&#46;&#x63;&#x68;<\/a>[\/vc_column_text][\/vc_tta_section][\/vc_tta_accordion][\/vc_column][vc_column width=\"1\/3\"][\/vc_column][\/vc_row][vc_row][vc_column][vc_column_text]<!--:-->[\/vc_column_text][\/vc_column][\/vc_row]\n<\/div>","protected":false},"excerpt":{"rendered":"<p>[vc_row][vc_column][vc_column_text css=&#8221;.vc_custom_1583162499671{margin-bottom: 35px !important;}&#8221;]<br \/>\nSystem accreditation<\/p>\n<p>The system accreditation procedure appraises the internal quality assurance system in a higher education institution in Germany in terms of its teaching. As an approved agency<\/p>\n","protected":false},"author":1,"featured_media":0,"parent":6180,"menu_order":1,"comment_status":"closed","ping_status":"closed","template":"page-side-navigation.php","meta":{"footnotes":""},"_links":{"self":[{"href":"https:\/\/aaq.ch\/en\/wp-json\/wp\/v2\/pages\/6225"}],"collection":[{"href":"https:\/\/aaq.ch\/en\/wp-json\/wp\/v2\/pages"}],"about":[{"href":"https:\/\/aaq.ch\/en\/wp-json\/wp\/v2\/types\/page"}],"author":[{"embeddable":true,"href":"https:\/\/aaq.ch\/en\/wp-json\/wp\/v2\/users\/1"}],"replies":[{"embeddable":true,"href":"https:\/\/aaq.ch\/en\/wp-json\/wp\/v2\/comments?post=6225"}],"version-history":[{"count":8,"href":"https:\/\/aaq.ch\/en\/wp-json\/wp\/v2\/pages\/6225\/revisions"}],"predecessor-version":[{"id":12083,"href":"https:\/\/aaq.ch\/en\/wp-json\/wp\/v2\/pages\/6225\/revisions\/12083"}],"up":[{"embeddable":true,"href":"https:\/\/aaq.ch\/en\/wp-json\/wp\/v2\/pages\/6180"}],"wp:attachment":[{"href":"https:\/\/aaq.ch\/en\/wp-json\/wp\/v2\/media?parent=6225"}],"curies":[{"name":"wp","href":"https:\/\/api.w.org\/{rel}","templated":true}]}}