{"id":16482,"date":"2025-05-14T09:17:33","date_gmt":"2025-05-14T08:17:33","guid":{"rendered":"https:\/\/aaq.ch\/?page_id=16482"},"modified":"2025-10-24T10:55:41","modified_gmt":"2025-10-24T09:55:41","slug":"aaq-day-2025","status":"publish","type":"page","link":"https:\/\/aaq.ch\/en\/aaq-day-2025\/","title":{"rendered":"AAQ Day 2025"},"content":{"rendered":"<div class=\"wpb-content-wrapper\">[vc_row gap=\"30\" equal_height=\"yes\" content_placement=\"top\" css=\".vc_custom_1729063496471{margin-bottom: 0px !important;padding-top: 50px !important;padding-bottom: 60px !important;}\" row_section_id=\"home\"][vc_column width=\"1\/2\"][vc_single_image image=\"17046\" img_size=\"full\"][\/vc_column][vc_column width=\"1\/2\"]<a href=\"https:\/\/aaq.ch\/wp\/wp-content\/uploads\/dlm_uploads\/2025\/10\/251024_aaqday2025_Program_DE.pdf\" target=\"_self\" class=\"button prettyPhoto  pink medium simple rounded alignleft\" rel=\"slides[buttonlightbox]\"> Programm herunterladen (PDF) <\/a><div class=\"clearfix\"><\/div>[vc_column_text el_class=\"intro\"]&nbsp;<\/p>\n<p><em>The Shape of Things to Come<\/em>, geschrieben 1933 vom britischen Autor H.G. Wells, ist ein grundlegender Roman des Science-Fiction-Genres. Die behandelten Themen und Geschichten antizipieren auf erstaunliche Weise die epochalen Ver\u00e4nderungen, die die Welt in den folgenden Jahrzehnten pr\u00e4gen sollten.<\/p>\n<p>In Anlehnung an die Vorstellungskraft der Science-Fiction, die zuk\u00fcnftige Szenarien entwirft, schl\u00e4gt der AAQ Day 2025 ein spekulatives Experiment vor, das von einer Projektion in die Zukunft ausgeht, um das Verst\u00e4ndnis der Gegenwart zu sch\u00e4rfen.<\/p>\n<p>Die Konferenz beginnt mit einer zentralen Frage: <strong>Wie wird die Zukunft der Qualit\u00e4tssicherung im Hochschulbereich in den kommenden Jahrzehnten aussehen? Und vor allem, wird sie \u00fcberhaupt noch ben\u00f6tigt?<\/strong> Oder wird sie als veraltetes Paradigma verschwinden, das durch neue soziale, technologische und wirtschaftliche Strukturen ersetzt werden wird?<\/p>\n<p>Ausgehend von dieser Frage l\u00e4dt der AAQ Day 2025 die Referenten dazu ein, die grundlegenden Themen zu skizzieren, die f\u00fcr die Qualit\u00e4tssicherung der Zukunft (und der Gegenwart) relevant erscheinen.<\/p>\n<p>Klimawandel, K\u00fcnstliche Intelligenz, europ\u00e4ische und globale Entwicklungen, neue Formen des Lehrens und Lernens, wissenschaftliche Integrit\u00e4t \u2013 die Hochschulwelt steht vor grossen Chancen und Herausforderungen. Welchen Stellenwert wird die Qualit\u00e4tssicherung in den kommenden Jahren einnehmen? Welche Rolle kann sie spielen, um Hochschulen durch die radikalen Ver\u00e4nderungen zu begleiten?[\/vc_column_text][\/vc_column][vc_column][\/vc_column][vc_column][\/vc_column][vc_column][\/vc_column][\/vc_row][vc_row disable_element=\"yes\" css=\".vc_custom_1730199768881{margin-bottom: 0px !important;border-top-width: 0px !important;border-bottom-width: 1px !important;padding-top: 65px !important;padding-bottom: 40px !important;background-color: #f7f8fa !important;border-top-color: #ed1f24 !important;border-bottom-color: #ed1f24 !important;}\" font_color=\"#eaeded\" el_class=\"hide\"][vc_column][vc_row_inner][vc_column_inner width=\"1\/3\"]<a href=\"https:\/\/aaq.ch\/wp\/wp-content\/uploads\/2024\/10\/AAQ-Day-2025.ics\" target=\"_self\" class=\"button  pink medium simple rounded alignleft\" > Ajouter au calendrier <i class=\"fa fa-calendar fa-right\"><\/i><\/a><div class=\"clearfix\"><\/div>[\/vc_column_inner][vc_column_inner width=\"1\/3\"][\/vc_column_inner][vc_column_inner width=\"1\/3\"][\/vc_column_inner][\/vc_row_inner][\/vc_column][\/vc_row]\n<\/div>","protected":false},"excerpt":{"rendered":"<p>[vc_row gap=&#8221;30&#8243; equal_height=&#8221;yes&#8221; content_placement=&#8221;top&#8221; css=&#8221;.vc_custom_1729063496471{margin-bottom: 0px !important;padding-top: 50px !important;padding-bottom: 60px !important;}&#8221; row_section_id=&#8221;home&#8221;][vc_column width=&#8221;1\/2&#8243;][vc_single_image image=&#8221;17046&#8243; img_size=&#8221;full&#8221;][\/vc_column][vc_column width=&#8221;1\/2&#8243;][vc_column_text el_class=&#8221;intro&#8221;]&nbsp;<\/p>\n<p>The Shape of Things to Come, geschrieben 1933 vom britischen Autor H.G. Wells, ist<\/p>\n","protected":false},"author":391,"featured_media":0,"parent":0,"menu_order":0,"comment_status":"closed","ping_status":"closed","template":"page-fullwidth.php","meta":{"footnotes":""},"_links":{"self":[{"href":"https:\/\/aaq.ch\/en\/wp-json\/wp\/v2\/pages\/16482"}],"collection":[{"href":"https:\/\/aaq.ch\/en\/wp-json\/wp\/v2\/pages"}],"about":[{"href":"https:\/\/aaq.ch\/en\/wp-json\/wp\/v2\/types\/page"}],"author":[{"embeddable":true,"href":"https:\/\/aaq.ch\/en\/wp-json\/wp\/v2\/users\/391"}],"replies":[{"embeddable":true,"href":"https:\/\/aaq.ch\/en\/wp-json\/wp\/v2\/comments?post=16482"}],"version-history":[{"count":45,"href":"https:\/\/aaq.ch\/en\/wp-json\/wp\/v2\/pages\/16482\/revisions"}],"predecessor-version":[{"id":17309,"href":"https:\/\/aaq.ch\/en\/wp-json\/wp\/v2\/pages\/16482\/revisions\/17309"}],"wp:attachment":[{"href":"https:\/\/aaq.ch\/en\/wp-json\/wp\/v2\/media?parent=16482"}],"curies":[{"name":"wp","href":"https:\/\/api.w.org\/{rel}","templated":true}]}}